{"id":1140,"date":"2023-10-10T14:43:00","date_gmt":"2023-10-10T17:43:00","guid":{"rendered":"http:\/\/net.mincarone.com.br\/produto\/correia-thermo-king-compressor-md300-kd2-md2-bkd-780936\/"},"modified":"2026-04-02T17:45:44","modified_gmt":"2026-04-02T20:45:44","slug":"correia-thermo-king-compressor-md300-kd2-md2-bkd-780936","status":"publish","type":"product","link":"https:\/\/mincarone.net\/pt\/produto\/correia-thermo-king-compressor-md300-kd2-md2-bkd-780936\/","title":{"rendered":"CORREIA THERMO KING COMPRESSOR MD300 KD2 MD2 BKD 780936"},"content":{"rendered":"<p>CORREIA THERMO KING ORIGINAL COMPRESSOR<\/p>\n<p>MARCA: THERMO KING<br \/>\nREFER\u00caNCIA THERMO KING: 78093678-936<br \/>\nAPLICA\u00c7\u00c3O: COMOPRESSOR DOS EQUIPAMENTOS MODELOS MD200, MD200, MD300, MD II, KD II E BKD<\/p>\n<p>CONSULTE KIT COMPLETO DE CORREIAS 2982SP<\/p>\n<p>MINCARONE, RUIZ E CIA. LTDA. DESDE 1985 ATENDENDO O MERCADO DO TRANSPORTE REFRIGERADO.<br \/>\nDEALER AUTORIZADO THERMO KING.<\/p>","protected":false},"excerpt":{"rendered":"<p>CORREIA THERMO KING ORIGINAL COMPRESSOR MARCA: THERMO KING REFER\u00caNCIA THERMO KING: 78093678-936 APLICA\u00c7\u00c3O: COMOPRESSOR DOS EQUIPAMENTOS MODELOS MD200, MD200, MD300, [&hellip;]<\/p>","protected":false},"featured_media":1711,"comment_status":"closed","ping_status":"closed","template":"","meta":{"_acf_changed":false,"site-sidebar-layout":"default","site-content-layout":"default","ast-site-content-layout":"default","site-content-style":"default","site-sidebar-style":"default","ast-global-header-display":"","ast-banner-title-visibility":"","ast-main-header-display":"","ast-hfb-above-header-display":"","ast-hfb-below-header-display":"","ast-hfb-mobile-header-display":"","site-post-title":"","ast-breadcrumbs-content":"","ast-featured-img":"","footer-sml-layout":"","ast-disable-related-posts":"","theme-transparent-header-meta":"default","adv-header-id-meta":"","stick-header-meta":"default","header-above-stick-meta":"","header-main-stick-meta":"","header-below-stick-meta":"","astra-migrate-meta-layouts":"set","ast-page-background-enabled":"default","ast-page-background-meta":{"desktop":{"background-color":"var(--ast-global-color-5)","background-image":"","background-repeat":"repeat","background-position":"center center","background-size":"auto","background-attachment":"scroll","background-type":"","background-media":"","overlay-type":"","overlay-color":"","overlay-opacity":"","overlay-gradient":""},"tablet":{"background-color":"","background-image":"","background-repeat":"repeat","background-position":"center center","background-size":"auto","background-attachment":"scroll","background-type":"","background-media":"","overlay-type":"","overlay-color":"","overlay-opacity":"","overlay-gradient":""},"mobile":{"background-color":"","background-image":"","background-repeat":"repeat","background-position":"center center","background-size":"auto","background-attachment":"scroll","background-type":"","background-media":"","overlay-type":"","overlay-color":"","overlay-opacity":"","overlay-gradient":""}},"ast-content-background-meta":{"desktop":{"background-color":"var(--ast-global-color-4)","background-image":"","background-repeat":"repeat","background-position":"center center","background-size":"auto","background-attachment":"scroll","background-type":"","background-media":"","overlay-type":"","overlay-color":"","overlay-opacity":"","overlay-gradient":""},"tablet":{"background-color":"var(--ast-global-color-4)","background-image":"","background-repeat":"repeat","background-position":"center center","background-size":"auto","background-attachment":"scroll","background-type":"","background-media":"","overlay-type":"","overlay-color":"","overlay-opacity":"","overlay-gradient":""},"mobile":{"background-color":"var(--ast-global-color-4)","background-image":"","background-repeat":"repeat","background-position":"center center","background-size":"auto","background-attachment":"scroll","background-type":"","background-media":"","overlay-type":"","overlay-color":"","overlay-opacity":"","overlay-gradient":""}},"_joinchat":[]},"product_brand":[],"product_cat":[60],"product_tag":[],"class_list":{"0":"post-1140","1":"product","2":"type-product","3":"status-publish","4":"has-post-thumbnail","6":"product_cat-correias","7":"desktop-align-left","8":"tablet-align-left","9":"mobile-align-left","11":"first","12":"instock","13":"shipping-taxable","14":"purchasable","15":"product-type-simple"},"acf":{"titulo_ingles":"BELT - COMPRESSOR THERMO KING BKD KD2 MD2 MD300 780936 78-936","descricao_ingles":"THERMO KING ORIGINAL COMPRESSOR BELT\r\n\t\r\nBRAND: THERMO KING\r\nPART NUMBER: 780936  78-936\t\r\nAPPLICATION: COMPRESSOR OF THE FOLLOWING EQUIPMENT MODELS: MD100, MD200, MD300, MD-2, KD-2, BKD\t\r\n\t\r\n\r\nMINCARONE RUIZ E CIA. LTDA. SINCE 1985 SERVING THE REFRIGERATED TRANSPORT MARKET\r\n\t\t\r\nTHERMO KING DEALER\r\n","titulo_espanhol":"CORREA - COMPRESOR THERMO KING BKD KD2 MD2 MD300 780936 78-936","descricao_espanhol":"CORREA COMPRESOR ORIGINAL THERMO KING\r\n\r\nMARCA: THERMO KING\r\nN\u00daMERO DE REPUESTO: 780936 78-936\r\nAPLICACI\u00d3N: COMPRESOR DE LOS SIGUIENTES MODELOS DE EQUIPOS: MD100, MD200, MD300, MD-2, KD-2, BKD\t\r\n\r\nMINCARONE RUIZ E CIA. LTDA. DESDE 1985 AL SERVICIO DEL MERCADO DEL TRANSPORTE REFRIGERADO\r\n\t\r\nCONCESIONARIO THERMO KING\r\n"},"_links":{"self":[{"href":"https:\/\/mincarone.net\/pt\/wp-json\/wp\/v2\/product\/1140","targetHints":{"allow":["GET"]}}],"collection":[{"href":"https:\/\/mincarone.net\/pt\/wp-json\/wp\/v2\/product"}],"about":[{"href":"https:\/\/mincarone.net\/pt\/wp-json\/wp\/v2\/types\/product"}],"replies":[{"embeddable":true,"href":"https:\/\/mincarone.net\/pt\/wp-json\/wp\/v2\/comments?post=1140"}],"wp:featuredmedia":[{"embeddable":true,"href":"https:\/\/mincarone.net\/pt\/wp-json\/wp\/v2\/media\/1711"}],"wp:attachment":[{"href":"https:\/\/mincarone.net\/pt\/wp-json\/wp\/v2\/media?parent=1140"}],"wp:term":[{"taxonomy":"product_brand","embeddable":true,"href":"https:\/\/mincarone.net\/pt\/wp-json\/wp\/v2\/product_brand?post=1140"},{"taxonomy":"product_cat","embeddable":true,"href":"https:\/\/mincarone.net\/pt\/wp-json\/wp\/v2\/product_cat?post=1140"},{"taxonomy":"product_tag","embeddable":true,"href":"https:\/\/mincarone.net\/pt\/wp-json\/wp\/v2\/product_tag?post=1140"}],"curies":[{"name":"wp","href":"https:\/\/api.w.org\/{rel}","templated":true}]}}