{"id":1160,"date":"2023-10-10T14:43:02","date_gmt":"2023-10-10T17:43:02","guid":{"rendered":"http:\/\/net.mincarone.com.br\/produto\/filtro-combustivel-separador-agua-thermo-king-super-2-sb3\/"},"modified":"2026-04-02T17:45:50","modified_gmt":"2026-04-02T20:45:50","slug":"filtro-combust-vel-separador-gua-thermo-king-117264-11-7264-super-2-sb3","status":"publish","type":"product","link":"https:\/\/mincarone.net\/pt\/produto\/filtro-combust-vel-separador-gua-thermo-king-117264-11-7264-super-2-sb3\/","title":{"rendered":"FILTRO COMBUST\u00cdVEL SEPARADOR \u00c1GUA THERMO KING 117264 11-7264 SUPER-2 SB3"},"content":{"rendered":"<p>FILTRO DE COMBUST\u00cdVEL THERMO KING ORIGINAL<\/p>\n<p>MARCA: THERMO KING<br \/>\nREFERENCIA THERMO KING: 117264 11-7264 ERA 127264 12-7264<br \/>\nAPLICA\u00c7\u00c3O DO FILTRO DE COMBUST\u00cdVEL SEPARADOR DE \u00c1GUA: SUPER II, SBIII, SBIII WHISPER, SENTRY, TK6000<\/p>\n<p>MINCARONE, RUIZ E CIA. LTDA. DESDE 1985 ATENDENDO O MERCADO DO TRANSPORTE REFRIGERADO.<br \/>\nDISTRIBUIDOR DEALER THERMO KING.<\/p>","protected":false},"excerpt":{"rendered":"<p>FILTRO DE COMBUST\u00cdVEL THERMO KING ORIGINAL MARCA: THERMO KING REFERENCIA THERMO KING: 117264 11-7264 ERA 127264 12-7264 APLICA\u00c7\u00c3O DO FILTRO [&hellip;]<\/p>","protected":false},"featured_media":3116,"comment_status":"closed","ping_status":"closed","template":"","meta":{"_acf_changed":false,"site-sidebar-layout":"default","site-content-layout":"default","ast-site-content-layout":"default","site-content-style":"default","site-sidebar-style":"default","ast-global-header-display":"","ast-banner-title-visibility":"","ast-main-header-display":"","ast-hfb-above-header-display":"","ast-hfb-below-header-display":"","ast-hfb-mobile-header-display":"","site-post-title":"","ast-breadcrumbs-content":"","ast-featured-img":"","footer-sml-layout":"","ast-disable-related-posts":"","theme-transparent-header-meta":"default","adv-header-id-meta":"","stick-header-meta":"default","header-above-stick-meta":"","header-main-stick-meta":"","header-below-stick-meta":"","astra-migrate-meta-layouts":"set","ast-page-background-enabled":"default","ast-page-background-meta":{"desktop":{"background-color":"var(--ast-global-color-5)","background-image":"","background-repeat":"repeat","background-position":"center center","background-size":"auto","background-attachment":"scroll","background-type":"","background-media":"","overlay-type":"","overlay-color":"","overlay-opacity":"","overlay-gradient":""},"tablet":{"background-color":"","background-image":"","background-repeat":"repeat","background-position":"center center","background-size":"auto","background-attachment":"scroll","background-type":"","background-media":"","overlay-type":"","overlay-color":"","overlay-opacity":"","overlay-gradient":""},"mobile":{"background-color":"","background-image":"","background-repeat":"repeat","background-position":"center center","background-size":"auto","background-attachment":"scroll","background-type":"","background-media":"","overlay-type":"","overlay-color":"","overlay-opacity":"","overlay-gradient":""}},"ast-content-background-meta":{"desktop":{"background-color":"var(--ast-global-color-4)","background-image":"","background-repeat":"repeat","background-position":"center center","background-size":"auto","background-attachment":"scroll","background-type":"","background-media":"","overlay-type":"","overlay-color":"","overlay-opacity":"","overlay-gradient":""},"tablet":{"background-color":"var(--ast-global-color-4)","background-image":"","background-repeat":"repeat","background-position":"center center","background-size":"auto","background-attachment":"scroll","background-type":"","background-media":"","overlay-type":"","overlay-color":"","overlay-opacity":"","overlay-gradient":""},"mobile":{"background-color":"var(--ast-global-color-4)","background-image":"","background-repeat":"repeat","background-position":"center center","background-size":"auto","background-attachment":"scroll","background-type":"","background-media":"","overlay-type":"","overlay-color":"","overlay-opacity":"","overlay-gradient":""}},"_joinchat":[]},"product_brand":[],"product_cat":[24],"product_tag":[],"class_list":{"0":"post-1160","1":"product","2":"type-product","3":"status-publish","4":"has-post-thumbnail","6":"product_cat-filtros","7":"desktop-align-left","8":"tablet-align-left","9":"mobile-align-left","11":"first","12":"instock","13":"shipping-taxable","14":"purchasable","15":"product-type-simple"},"acf":{"titulo_ingles":"FILTER - FUEL SEPARATOR THERMO KING 11-7264 117264 SUPER-2 SB3","descricao_ingles":"FUEL SEPARATOR FILTER THERMO KING\r\n\r\nBRAND: THERMO KING\r\nPART NUMBER: 117264 11-7264 WAS 127264 12-7264\r\nAPPLICATION: SUPER II, SBIII, SBIII WHISPER, SENTRY, TK6000\r\n\r\nMINCARONE RUIZ E CIA. LTDA. SINCE 1985 SERVING THE REFRIGERATED TRANSPORT MARKET\r\n\t\t\r\nTHERMO KING DEALER\r\n","titulo_espanhol":"SEPARADOR DE FILTRO DE COMBUSTIBLE AGUA THEMO KING SUPER 2 SB3","descricao_espanhol":"FILTRO SEPARADOR DE COMBUSTIBLE THERMO KING\r\n\r\nMARCA: THERMO KING\r\nN\u00daMERO DE REPUESTO: 117264 11-7264 ERA 127264 12-7264\r\nAPLICACI\u00d3N: SUPER II, SBIII, SBIII WHISPER, SENTRY, TK6000\r\n\r\nMINCARONE RUIZ E CIA. LTDA. DESDE 1985 AL SERVICIO DEL MERCADO DEL TRANSPORTE REFRIGERADO\r\n\t\r\nCONCESIONARIO THERMO KING\r\n"},"_links":{"self":[{"href":"https:\/\/mincarone.net\/pt\/wp-json\/wp\/v2\/product\/1160","targetHints":{"allow":["GET"]}}],"collection":[{"href":"https:\/\/mincarone.net\/pt\/wp-json\/wp\/v2\/product"}],"about":[{"href":"https:\/\/mincarone.net\/pt\/wp-json\/wp\/v2\/types\/product"}],"replies":[{"embeddable":true,"href":"https:\/\/mincarone.net\/pt\/wp-json\/wp\/v2\/comments?post=1160"}],"wp:featuredmedia":[{"embeddable":true,"href":"https:\/\/mincarone.net\/pt\/wp-json\/wp\/v2\/media\/3116"}],"wp:attachment":[{"href":"https:\/\/mincarone.net\/pt\/wp-json\/wp\/v2\/media?parent=1160"}],"wp:term":[{"taxonomy":"product_brand","embeddable":true,"href":"https:\/\/mincarone.net\/pt\/wp-json\/wp\/v2\/product_brand?post=1160"},{"taxonomy":"product_cat","embeddable":true,"href":"https:\/\/mincarone.net\/pt\/wp-json\/wp\/v2\/product_cat?post=1160"},{"taxonomy":"product_tag","embeddable":true,"href":"https:\/\/mincarone.net\/pt\/wp-json\/wp\/v2\/product_tag?post=1160"}],"curies":[{"name":"wp","href":"https:\/\/api.w.org\/{rel}","templated":true}]}}