{"id":1169,"date":"2023-10-10T14:43:03","date_gmt":"2023-10-10T17:43:03","guid":{"rendered":"http:\/\/net.mincarone.com.br\/produto\/gaiola-conexao-speed-clip-12-tk2000-thermo-king-559414\/"},"modified":"2026-04-02T17:45:43","modified_gmt":"2026-04-02T20:45:43","slug":"gaiola-conex-o-speed-clip-12-tk2000-thermo-king-559414-55-9414","status":"publish","type":"product","link":"https:\/\/mincarone.net\/pt\/produto\/gaiola-conex-o-speed-clip-12-tk2000-thermo-king-559414-55-9414\/","title":{"rendered":"GAIOLA CONEX\u00c3O SPEED CLIP #12 TK2000 THERMO KING 559414 55-9414"},"content":{"rendered":"<p>GAIOLA CONEX\u00c3O SPEED CLIP #12 MANGUEIRA TK2000<\/p>\n<p>MARCA: THERMO KING<br \/>\nREFER\u00caNCIA THERMO KING: 559414 55-9414<br \/>\nAPLICA\u00c7\u00c3O: CB, LRT, MRT, V90, V100, V200, V250, V300, V400, V500, V600, V800, VM305, VM400<\/p>\n<p>MINCARONE, RUIZ E CIA. LTDA. DESDE 1985 ATENDENDO O MERCADO DO TRANSPORTE REFRIGERADO<br \/>\nAUTORIZADO THERMO KING<\/p>","protected":false},"excerpt":{"rendered":"<p>GAIOLA CONEX\u00c3O SPEED CLIP #12 MANGUEIRA TK2000 MARCA: THERMO KING REFER\u00caNCIA THERMO KING: 559414 55-9414 APLICA\u00c7\u00c3O: CB, LRT, MRT, V90, [&hellip;]<\/p>","protected":false},"featured_media":1950,"comment_status":"closed","ping_status":"closed","template":"","meta":{"_acf_changed":false,"site-sidebar-layout":"default","site-content-layout":"default","ast-site-content-layout":"default","site-content-style":"default","site-sidebar-style":"default","ast-global-header-display":"","ast-banner-title-visibility":"","ast-main-header-display":"","ast-hfb-above-header-display":"","ast-hfb-below-header-display":"","ast-hfb-mobile-header-display":"","site-post-title":"","ast-breadcrumbs-content":"","ast-featured-img":"","footer-sml-layout":"","ast-disable-related-posts":"","theme-transparent-header-meta":"default","adv-header-id-meta":"","stick-header-meta":"default","header-above-stick-meta":"","header-main-stick-meta":"","header-below-stick-meta":"","astra-migrate-meta-layouts":"set","ast-page-background-enabled":"default","ast-page-background-meta":{"desktop":{"background-color":"var(--ast-global-color-5)","background-image":"","background-repeat":"repeat","background-position":"center center","background-size":"auto","background-attachment":"scroll","background-type":"","background-media":"","overlay-type":"","overlay-color":"","overlay-opacity":"","overlay-gradient":""},"tablet":{"background-color":"","background-image":"","background-repeat":"repeat","background-position":"center center","background-size":"auto","background-attachment":"scroll","background-type":"","background-media":"","overlay-type":"","overlay-color":"","overlay-opacity":"","overlay-gradient":""},"mobile":{"background-color":"","background-image":"","background-repeat":"repeat","background-position":"center center","background-size":"auto","background-attachment":"scroll","background-type":"","background-media":"","overlay-type":"","overlay-color":"","overlay-opacity":"","overlay-gradient":""}},"ast-content-background-meta":{"desktop":{"background-color":"var(--ast-global-color-4)","background-image":"","background-repeat":"repeat","background-position":"center center","background-size":"auto","background-attachment":"scroll","background-type":"","background-media":"","overlay-type":"","overlay-color":"","overlay-opacity":"","overlay-gradient":""},"tablet":{"background-color":"var(--ast-global-color-4)","background-image":"","background-repeat":"repeat","background-position":"center center","background-size":"auto","background-attachment":"scroll","background-type":"","background-media":"","overlay-type":"","overlay-color":"","overlay-opacity":"","overlay-gradient":""},"mobile":{"background-color":"var(--ast-global-color-4)","background-image":"","background-repeat":"repeat","background-position":"center center","background-size":"auto","background-attachment":"scroll","background-type":"","background-media":"","overlay-type":"","overlay-color":"","overlay-opacity":"","overlay-gradient":""}},"_joinchat":[]},"product_brand":[],"product_cat":[63],"product_tag":[],"class_list":{"0":"post-1169","1":"product","2":"type-product","3":"status-publish","4":"has-post-thumbnail","6":"product_cat-conexoes","7":"desktop-align-left","8":"tablet-align-left","9":"mobile-align-left","11":"first","12":"instock","13":"shipping-taxable","14":"purchasable","15":"product-type-simple"},"acf":{"titulo_ingles":"CAGE #12 - SPEED CLIP HOSE TK2000 THERMO KING 559414 55-9414","descricao_ingles":"TK2000 THERMO KING HOSE CAGE #12\r\n\t\r\nBRAND: THERMO KING\t\t\t\t\t\t\t\r\nPART NUMBER: 559414 55-9414\t\r\nAPPLICATION: CB, LRT, MRT, V90, V100, V200, V250, V300, V400, V500, V600, V800, VM305, VM400\r\n\t\t\t\t\r\nMINCARONE RUIZ E CIA. LTDA. SINCE 1985 SERVING THE REFRIGERATED TRANSPORT MARKET\r\n\t\t\r\nTHERMO KING DEALER\r\n","titulo_espanhol":"JAULA #12 - CONEXION SPEED CLIP TK2000 THERMO KING 559414 55-9414","descricao_espanhol":"JAULA PARA MANGUERA THERMO KING #12 TK2000\r\n\r\nMARCA: THERMO KING\r\nN\u00daMERO DE PIEZA: 559414 55-9414\r\nAPLICACI\u00d3N: CB, LRT, MRT, V90, V100, V200, V250, V300, V400, V500, V600, V800, VM305, VM400\r\n\r\nMINCARONE RUIZ E CIA. LTDA. DESDE 1985 AL SERVICIO DEL MERCADO DEL TRANSPORTE REFRIGERADO\r\n\t\r\nCONCESIONARIO THERMO KING\r\n"},"_links":{"self":[{"href":"https:\/\/mincarone.net\/pt\/wp-json\/wp\/v2\/product\/1169","targetHints":{"allow":["GET"]}}],"collection":[{"href":"https:\/\/mincarone.net\/pt\/wp-json\/wp\/v2\/product"}],"about":[{"href":"https:\/\/mincarone.net\/pt\/wp-json\/wp\/v2\/types\/product"}],"replies":[{"embeddable":true,"href":"https:\/\/mincarone.net\/pt\/wp-json\/wp\/v2\/comments?post=1169"}],"wp:featuredmedia":[{"embeddable":true,"href":"https:\/\/mincarone.net\/pt\/wp-json\/wp\/v2\/media\/1950"}],"wp:attachment":[{"href":"https:\/\/mincarone.net\/pt\/wp-json\/wp\/v2\/media?parent=1169"}],"wp:term":[{"taxonomy":"product_brand","embeddable":true,"href":"https:\/\/mincarone.net\/pt\/wp-json\/wp\/v2\/product_brand?post=1169"},{"taxonomy":"product_cat","embeddable":true,"href":"https:\/\/mincarone.net\/pt\/wp-json\/wp\/v2\/product_cat?post=1169"},{"taxonomy":"product_tag","embeddable":true,"href":"https:\/\/mincarone.net\/pt\/wp-json\/wp\/v2\/product_tag?post=1169"}],"curies":[{"name":"wp","href":"https:\/\/api.w.org\/{rel}","templated":true}]}}