{"id":1173,"date":"2023-10-10T14:43:04","date_gmt":"2023-10-10T17:43:04","guid":{"rendered":"http:\/\/net.mincarone.com.br\/produto\/interruptor-klixon-de-degelo-thermo-king-v200-300-500\/"},"modified":"2026-04-07T17:51:08","modified_gmt":"2026-04-07T20:51:08","slug":"interruptor-klixon-de-degelo-thermo-king-413136-41-3136-v200-v300-v500","status":"publish","type":"product","link":"https:\/\/mincarone.net\/pt\/produto\/interruptor-klixon-de-degelo-thermo-king-413136-41-3136-v200-v300-v500\/","title":{"rendered":"INTERRUPTOR KLIXON DE DEGELO THERMO KING 413136 41-3136 V200 V300 V500"},"content":{"rendered":"<p>INTERRUPTOR T\u00c9RMICO DE DEGELO KLIXON | THERMO KING ORIGINAL<\/p>\n<p>MARCA: THERMO KING<br \/>\nREFERENCIA THERMO KING: 413136 ERA 411700<br \/>\nAPLICA\u00c7\u00c3O DO INTERRUPTOR T\u00c9RMICO DE DEGELO: MODELOS V100 V200 V300 V400 V500 V600 V700 B060 C250 C350 C450 E OUTROS<\/p>\n<p>MINCARONE, RUIZ E CIA. LTDA. DESDE 1985 ATENDENDO O MERCADO DO TRANSPORTE REFRIGERADO<br \/>\nDISTRIBUIDOR DEALER THERMO KING<\/p>","protected":false},"excerpt":{"rendered":"<p>INTERRUPTOR T\u00c9RMICO DE DEGELO KLIXON | THERMO KING ORIGINAL MARCA: THERMO KING REFERENCIA THERMO KING: 413136 ERA 411700 APLICA\u00c7\u00c3O DO [&hellip;]<\/p>","protected":false},"featured_media":1973,"comment_status":"closed","ping_status":"closed","template":"","meta":{"_acf_changed":false,"site-sidebar-layout":"default","site-content-layout":"default","ast-site-content-layout":"default","site-content-style":"default","site-sidebar-style":"default","ast-global-header-display":"","ast-banner-title-visibility":"","ast-main-header-display":"","ast-hfb-above-header-display":"","ast-hfb-below-header-display":"","ast-hfb-mobile-header-display":"","site-post-title":"","ast-breadcrumbs-content":"","ast-featured-img":"","footer-sml-layout":"","ast-disable-related-posts":"","theme-transparent-header-meta":"default","adv-header-id-meta":"","stick-header-meta":"default","header-above-stick-meta":"","header-main-stick-meta":"","header-below-stick-meta":"","astra-migrate-meta-layouts":"set","ast-page-background-enabled":"default","ast-page-background-meta":{"desktop":{"background-color":"var(--ast-global-color-5)","background-image":"","background-repeat":"repeat","background-position":"center center","background-size":"auto","background-attachment":"scroll","background-type":"","background-media":"","overlay-type":"","overlay-color":"","overlay-opacity":"","overlay-gradient":""},"tablet":{"background-color":"","background-image":"","background-repeat":"repeat","background-position":"center center","background-size":"auto","background-attachment":"scroll","background-type":"","background-media":"","overlay-type":"","overlay-color":"","overlay-opacity":"","overlay-gradient":""},"mobile":{"background-color":"","background-image":"","background-repeat":"repeat","background-position":"center center","background-size":"auto","background-attachment":"scroll","background-type":"","background-media":"","overlay-type":"","overlay-color":"","overlay-opacity":"","overlay-gradient":""}},"ast-content-background-meta":{"desktop":{"background-color":"var(--ast-global-color-4)","background-image":"","background-repeat":"repeat","background-position":"center center","background-size":"auto","background-attachment":"scroll","background-type":"","background-media":"","overlay-type":"","overlay-color":"","overlay-opacity":"","overlay-gradient":""},"tablet":{"background-color":"var(--ast-global-color-4)","background-image":"","background-repeat":"repeat","background-position":"center center","background-size":"auto","background-attachment":"scroll","background-type":"","background-media":"","overlay-type":"","overlay-color":"","overlay-opacity":"","overlay-gradient":""},"mobile":{"background-color":"var(--ast-global-color-4)","background-image":"","background-repeat":"repeat","background-position":"center center","background-size":"auto","background-attachment":"scroll","background-type":"","background-media":"","overlay-type":"","overlay-color":"","overlay-opacity":"","overlay-gradient":""}},"_joinchat":[]},"product_brand":[],"product_cat":[74],"product_tag":[],"class_list":{"0":"post-1173","1":"product","2":"type-product","3":"status-publish","4":"has-post-thumbnail","6":"product_cat-interruptores","7":"desktop-align-left","8":"tablet-align-left","9":"mobile-align-left","11":"first","12":"instock","13":"featured","14":"shipping-taxable","15":"purchasable","16":"product-type-simple"},"acf":{"titulo_ingles":"SWITCH - DEFROST TERMINATION KLIXON THERMO KING 413136 41-3136 V200 V300 V500","descricao_ingles":"ORIGINAL THERMO KING - KLIXON SWITCH - DEFROST TERMINATION\r\n\t\t\t\t\r\nBRAND: THERMO KING\t\t\t\t\r\nPART NUMBER: 413136 41-3136 (IT WAS 411700 41-1700)\t\r\nAPPLICATION: V100, V200, V300, V400, V500, V600, V700, B060, C250, C350, C450 AND OTHERS\t\t\t\t\r\n\t\r\nMINCARONE RUIZ E CIA. LTDA. SINCE 1985 SERVING THE REFRIGERATED TRANSPORT MARKET\r\n\t\t\r\nTHERMO KING DEALER\r\n","titulo_espanhol":"INTERRUPTOR - TERMINACI\u00d3N DESCARCHE DESCONGELACI\u00d3N KLIXON THERMO KING 413136 41-3136 V200 V300 V500","descricao_espanhol":"ORIGINAL THERMO KING - INTERRUPTOR KLIXON - TERMINACI\u00d3N DEL DESCONGELAMENTO\r\n\r\nMARCA: THERMO KING\r\nN\u00daMERO DE PIEZA: 413136 41-3136 (ERA 411700 41-1700)\r\nAPLICACI\u00d3N: V100, V200, V300, V400, V500, V600, V700, B060, C250, C350, C450 Y OTROS\r\n\r\nMINCARONE RUIZ E CIA. LTDA. DESDE 1985 AL SERVICIO DEL MERCADO DEL TRANSPORTE REFRIGERADO\r\n\t\r\nCONCESIONARIO THERMO KING\r\n"},"_links":{"self":[{"href":"https:\/\/mincarone.net\/pt\/wp-json\/wp\/v2\/product\/1173","targetHints":{"allow":["GET"]}}],"collection":[{"href":"https:\/\/mincarone.net\/pt\/wp-json\/wp\/v2\/product"}],"about":[{"href":"https:\/\/mincarone.net\/pt\/wp-json\/wp\/v2\/types\/product"}],"replies":[{"embeddable":true,"href":"https:\/\/mincarone.net\/pt\/wp-json\/wp\/v2\/comments?post=1173"}],"wp:featuredmedia":[{"embeddable":true,"href":"https:\/\/mincarone.net\/pt\/wp-json\/wp\/v2\/media\/1973"}],"wp:attachment":[{"href":"https:\/\/mincarone.net\/pt\/wp-json\/wp\/v2\/media?parent=1173"}],"wp:term":[{"taxonomy":"product_brand","embeddable":true,"href":"https:\/\/mincarone.net\/pt\/wp-json\/wp\/v2\/product_brand?post=1173"},{"taxonomy":"product_cat","embeddable":true,"href":"https:\/\/mincarone.net\/pt\/wp-json\/wp\/v2\/product_cat?post=1173"},{"taxonomy":"product_tag","embeddable":true,"href":"https:\/\/mincarone.net\/pt\/wp-json\/wp\/v2\/product_tag?post=1173"}],"curies":[{"name":"wp","href":"https:\/\/api.w.org\/{rel}","templated":true}]}}