{"id":1191,"date":"2023-10-10T14:43:06","date_gmt":"2023-10-10T17:43:06","guid":{"rendered":"http:\/\/net.mincarone.com.br\/produto\/junta-tampa-motor-thermo-king-tk370-334210-linha-md-linha-t\/"},"modified":"2026-04-07T09:35:07","modified_gmt":"2026-04-07T12:35:07","slug":"junta-tampa-motor-tk370-thermo-king-334210-33-4210-linha-md-linha-t","status":"publish","type":"product","link":"https:\/\/mincarone.net\/pt\/produto\/junta-tampa-motor-tk370-thermo-king-334210-33-4210-linha-md-linha-t\/","title":{"rendered":"JUNTA TAMPA MOTOR TK370 THERMO KING 334210 33-4210 LINHA MD LINHA T"},"content":{"rendered":"<div>JUNTA TAMPA MOTOR YANMAR TK370<\/div>\n<div><\/div>\n<div>MARCA: THERMO KING<\/div>\n<div>REFER\u00caNCIA THERMO KING: 334210 33-4210<\/div>\n<div>APLICA\u00c7\u00c3O THERMO KING: MD100, MD200, MD300, T600, T680, T690, T800, T880, T890<\/div>\n<div><\/div>\n<div>MINCARONE, RUIZ E CIA. LTDA. DESDE 1985 ATENDENDO O MERCADO DO TRANSPORTE REFRIGERADO<\/div>\n<div>DISTRIBUIDOR DEALER THERMO KING<\/div>","protected":false},"excerpt":{"rendered":"<p>JUNTA TAMPA MOTOR YANMAR TK370 MARCA: THERMO KING REFER\u00caNCIA THERMO KING: 334210 33-4210 APLICA\u00c7\u00c3O THERMO KING: MD100, MD200, MD300, T600, [&hellip;]<\/p>","protected":false},"featured_media":2193,"comment_status":"open","ping_status":"closed","template":"","meta":{"_acf_changed":false,"site-sidebar-layout":"default","site-content-layout":"default","ast-site-content-layout":"default","site-content-style":"default","site-sidebar-style":"default","ast-global-header-display":"","ast-banner-title-visibility":"","ast-main-header-display":"","ast-hfb-above-header-display":"","ast-hfb-below-header-display":"","ast-hfb-mobile-header-display":"","site-post-title":"","ast-breadcrumbs-content":"","ast-featured-img":"","footer-sml-layout":"","ast-disable-related-posts":"","theme-transparent-header-meta":"default","adv-header-id-meta":"","stick-header-meta":"default","header-above-stick-meta":"","header-main-stick-meta":"","header-below-stick-meta":"","astra-migrate-meta-layouts":"default","ast-page-background-enabled":"default","ast-page-background-meta":{"desktop":{"background-color":"var(--ast-global-color-5)","background-image":"","background-repeat":"repeat","background-position":"center center","background-size":"auto","background-attachment":"scroll","background-type":"","background-media":"","overlay-type":"","overlay-color":"","overlay-opacity":"","overlay-gradient":""},"tablet":{"background-color":"","background-image":"","background-repeat":"repeat","background-position":"center center","background-size":"auto","background-attachment":"scroll","background-type":"","background-media":"","overlay-type":"","overlay-color":"","overlay-opacity":"","overlay-gradient":""},"mobile":{"background-color":"","background-image":"","background-repeat":"repeat","background-position":"center center","background-size":"auto","background-attachment":"scroll","background-type":"","background-media":"","overlay-type":"","overlay-color":"","overlay-opacity":"","overlay-gradient":""}},"ast-content-background-meta":{"desktop":{"background-color":"var(--ast-global-color-4)","background-image":"","background-repeat":"repeat","background-position":"center center","background-size":"auto","background-attachment":"scroll","background-type":"","background-media":"","overlay-type":"","overlay-color":"","overlay-opacity":"","overlay-gradient":""},"tablet":{"background-color":"var(--ast-global-color-4)","background-image":"","background-repeat":"repeat","background-position":"center center","background-size":"auto","background-attachment":"scroll","background-type":"","background-media":"","overlay-type":"","overlay-color":"","overlay-opacity":"","overlay-gradient":""},"mobile":{"background-color":"var(--ast-global-color-4)","background-image":"","background-repeat":"repeat","background-position":"center center","background-size":"auto","background-attachment":"scroll","background-type":"","background-media":"","overlay-type":"","overlay-color":"","overlay-opacity":"","overlay-gradient":""}},"_joinchat":[]},"product_brand":[],"product_cat":[65],"product_tag":[],"class_list":{"0":"post-1191","1":"product","2":"type-product","3":"status-publish","4":"has-post-thumbnail","6":"product_cat-juntas","7":"desktop-align-left","8":"tablet-align-left","9":"mobile-align-left","11":"first","12":"instock","13":"shipping-taxable","14":"purchasable","15":"product-type-simple"},"acf":{"titulo_ingles":"GASKET -TK370 ENGINE COVER THERMO KING 334210 33-4210 T-SERIES AND MD-SERIES","descricao_ingles":"YANMAR TK370 ENGINE COVER\t\t\r\n\t\t\t\t\t\r\nBRAND: THERMO KING\t\t\t\r\nPART NUMBER: 334210 33-4210\t\t\r\nAPPLICATION: MD100, MD200, MD300, T600, T680, T690, T800, T880, T890\r\n\t\t\t\t\t\r\nMINCARONE RUIZ E CIA. LTDA. SINCE 1985 SERVING THE REFRIGERATED TRANSPORT MARKET\r\n\t\t\r\nTHERMO KING DEALER\r\n","titulo_espanhol":"JUNTA - TAPA DEL MOTOR TK370 THERMO KING 334210 33-4210 SERIE T Y SERIE MD","descricao_espanhol":"CUBIERTA DE MOTOR YANMAR TK370\r\n\r\nMARCA: THERMO KING\r\nN\u00daMERO DE REPUESTO: 334210 33-4210\r\nAPLICACI\u00d3N: MD100, MD200, MD300, T600, T680, T690, T800, T880, T890\r\n\t\r\n\r\nMINCARONE RUIZ E CIA. LTDA. DESDE 1985 AL SERVICIO DEL MERCADO DEL TRANSPORTE REFRIGERADO\r\n\t\r\nCONCESIONARIO THERMO KING\r\n"},"_links":{"self":[{"href":"https:\/\/mincarone.net\/pt\/wp-json\/wp\/v2\/product\/1191","targetHints":{"allow":["GET"]}}],"collection":[{"href":"https:\/\/mincarone.net\/pt\/wp-json\/wp\/v2\/product"}],"about":[{"href":"https:\/\/mincarone.net\/pt\/wp-json\/wp\/v2\/types\/product"}],"replies":[{"embeddable":true,"href":"https:\/\/mincarone.net\/pt\/wp-json\/wp\/v2\/comments?post=1191"}],"wp:featuredmedia":[{"embeddable":true,"href":"https:\/\/mincarone.net\/pt\/wp-json\/wp\/v2\/media\/2193"}],"wp:attachment":[{"href":"https:\/\/mincarone.net\/pt\/wp-json\/wp\/v2\/media?parent=1191"}],"wp:term":[{"taxonomy":"product_brand","embeddable":true,"href":"https:\/\/mincarone.net\/pt\/wp-json\/wp\/v2\/product_brand?post=1191"},{"taxonomy":"product_cat","embeddable":true,"href":"https:\/\/mincarone.net\/pt\/wp-json\/wp\/v2\/product_cat?post=1191"},{"taxonomy":"product_tag","embeddable":true,"href":"https:\/\/mincarone.net\/pt\/wp-json\/wp\/v2\/product_tag?post=1191"}],"curies":[{"name":"wp","href":"https:\/\/api.w.org\/{rel}","templated":true}]}}