{"id":12054,"date":"2024-09-05T20:44:04","date_gmt":"2024-09-05T23:44:04","guid":{"rendered":"http:\/\/net.mincarone.com.br\/produto\/braco-acionamento-solenoide-aceleracao-thermo-king-md2-kd2\/"},"modified":"2026-04-10T17:45:54","modified_gmt":"2026-04-10T20:45:54","slug":"bra-o-acionamento-solenoide-acelera-o-thermo-king-116294-11-6294-kd-2-md-2","status":"publish","type":"product","link":"https:\/\/mincarone.net\/pt\/produto\/bra-o-acionamento-solenoide-acelera-o-thermo-king-116294-11-6294-kd-2-md-2\/","title":{"rendered":"BRA\u00c7O ACIONAMENTO SOLENOIDE ACELERA\u00c7\u00c3O THERMO KING 116294 11-6294 KD-2 MD-2"},"content":{"rendered":"<div>BRA\u00c7O DE ACIONAMENTO DA SOLENOIDE DE ACELERA\u00c7\u00c3O<\/div>\n<div>HASTE EM 90 GRAUS<\/div>\n<div><\/div>\n<div>MARCA: THERMO KING<\/div>\n<div>REFER\u00caNCIA: 116294 (11-6294)<\/div>\n<div>MATERIAL: A\u00c7O<\/div>\n<div>MEDIDAS: 11CM\/5CM<\/div>\n<div>APLICA\u00c7\u00c3O: KDII, MDII<\/div>\n<div><\/div>\n<div>MINCARONE RUIZ E CIA. LTDA. DESDE 1985 ATENDENDO O MERCADO DO TRANSPORTE REFRIGERADO<\/div>\n<div><\/div>\n<div>DISTRIBUIDOR\/DEALER THERMO KING<\/div>","protected":false},"excerpt":{"rendered":"<p>BRA\u00c7O DE ACIONAMENTO DA SOLENOIDE DE ACELERA\u00c7\u00c3O HASTE EM 90 GRAUS MARCA: THERMO KING REFER\u00caNCIA: 116294 (11-6294) MATERIAL: A\u00c7O MEDIDAS: [&hellip;]<\/p>","protected":false},"featured_media":12580,"comment_status":"closed","ping_status":"closed","template":"","meta":{"_acf_changed":false,"site-sidebar-layout":"default","site-content-layout":"","ast-site-content-layout":"default","site-content-style":"default","site-sidebar-style":"default","ast-global-header-display":"","ast-banner-title-visibility":"","ast-main-header-display":"","ast-hfb-above-header-display":"","ast-hfb-below-header-display":"","ast-hfb-mobile-header-display":"","site-post-title":"","ast-breadcrumbs-content":"","ast-featured-img":"","footer-sml-layout":"","ast-disable-related-posts":"","theme-transparent-header-meta":"default","adv-header-id-meta":"","stick-header-meta":"default","header-above-stick-meta":"","header-main-stick-meta":"","header-below-stick-meta":"","astra-migrate-meta-layouts":"set","ast-page-background-enabled":"default","ast-page-background-meta":{"desktop":{"background-color":"var(--ast-global-color-5)","background-image":"","background-repeat":"repeat","background-position":"center center","background-size":"auto","background-attachment":"scroll","background-type":"","background-media":"","overlay-type":"","overlay-color":"","overlay-opacity":"","overlay-gradient":""},"tablet":{"background-color":"","background-image":"","background-repeat":"repeat","background-position":"center center","background-size":"auto","background-attachment":"scroll","background-type":"","background-media":"","overlay-type":"","overlay-color":"","overlay-opacity":"","overlay-gradient":""},"mobile":{"background-color":"","background-image":"","background-repeat":"repeat","background-position":"center center","background-size":"auto","background-attachment":"scroll","background-type":"","background-media":"","overlay-type":"","overlay-color":"","overlay-opacity":"","overlay-gradient":""}},"ast-content-background-meta":{"desktop":{"background-color":"var(--ast-global-color-4)","background-image":"","background-repeat":"repeat","background-position":"center center","background-size":"auto","background-attachment":"scroll","background-type":"","background-media":"","overlay-type":"","overlay-color":"","overlay-opacity":"","overlay-gradient":""},"tablet":{"background-color":"var(--ast-global-color-4)","background-image":"","background-repeat":"repeat","background-position":"center center","background-size":"auto","background-attachment":"scroll","background-type":"","background-media":"","overlay-type":"","overlay-color":"","overlay-opacity":"","overlay-gradient":""},"mobile":{"background-color":"var(--ast-global-color-4)","background-image":"","background-repeat":"repeat","background-position":"center center","background-size":"auto","background-attachment":"scroll","background-type":"","background-media":"","overlay-type":"","overlay-color":"","overlay-opacity":"","overlay-gradient":""}},"_joinchat":[]},"product_brand":[],"product_cat":[64],"product_tag":[],"class_list":{"0":"post-12054","1":"product","2":"type-product","3":"status-publish","4":"has-post-thumbnail","6":"product_cat-solenoide","7":"desktop-align-left","8":"tablet-align-left","9":"mobile-align-left","11":"first","12":"instock","13":"shipping-taxable","14":"purchasable","15":"product-type-simple"},"acf":{"titulo_ingles":"ROD - FUEL SOLENOID THERMO KING 116294 11-6294 KD-2 MD-2","descricao_ingles":"FUEL SOLENOID ROD\r\n\r\nBRAND: THERMO KING\r\nPART NUMBER: 116294 (11-6294)\r\nSIZE: 11CM\/5CM\r\nAPPLICATION: KDII, MDII \r\n\t\r\n\r\nMINCARONE RUIZ E CIA. LTDA. SINCE 1985 SERVING THE REFRIGERATED TRANSPORT MARKET\r\n\t\t\r\nTHERMO KING DEALER\r\n","titulo_espanhol":"VARILLA - SOLENOIDE DE COMBUSTIBLE THERMO KING 116294 11-6294 KD-2 MD-2","descricao_espanhol":"VARILLA DEL SOLENOIDE DE COMBUSTIBLE\r\n\r\nMARCA: THERMO KING\r\nN\u00daMERO DE REPUESTO: 116294 (11-6294)\r\nTAMA\u00d1O: 11 CM\/5 CM\r\nAPLICACI\u00d3N: KDII, MDII\r\n\r\n\r\nMINCARONE RUIZ E CIA. LTDA. DESDE 1985 AL SERVICIO DEL MERCADO DEL TRANSPORTE REFRIGERADO\r\n\t\r\nCONCESIONARIO THERMO KING"},"_links":{"self":[{"href":"https:\/\/mincarone.net\/pt\/wp-json\/wp\/v2\/product\/12054","targetHints":{"allow":["GET"]}}],"collection":[{"href":"https:\/\/mincarone.net\/pt\/wp-json\/wp\/v2\/product"}],"about":[{"href":"https:\/\/mincarone.net\/pt\/wp-json\/wp\/v2\/types\/product"}],"replies":[{"embeddable":true,"href":"https:\/\/mincarone.net\/pt\/wp-json\/wp\/v2\/comments?post=12054"}],"wp:featuredmedia":[{"embeddable":true,"href":"https:\/\/mincarone.net\/pt\/wp-json\/wp\/v2\/media\/12580"}],"wp:attachment":[{"href":"https:\/\/mincarone.net\/pt\/wp-json\/wp\/v2\/media?parent=12054"}],"wp:term":[{"taxonomy":"product_brand","embeddable":true,"href":"https:\/\/mincarone.net\/pt\/wp-json\/wp\/v2\/product_brand?post=12054"},{"taxonomy":"product_cat","embeddable":true,"href":"https:\/\/mincarone.net\/pt\/wp-json\/wp\/v2\/product_cat?post=12054"},{"taxonomy":"product_tag","embeddable":true,"href":"https:\/\/mincarone.net\/pt\/wp-json\/wp\/v2\/product_tag?post=12054"}],"curies":[{"name":"wp","href":"https:\/\/api.w.org\/{rel}","templated":true}]}}