{"id":12069,"date":"2024-09-05T20:44:10","date_gmt":"2024-09-05T23:44:10","guid":{"rendered":"http:\/\/net.mincarone.com.br\/produto\/suporte-do-painel-controlador-thermo-king-920622-linhas-v-vm\/"},"modified":"2026-04-09T17:46:44","modified_gmt":"2026-04-09T20:46:44","slug":"suporte-do-painel-controlador-thermo-king-920622-92-622-v-400-v-500","status":"publish","type":"product","link":"https:\/\/mincarone.net\/pt\/produto\/suporte-do-painel-controlador-thermo-king-920622-92-622-v-400-v-500\/","title":{"rendered":"SUPORTE DO PAINEL CONTROLADOR THERMO KING 920622 92-622 V-400 V-500"},"content":{"rendered":"<p>SUPORTE DO CONTROLADOR (PAINEL 451780 45-1780)<\/p>\n<p>MARCA: THERMO KING<br \/>\nREFER\u00caNCIA THERMO KING: 920622 (92-622)<br \/>\nAPLICA\u00c7\u00d5ES: V90, V200, V300, V400, V500, VM400<\/p>\n<p>MINCARONE RUIZ E CIA. LTDA. DESDE 1985 ATENDENDO O MERCADO DO TRANSPORTE REFRIGERADO<\/p>\n<p>DISTRIBUIDOR\/DEALER THERMO KING<\/p>","protected":false},"excerpt":{"rendered":"<p>SUPORTE DO CONTROLADOR (PAINEL 451780 45-1780) MARCA: THERMO KING REFER\u00caNCIA THERMO KING: 920622 (92-622) APLICA\u00c7\u00d5ES: V90, V200, V300, V400, V500, [&hellip;]<\/p>","protected":false},"featured_media":12499,"comment_status":"closed","ping_status":"closed","template":"","meta":{"_acf_changed":false,"site-sidebar-layout":"default","site-content-layout":"","ast-site-content-layout":"default","site-content-style":"default","site-sidebar-style":"default","ast-global-header-display":"","ast-banner-title-visibility":"","ast-main-header-display":"","ast-hfb-above-header-display":"","ast-hfb-below-header-display":"","ast-hfb-mobile-header-display":"","site-post-title":"","ast-breadcrumbs-content":"","ast-featured-img":"","footer-sml-layout":"","ast-disable-related-posts":"","theme-transparent-header-meta":"default","adv-header-id-meta":"","stick-header-meta":"default","header-above-stick-meta":"","header-main-stick-meta":"","header-below-stick-meta":"","astra-migrate-meta-layouts":"set","ast-page-background-enabled":"default","ast-page-background-meta":{"desktop":{"background-color":"var(--ast-global-color-5)","background-image":"","background-repeat":"repeat","background-position":"center center","background-size":"auto","background-attachment":"scroll","background-type":"","background-media":"","overlay-type":"","overlay-color":"","overlay-opacity":"","overlay-gradient":""},"tablet":{"background-color":"","background-image":"","background-repeat":"repeat","background-position":"center center","background-size":"auto","background-attachment":"scroll","background-type":"","background-media":"","overlay-type":"","overlay-color":"","overlay-opacity":"","overlay-gradient":""},"mobile":{"background-color":"","background-image":"","background-repeat":"repeat","background-position":"center center","background-size":"auto","background-attachment":"scroll","background-type":"","background-media":"","overlay-type":"","overlay-color":"","overlay-opacity":"","overlay-gradient":""}},"ast-content-background-meta":{"desktop":{"background-color":"var(--ast-global-color-4)","background-image":"","background-repeat":"repeat","background-position":"center center","background-size":"auto","background-attachment":"scroll","background-type":"","background-media":"","overlay-type":"","overlay-color":"","overlay-opacity":"","overlay-gradient":""},"tablet":{"background-color":"var(--ast-global-color-4)","background-image":"","background-repeat":"repeat","background-position":"center center","background-size":"auto","background-attachment":"scroll","background-type":"","background-media":"","overlay-type":"","overlay-color":"","overlay-opacity":"","overlay-gradient":""},"mobile":{"background-color":"var(--ast-global-color-4)","background-image":"","background-repeat":"repeat","background-position":"center center","background-size":"auto","background-attachment":"scroll","background-type":"","background-media":"","overlay-type":"","overlay-color":"","overlay-opacity":"","overlay-gradient":""}},"_joinchat":[]},"product_brand":[],"product_cat":[25],"product_tag":[],"class_list":{"0":"post-12069","1":"product","2":"type-product","3":"status-publish","4":"has-post-thumbnail","6":"product_cat-controladores","7":"desktop-align-left","8":"tablet-align-left","9":"mobile-align-left","11":"first","12":"instock","13":"shipping-taxable","14":"purchasable","15":"product-type-simple"},"acf":{"titulo_ingles":"SUPPORT - CONTROL BOX THERMO KING 920622 92-622 V-400 V-500","descricao_ingles":"CONTROL BOX SUPPORT (FOR 451780 45-1780 CONTROLLER PANEL)\r\n\t\r\nBRAND: THERMO KING\r\nPART NUMBER: 920622 (92-622)\r\nAPPLICATION: V90, V200, V300, V400, V500, VM400\r\n\t\r\n\r\nMINCARONE RUIZ E CIA. LTDA. SINCE 1985 SERVING THE REFRIGERATED TRANSPORT MARKET\r\n\t\t\r\nTHERMO KING DEALER","titulo_espanhol":"SOPORTE - CAJA DE CONTROL THERMO KING 920622 92-622 V-400 V-500","descricao_espanhol":"SOPORTE DE CAJA DE CONTROL (PARA PANEL DE CONTROL 451780 45-1780)\r\n\r\nMARCA: THERMO KING\r\nN\u00daMERO DE REPUESTO: 920622 (92-622)\r\nAPLICACI\u00d3N: V90, V200, V300, V400, V500, VM400\r\n\r\n\r\nMINCARONE RUIZ E CIA. LTDA. DESDE 1985 AL SERVICIO DEL MERCADO DEL TRANSPORTE REFRIGERADO\r\n\t\r\nCONCESIONARIO THERMO KING"},"_links":{"self":[{"href":"https:\/\/mincarone.net\/pt\/wp-json\/wp\/v2\/product\/12069","targetHints":{"allow":["GET"]}}],"collection":[{"href":"https:\/\/mincarone.net\/pt\/wp-json\/wp\/v2\/product"}],"about":[{"href":"https:\/\/mincarone.net\/pt\/wp-json\/wp\/v2\/types\/product"}],"replies":[{"embeddable":true,"href":"https:\/\/mincarone.net\/pt\/wp-json\/wp\/v2\/comments?post=12069"}],"wp:featuredmedia":[{"embeddable":true,"href":"https:\/\/mincarone.net\/pt\/wp-json\/wp\/v2\/media\/12499"}],"wp:attachment":[{"href":"https:\/\/mincarone.net\/pt\/wp-json\/wp\/v2\/media?parent=12069"}],"wp:term":[{"taxonomy":"product_brand","embeddable":true,"href":"https:\/\/mincarone.net\/pt\/wp-json\/wp\/v2\/product_brand?post=12069"},{"taxonomy":"product_cat","embeddable":true,"href":"https:\/\/mincarone.net\/pt\/wp-json\/wp\/v2\/product_cat?post=12069"},{"taxonomy":"product_tag","embeddable":true,"href":"https:\/\/mincarone.net\/pt\/wp-json\/wp\/v2\/product_tag?post=12069"}],"curies":[{"name":"wp","href":"https:\/\/api.w.org\/{rel}","templated":true}]}}