{"id":1211,"date":"2023-10-10T14:43:08","date_gmt":"2023-10-10T17:43:08","guid":{"rendered":"http:\/\/net.mincarone.com.br\/produto\/mangueira-succao-ar-condicionado-thermo-king-68cm-original\/"},"modified":"2026-04-07T09:35:13","modified_gmt":"2026-04-07T12:35:13","slug":"mangueira-suc-o-ar-condicionado-thermo-king-68cm-original-612203-61-2203","status":"publish","type":"product","link":"https:\/\/mincarone.net\/pt\/produto\/mangueira-suc-o-ar-condicionado-thermo-king-68cm-original-612203-61-2203\/","title":{"rendered":"MANGUEIRA SUC\u00c7\u00c3O AR CONDICIONADO THERMO KING 68CM ORIGINAL 612203 61-2203"},"content":{"rendered":"<p>FLEX\u00cdVEL MANGUEIRA DESCARGA AR CONDICIONADO THERMO KING<\/p>\n<p>MARCA: THERMO KING<br \/>\nOEM: PARKER OU MANULI<br \/>\nREFER\u00caNCIA THERMO KING: 612203 61-2203<br \/>\nREFER\u00caNCIA OEM : 5D56122G02<br \/>\nMODELO: ORS CLIPADO<br \/>\nBITOLA MANGUEIRA: # 20<br \/>\nCONEX\u00d5ES: RETA E 45 GRAUS<br \/>\nCOMPRIMENTO: 68 CM<br \/>\nVEDA\u00c7\u00c3O: ORS<\/p>\n<p>APLICA\u00c7\u00c3O DA MANGUEIRA FLEX\u00cdVEL: SUC\u00c7\u00c3O AR CONDICIONADO \u00d4NIBUS MARCAS THERMO KING MODELOS LRT, RT , D3, D1 E OUTROS COM COMPRESSOR TRASEIRO, OUTROS EQUIPAMENTOS DE AR CONDICIONADO DE \u00d4NIBUS COM R134A OU R407<\/p>\n<p>MINCARONE, RUIZ E CIA. LTDA. DESDE 1985 ATENDENDO O MERCADO DO TRANSPORTE REFRIGERADO<br \/>\nDISTRIBUIDOR DEALER THERMO KING<\/p>","protected":false},"excerpt":{"rendered":"<p>FLEX\u00cdVEL MANGUEIRA DESCARGA AR CONDICIONADO THERMO KING MARCA: THERMO KING OEM: PARKER OU MANULI REFER\u00caNCIA THERMO KING: 612203 61-2203 REFER\u00caNCIA [&hellip;]<\/p>","protected":false},"featured_media":2489,"comment_status":"open","ping_status":"closed","template":"","meta":{"_acf_changed":false,"site-sidebar-layout":"default","site-content-layout":"default","ast-site-content-layout":"default","site-content-style":"default","site-sidebar-style":"default","ast-global-header-display":"","ast-banner-title-visibility":"","ast-main-header-display":"","ast-hfb-above-header-display":"","ast-hfb-below-header-display":"","ast-hfb-mobile-header-display":"","site-post-title":"","ast-breadcrumbs-content":"","ast-featured-img":"","footer-sml-layout":"","ast-disable-related-posts":"","theme-transparent-header-meta":"default","adv-header-id-meta":"","stick-header-meta":"default","header-above-stick-meta":"","header-main-stick-meta":"","header-below-stick-meta":"","astra-migrate-meta-layouts":"default","ast-page-background-enabled":"default","ast-page-background-meta":{"desktop":{"background-color":"var(--ast-global-color-5)","background-image":"","background-repeat":"repeat","background-position":"center center","background-size":"auto","background-attachment":"scroll","background-type":"","background-media":"","overlay-type":"","overlay-color":"","overlay-opacity":"","overlay-gradient":""},"tablet":{"background-color":"","background-image":"","background-repeat":"repeat","background-position":"center center","background-size":"auto","background-attachment":"scroll","background-type":"","background-media":"","overlay-type":"","overlay-color":"","overlay-opacity":"","overlay-gradient":""},"mobile":{"background-color":"","background-image":"","background-repeat":"repeat","background-position":"center center","background-size":"auto","background-attachment":"scroll","background-type":"","background-media":"","overlay-type":"","overlay-color":"","overlay-opacity":"","overlay-gradient":""}},"ast-content-background-meta":{"desktop":{"background-color":"var(--ast-global-color-4)","background-image":"","background-repeat":"repeat","background-position":"center center","background-size":"auto","background-attachment":"scroll","background-type":"","background-media":"","overlay-type":"","overlay-color":"","overlay-opacity":"","overlay-gradient":""},"tablet":{"background-color":"var(--ast-global-color-4)","background-image":"","background-repeat":"repeat","background-position":"center center","background-size":"auto","background-attachment":"scroll","background-type":"","background-media":"","overlay-type":"","overlay-color":"","overlay-opacity":"","overlay-gradient":""},"mobile":{"background-color":"var(--ast-global-color-4)","background-image":"","background-repeat":"repeat","background-position":"center center","background-size":"auto","background-attachment":"scroll","background-type":"","background-media":"","overlay-type":"","overlay-color":"","overlay-opacity":"","overlay-gradient":""}},"_joinchat":[]},"product_brand":[],"product_cat":[78],"product_tag":[],"class_list":{"0":"post-1211","1":"product","2":"type-product","3":"status-publish","4":"has-post-thumbnail","6":"product_cat-mangueiras","7":"desktop-align-left","8":"tablet-align-left","9":"mobile-align-left","11":"first","12":"instock","13":"shipping-taxable","14":"purchasable","15":"product-type-simple"},"acf":{"titulo_ingles":"SUCTION HOSE - AIR CONDITIONER THERMO KING 68CM 612203 61-2203","descricao_ingles":"THERMO KING FLEXIBLE HOSE\r\n\t\t\t\t\r\nBRAND: THERMO KING\r\nOEM: PARKER OR MANULI\r\nPART NUMBER: 612203 61-2203\r\nOEM REFERENCE: 5D56122G02\t\r\nTYPE: ORS CLIPPED\t\r\nGAUGE: # 20\r\nFITTING: STRAIGHT AND 45\u00ba\r\nLENGHT: 68 CM\r\nSEAL: ORS\t\r\nAPPLICATION: LRT, RT, D3, D1 AND OTHERS WITH REAR COMPRESSOR, OTHER BUS AIR CONDITIONER EQUIPMENTS WITH R134A OR R407 REFRIGERANT GAS\r\n\t\t\t\r\n\r\nMINCARONE RUIZ E CIA. LTDA. SINCE 1985 SERVING THE REFRIGERATED TRANSPORT MARKET\r\n\t\t\r\nTHERMO KING DEALER\r\n","titulo_espanhol":"MANGUERA DE SUCCI\u00d3N - AIRE ACONDICIONADO THERMO KING 68CM 612203 61-2203","descricao_espanhol":"MANGUERA FLEXIBLE THERMO KING\r\n\r\nMARCA: THERMO KING\r\nOEM: PARKER O MANULI\r\nN\u00daMERO DE REPUESTO: 612203 61-2203\r\nREFERENCIA OEM: 5D56122G02\r\nTIPO: ORS CLIPPED\r\nCALIBRE: #20\r\nMONTAJE: RECTO Y 45\u00ba\r\nLARGO: 68 CM\r\nSELLO: ORS\r\nAPLICACI\u00d3N: LRT, RT, D3, D1 Y OTROS CON COMPRESOR TRASERO, OTROS EQUIPOS DE AIRE ACONDICIONADO PARA AUTOBUSES CON GAS REFRIGERANTE R134A O R407\r\n\r\n\r\nMINCARONE RUIZ E CIA. LTDA. DESDE 1985 AL SERVICIO DEL MERCADO DEL TRANSPORTE REFRIGERADO\r\n\t\r\nCONCESIONARIO THERMO KING\r\n"},"_links":{"self":[{"href":"https:\/\/mincarone.net\/pt\/wp-json\/wp\/v2\/product\/1211","targetHints":{"allow":["GET"]}}],"collection":[{"href":"https:\/\/mincarone.net\/pt\/wp-json\/wp\/v2\/product"}],"about":[{"href":"https:\/\/mincarone.net\/pt\/wp-json\/wp\/v2\/types\/product"}],"replies":[{"embeddable":true,"href":"https:\/\/mincarone.net\/pt\/wp-json\/wp\/v2\/comments?post=1211"}],"wp:featuredmedia":[{"embeddable":true,"href":"https:\/\/mincarone.net\/pt\/wp-json\/wp\/v2\/media\/2489"}],"wp:attachment":[{"href":"https:\/\/mincarone.net\/pt\/wp-json\/wp\/v2\/media?parent=1211"}],"wp:term":[{"taxonomy":"product_brand","embeddable":true,"href":"https:\/\/mincarone.net\/pt\/wp-json\/wp\/v2\/product_brand?post=1211"},{"taxonomy":"product_cat","embeddable":true,"href":"https:\/\/mincarone.net\/pt\/wp-json\/wp\/v2\/product_cat?post=1211"},{"taxonomy":"product_tag","embeddable":true,"href":"https:\/\/mincarone.net\/pt\/wp-json\/wp\/v2\/product_tag?post=1211"}],"curies":[{"name":"wp","href":"https:\/\/api.w.org\/{rel}","templated":true}]}}