{"id":1278,"date":"2023-10-10T14:43:16","date_gmt":"2023-10-10T17:43:16","guid":{"rendered":"http:\/\/net.mincarone.com.br\/produto\/valvula-compressor-thermo-king-220653-x214-x426-x430\/"},"modified":"2026-04-07T17:51:07","modified_gmt":"2026-04-07T20:51:07","slug":"v-lvula-compressor-thermo-king-220653-22-653-x214-x426-x430","status":"publish","type":"product","link":"https:\/\/mincarone.net\/pt\/produto\/v-lvula-compressor-thermo-king-220653-22-653-x214-x426-x430\/","title":{"rendered":"V\u00c1LVULA COMPRESSOR THERMO KING 220653 22-653 X214 X426 X430"},"content":{"rendered":"<p>V\u00c1LVULA PARA COMPRESSORES THERMO KING<br \/>\nMODELOS X214 X426 X430<\/p>\n<p>MARCA: THERMO KING<br \/>\nREFER\u00caNCIA THERMO KING: 220653 22-653<br \/>\nAPLICA\u00c7\u00d5ES: D1, D3, SB1, SB2, SB3, SENTRY, SUPER2, T690, T800, T880, T890, T1000, T1080, T1200, T1280, MD100, MD200, MD300<\/p>\n<p>MINCARONE, RUIZ E CIA. LTDA. DESDE 1985 ATENDENDO O MERCADO DO TRANSPORTE REFRIGERADO.<\/p>","protected":false},"excerpt":{"rendered":"<p>V\u00c1LVULA PARA COMPRESSORES THERMO KING MODELOS X214 X426 X430 MARCA: THERMO KING REFER\u00caNCIA THERMO KING: 220653 22-653 APLICA\u00c7\u00d5ES: D1, D3, [&hellip;]<\/p>","protected":false},"featured_media":2932,"comment_status":"open","ping_status":"closed","template":"","meta":{"_acf_changed":false,"site-sidebar-layout":"default","site-content-layout":"default","ast-site-content-layout":"default","site-content-style":"default","site-sidebar-style":"default","ast-global-header-display":"","ast-banner-title-visibility":"","ast-main-header-display":"","ast-hfb-above-header-display":"","ast-hfb-below-header-display":"","ast-hfb-mobile-header-display":"","site-post-title":"","ast-breadcrumbs-content":"","ast-featured-img":"","footer-sml-layout":"","ast-disable-related-posts":"","theme-transparent-header-meta":"default","adv-header-id-meta":"","stick-header-meta":"default","header-above-stick-meta":"","header-main-stick-meta":"","header-below-stick-meta":"","astra-migrate-meta-layouts":"default","ast-page-background-enabled":"default","ast-page-background-meta":{"desktop":{"background-color":"var(--ast-global-color-5)","background-image":"","background-repeat":"repeat","background-position":"center center","background-size":"auto","background-attachment":"scroll","background-type":"","background-media":"","overlay-type":"","overlay-color":"","overlay-opacity":"","overlay-gradient":""},"tablet":{"background-color":"","background-image":"","background-repeat":"repeat","background-position":"center center","background-size":"auto","background-attachment":"scroll","background-type":"","background-media":"","overlay-type":"","overlay-color":"","overlay-opacity":"","overlay-gradient":""},"mobile":{"background-color":"","background-image":"","background-repeat":"repeat","background-position":"center center","background-size":"auto","background-attachment":"scroll","background-type":"","background-media":"","overlay-type":"","overlay-color":"","overlay-opacity":"","overlay-gradient":""}},"ast-content-background-meta":{"desktop":{"background-color":"var(--ast-global-color-4)","background-image":"","background-repeat":"repeat","background-position":"center center","background-size":"auto","background-attachment":"scroll","background-type":"","background-media":"","overlay-type":"","overlay-color":"","overlay-opacity":"","overlay-gradient":""},"tablet":{"background-color":"var(--ast-global-color-4)","background-image":"","background-repeat":"repeat","background-position":"center center","background-size":"auto","background-attachment":"scroll","background-type":"","background-media":"","overlay-type":"","overlay-color":"","overlay-opacity":"","overlay-gradient":""},"mobile":{"background-color":"var(--ast-global-color-4)","background-image":"","background-repeat":"repeat","background-position":"center center","background-size":"auto","background-attachment":"scroll","background-type":"","background-media":"","overlay-type":"","overlay-color":"","overlay-opacity":"","overlay-gradient":""}},"_joinchat":[]},"product_brand":[],"product_cat":[70],"product_tag":[],"class_list":{"0":"post-1278","1":"product","2":"type-product","3":"status-publish","4":"has-post-thumbnail","6":"product_cat-valvulas","7":"desktop-align-left","8":"tablet-align-left","9":"mobile-align-left","11":"first","12":"instock","13":"shipping-taxable","14":"purchasable","15":"product-type-simple"},"acf":{"titulo_ingles":"VALVE OIL CHECK THERMO KING 22-0653 220653 X214 X426 X430","descricao_ingles":"VALVE OIL CHECK THERMO KING\r\nX214 X426 X430 MODELS\r\n\r\nBRAND: THERMO KING\r\nPART NUMBER: 220653 22-653\r\nAPPLICATIONS: D1, D3, SB1, SB2, SB3, SENTRY, SUPER2, T690, T800, T880, T890, T1000, T1080, T1200, T1280, MD100, MD200, MD300\r\n\r\nMINCARONE RUIZ E CIA. LTDA. SINCE 1985 SERVING THE REFRIGERATED TRANSPORT MARKET\r\n\t\t\r\nTHERMO KING DEALER\r\n","titulo_espanhol":"V\u00c1LVULA RETENCI\u00d3N ACEITE THERMO KING 22-0653 220653 X214 X426 X430","descricao_espanhol":"V\u00c1LVULA RETENCI\u00d3N ACEITE THERMO KING\r\nMODELOS X214 X426 X430\r\n\r\nMARCA: THERMO KING\r\nN\u00daMERO DE REPUESTO: 220653 22-653\r\nAPLICACIONES: D1, D3, SB1, SB2, SB3, SENTRY, SUPER2, T690, T800, T880, T890, T1000, T1080, T1200, T1280, MD100, MD200, MD300\r\n\r\nMINCARONE RUIZ E CIA. LTDA. DESDE 1985 AL SERVICIO DEL MERCADO DEL TRANSPORTE REFRIGERADO\r\n\t\r\nCONCESIONARIO THERMO KING\r\n"},"_links":{"self":[{"href":"https:\/\/mincarone.net\/pt\/wp-json\/wp\/v2\/product\/1278","targetHints":{"allow":["GET"]}}],"collection":[{"href":"https:\/\/mincarone.net\/pt\/wp-json\/wp\/v2\/product"}],"about":[{"href":"https:\/\/mincarone.net\/pt\/wp-json\/wp\/v2\/types\/product"}],"replies":[{"embeddable":true,"href":"https:\/\/mincarone.net\/pt\/wp-json\/wp\/v2\/comments?post=1278"}],"wp:featuredmedia":[{"embeddable":true,"href":"https:\/\/mincarone.net\/pt\/wp-json\/wp\/v2\/media\/2932"}],"wp:attachment":[{"href":"https:\/\/mincarone.net\/pt\/wp-json\/wp\/v2\/media?parent=1278"}],"wp:term":[{"taxonomy":"product_brand","embeddable":true,"href":"https:\/\/mincarone.net\/pt\/wp-json\/wp\/v2\/product_brand?post=1278"},{"taxonomy":"product_cat","embeddable":true,"href":"https:\/\/mincarone.net\/pt\/wp-json\/wp\/v2\/product_cat?post=1278"},{"taxonomy":"product_tag","embeddable":true,"href":"https:\/\/mincarone.net\/pt\/wp-json\/wp\/v2\/product_tag?post=1278"}],"curies":[{"name":"wp","href":"https:\/\/api.w.org\/{rel}","templated":true}]}}