{"id":12865,"date":"2024-09-26T12:18:42","date_gmt":"2024-09-26T15:18:42","guid":{"rendered":"http:\/\/net.mincarone.com.br\/produto\/12865\/"},"modified":"2026-04-09T17:46:49","modified_gmt":"2026-04-09T20:46:49","slug":"anel-reten-o-compressor-x426-thermo-king-552122-55-2122-lrt-sb-iii","status":"publish","type":"product","link":"https:\/\/mincarone.net\/pt\/produto\/anel-reten-o-compressor-x426-thermo-king-552122-55-2122-lrt-sb-iii\/","title":{"rendered":"ANEL RETEN\u00c7\u00c3O COMPRESSOR X426 THERMO KING 552122 55-2122 LRT SB-III"},"content":{"rendered":"<p>ANEL DE RETEN\u00c7\u00c3O DO PINO DA BIELA DO COMPRESSOR X426<\/p>\n<p>BRAND: THERMO KING<br \/>\nPART NUMBER: 552122 (55-2122)<br \/>\nAPPLICATION: D1, LRT, MRT, RT-II, SB-I, SB-II, SB-III, Sentry, SNWD, XNWD<\/p>\n<p>MINCARONE RUIZ E CIA. LTDA. DESDE 1985 ATENDENDO O MERCADO DO TRANSPORTE REFRIGERADO<\/p>\n<p>DISTRIBUIDOR\/DEALER THERMO KING<\/p>","protected":false},"excerpt":{"rendered":"<p>ANEL DE RETEN\u00c7\u00c3O DO PINO DA BIELA DO COMPRESSOR X426 BRAND: THERMO KING PART NUMBER: 552122 (55-2122) APPLICATION: D1, LRT, [&hellip;]<\/p>","protected":false},"featured_media":13660,"comment_status":"closed","ping_status":"closed","template":"","meta":{"_acf_changed":false,"site-sidebar-layout":"default","site-content-layout":"","ast-site-content-layout":"default","site-content-style":"default","site-sidebar-style":"default","ast-global-header-display":"","ast-banner-title-visibility":"","ast-main-header-display":"","ast-hfb-above-header-display":"","ast-hfb-below-header-display":"","ast-hfb-mobile-header-display":"","site-post-title":"","ast-breadcrumbs-content":"","ast-featured-img":"","footer-sml-layout":"","ast-disable-related-posts":"","theme-transparent-header-meta":"default","adv-header-id-meta":"","stick-header-meta":"default","header-above-stick-meta":"","header-main-stick-meta":"","header-below-stick-meta":"","astra-migrate-meta-layouts":"set","ast-page-background-enabled":"default","ast-page-background-meta":{"desktop":{"background-color":"var(--ast-global-color-5)","background-image":"","background-repeat":"repeat","background-position":"center center","background-size":"auto","background-attachment":"scroll","background-type":"","background-media":"","overlay-type":"","overlay-color":"","overlay-opacity":"","overlay-gradient":""},"tablet":{"background-color":"","background-image":"","background-repeat":"repeat","background-position":"center center","background-size":"auto","background-attachment":"scroll","background-type":"","background-media":"","overlay-type":"","overlay-color":"","overlay-opacity":"","overlay-gradient":""},"mobile":{"background-color":"","background-image":"","background-repeat":"repeat","background-position":"center center","background-size":"auto","background-attachment":"scroll","background-type":"","background-media":"","overlay-type":"","overlay-color":"","overlay-opacity":"","overlay-gradient":""}},"ast-content-background-meta":{"desktop":{"background-color":"var(--ast-global-color-4)","background-image":"","background-repeat":"repeat","background-position":"center center","background-size":"auto","background-attachment":"scroll","background-type":"","background-media":"","overlay-type":"","overlay-color":"","overlay-opacity":"","overlay-gradient":""},"tablet":{"background-color":"var(--ast-global-color-4)","background-image":"","background-repeat":"repeat","background-position":"center center","background-size":"auto","background-attachment":"scroll","background-type":"","background-media":"","overlay-type":"","overlay-color":"","overlay-opacity":"","overlay-gradient":""},"mobile":{"background-color":"var(--ast-global-color-4)","background-image":"","background-repeat":"repeat","background-position":"center center","background-size":"auto","background-attachment":"scroll","background-type":"","background-media":"","overlay-type":"","overlay-color":"","overlay-opacity":"","overlay-gradient":""}},"_joinchat":[]},"product_brand":[],"product_cat":[15],"product_tag":[],"class_list":{"0":"post-12865","1":"product","2":"type-product","3":"status-publish","4":"has-post-thumbnail","6":"product_cat-sem-categoria","7":"desktop-align-left","8":"tablet-align-left","9":"mobile-align-left","11":"first","12":"instock","13":"shipping-taxable","14":"purchasable","15":"product-type-simple"},"acf":{"titulo_ingles":"RING - RETAINING THERMO KING 552122 55-2122 LRT SB-III","descricao_ingles":"COMPRESSOR X426 CONNECTING ROD'S PIN RETAINING RING\r\n\r\nMARCA: THERMO KING\r\nN\u00daMERO DE REPUESTO: 552122 (55-2122)\r\nAPLICACI\u00d3N: D1, LRT, MRT, RT-II, SB-I, SB-II, SB-III, Sentry, SNWD, XNWD\r\n\r\n\r\nMINCARONE RUIZ E CIA. LTDA. SINCE 1985 SERVING THE REFRIGERATED TRANSPORT MARKET\r\n\t\t\r\nTHERMO KING DEALER\r\n","titulo_espanhol":"ANILLO DE RETENCI\u00d3N THERMO KING 552122 55-2122 LRT SB-III","descricao_espanhol":"ANILLO DE RETENCI\u00d3N DEL PASADOR DE LA BIELA COMPRESOR X426\r\n\r\nMARCA: THERMO KING\r\nN\u00daMERO DE REPUESTO: 552122 (55-2122)\r\nAPLICACI\u00d3N: D1, LRT, MRT, RT-II, SB-I, SB-II, SB-III, Sentry, SNWD, XNWD\r\n\r\n\r\nMINCARONE RUIZ E CIA. LTDA. DESDE 1985 AL SERVICIO DEL MERCADO DEL TRANSPORTE REFRIGERADO\r\n\t\r\nCONCESIONARIO THERMO KING\r\n"},"_links":{"self":[{"href":"https:\/\/mincarone.net\/pt\/wp-json\/wp\/v2\/product\/12865","targetHints":{"allow":["GET"]}}],"collection":[{"href":"https:\/\/mincarone.net\/pt\/wp-json\/wp\/v2\/product"}],"about":[{"href":"https:\/\/mincarone.net\/pt\/wp-json\/wp\/v2\/types\/product"}],"replies":[{"embeddable":true,"href":"https:\/\/mincarone.net\/pt\/wp-json\/wp\/v2\/comments?post=12865"}],"wp:featuredmedia":[{"embeddable":true,"href":"https:\/\/mincarone.net\/pt\/wp-json\/wp\/v2\/media\/13660"}],"wp:attachment":[{"href":"https:\/\/mincarone.net\/pt\/wp-json\/wp\/v2\/media?parent=12865"}],"wp:term":[{"taxonomy":"product_brand","embeddable":true,"href":"https:\/\/mincarone.net\/pt\/wp-json\/wp\/v2\/product_brand?post=12865"},{"taxonomy":"product_cat","embeddable":true,"href":"https:\/\/mincarone.net\/pt\/wp-json\/wp\/v2\/product_cat?post=12865"},{"taxonomy":"product_tag","embeddable":true,"href":"https:\/\/mincarone.net\/pt\/wp-json\/wp\/v2\/product_tag?post=12865"}],"curies":[{"name":"wp","href":"https:\/\/api.w.org\/{rel}","templated":true}]}}