{"id":12887,"date":"2024-09-26T12:18:51","date_gmt":"2024-09-26T15:18:51","guid":{"rendered":"http:\/\/net.mincarone.com.br\/produto\/12887\/"},"modified":"2026-04-10T17:45:55","modified_gmt":"2026-04-10T20:45:55","slug":"parafuso-eixo-virabrequim-thermo-king-555770-55-5770-md-300-t-800","status":"publish","type":"product","link":"https:\/\/mincarone.net\/pt\/produto\/parafuso-eixo-virabrequim-thermo-king-555770-55-5770-md-300-t-800\/","title":{"rendered":"PARAFUSO EIXO VIRABREQUIM THERMO KING 555770 55-5770 MD-300 T-800"},"content":{"rendered":"<p>PARAFUSO DO EIXO INTERMEDI\u00c1RIO DO VIRABREQUIM DO MOTOR TK486<\/p>\n<p>MARCA: THERMO KING<br \/>\nREFER\u00caNCIA: 555770 (55-5770)<br \/>\nAPLICA\u00c7\u00d5ES: MOTOR TK486, BKD, KD-2, MD-2, MD-100, MD-200, MD-300, LRT, SB-3, SB-210, SB-230, SB-330, SUPER-2, T-600, T-680, T-690, T-800, T-880, T-890, T-1000, T-1080, T-1090, T-1200, T-1280<\/p>\n<p>MINCARONE RUIZ E CIA. LTDA. DESDE 1985 ATENDENDO O MERCADO DO TRANSPORTE REFRIGERADO<\/p>\n<p>DISTRIBUIDOR\/DEALER THERMO KING<\/p>","protected":false},"excerpt":{"rendered":"<p>PARAFUSO DO EIXO INTERMEDI\u00c1RIO DO VIRABREQUIM DO MOTOR TK486 MARCA: THERMO KING REFER\u00caNCIA: 555770 (55-5770) APLICA\u00c7\u00d5ES: MOTOR TK486, BKD, KD-2, [&hellip;]<\/p>","protected":false},"featured_media":13010,"comment_status":"closed","ping_status":"closed","template":"","meta":{"_acf_changed":false,"site-sidebar-layout":"default","site-content-layout":"","ast-site-content-layout":"default","site-content-style":"default","site-sidebar-style":"default","ast-global-header-display":"","ast-banner-title-visibility":"","ast-main-header-display":"","ast-hfb-above-header-display":"","ast-hfb-below-header-display":"","ast-hfb-mobile-header-display":"","site-post-title":"","ast-breadcrumbs-content":"","ast-featured-img":"","footer-sml-layout":"","ast-disable-related-posts":"","theme-transparent-header-meta":"default","adv-header-id-meta":"","stick-header-meta":"default","header-above-stick-meta":"","header-main-stick-meta":"","header-below-stick-meta":"","astra-migrate-meta-layouts":"set","ast-page-background-enabled":"default","ast-page-background-meta":{"desktop":{"background-color":"var(--ast-global-color-5)","background-image":"","background-repeat":"repeat","background-position":"center center","background-size":"auto","background-attachment":"scroll","background-type":"","background-media":"","overlay-type":"","overlay-color":"","overlay-opacity":"","overlay-gradient":""},"tablet":{"background-color":"","background-image":"","background-repeat":"repeat","background-position":"center center","background-size":"auto","background-attachment":"scroll","background-type":"","background-media":"","overlay-type":"","overlay-color":"","overlay-opacity":"","overlay-gradient":""},"mobile":{"background-color":"","background-image":"","background-repeat":"repeat","background-position":"center center","background-size":"auto","background-attachment":"scroll","background-type":"","background-media":"","overlay-type":"","overlay-color":"","overlay-opacity":"","overlay-gradient":""}},"ast-content-background-meta":{"desktop":{"background-color":"var(--ast-global-color-4)","background-image":"","background-repeat":"repeat","background-position":"center center","background-size":"auto","background-attachment":"scroll","background-type":"","background-media":"","overlay-type":"","overlay-color":"","overlay-opacity":"","overlay-gradient":""},"tablet":{"background-color":"var(--ast-global-color-4)","background-image":"","background-repeat":"repeat","background-position":"center center","background-size":"auto","background-attachment":"scroll","background-type":"","background-media":"","overlay-type":"","overlay-color":"","overlay-opacity":"","overlay-gradient":""},"mobile":{"background-color":"var(--ast-global-color-4)","background-image":"","background-repeat":"repeat","background-position":"center center","background-size":"auto","background-attachment":"scroll","background-type":"","background-media":"","overlay-type":"","overlay-color":"","overlay-opacity":"","overlay-gradient":""}},"_joinchat":[]},"product_brand":[],"product_cat":[64],"product_tag":[],"class_list":{"0":"post-12887","1":"product","2":"type-product","3":"status-publish","4":"has-post-thumbnail","6":"product_cat-solenoide","7":"desktop-align-left","8":"tablet-align-left","9":"mobile-align-left","11":"first","12":"instock","13":"shipping-taxable","14":"purchasable","15":"product-type-simple"},"acf":{"titulo_ingles":"SCREW - SOLENOID THERMO KING 555770 55-5770 MD-300 T-800","descricao_ingles":"TK486'S SOLENOID AND FANSHAFT SCREW\r\n\r\nBRAND: THERMO KING\r\nPART NUMBER: 555770 (55-5770)\r\nAPPLICATION: TK486, BKD, KD-2, MD-2, MD-100, MD-200, MD-300, LRT, SB-3, SB-210, SB-230, SB-330, SUPER-2, T-600, T-680, T-690, T-800, T-880, T-890, T-1000, T-1080, T-1090, T-1200, T-1280\r\n\r\n\r\nMINCARONE RUIZ E CIA. LTDA. SINCE 1985 SERVING THE REFRIGERATED TRANSPORT MARKET\r\n\t\t\r\nTHERMO KING DEALER\r\n","titulo_espanhol":"TORNILLO - SOLENOIDE THERMO KING 555770 55-5770 MD-300 T-800","descricao_espanhol":"TORNILLO DEL EJE DEL VENTILADOR Y SOLENOIDE DEL MOTOR TK486\r\n\r\nMARCA: THERMO KING\r\nN\u00daMERO DE REPUESTO: 555770 (55-5770)\r\nAPLICACI\u00d3N: TK486, BKD, KD-2, MD-2, MD-100, MD-200, MD-300, LRT, SB-3, SB-210, SB-230, SB-330, SUPER-2, T-600, T-680, T-690, T-800, T-880, T-890, T-1000, T-1080, T-1090, T-1200, T-1280\r\n\r\n\r\nMINCARONE RUIZ E CIA. LTDA. DESDE 1985 AL SERVICIO DEL MERCADO DEL TRANSPORTE REFRIGERADO\r\n\t\r\nCONCESIONARIO THERMO KING"},"_links":{"self":[{"href":"https:\/\/mincarone.net\/pt\/wp-json\/wp\/v2\/product\/12887","targetHints":{"allow":["GET"]}}],"collection":[{"href":"https:\/\/mincarone.net\/pt\/wp-json\/wp\/v2\/product"}],"about":[{"href":"https:\/\/mincarone.net\/pt\/wp-json\/wp\/v2\/types\/product"}],"replies":[{"embeddable":true,"href":"https:\/\/mincarone.net\/pt\/wp-json\/wp\/v2\/comments?post=12887"}],"wp:featuredmedia":[{"embeddable":true,"href":"https:\/\/mincarone.net\/pt\/wp-json\/wp\/v2\/media\/13010"}],"wp:attachment":[{"href":"https:\/\/mincarone.net\/pt\/wp-json\/wp\/v2\/media?parent=12887"}],"wp:term":[{"taxonomy":"product_brand","embeddable":true,"href":"https:\/\/mincarone.net\/pt\/wp-json\/wp\/v2\/product_brand?post=12887"},{"taxonomy":"product_cat","embeddable":true,"href":"https:\/\/mincarone.net\/pt\/wp-json\/wp\/v2\/product_cat?post=12887"},{"taxonomy":"product_tag","embeddable":true,"href":"https:\/\/mincarone.net\/pt\/wp-json\/wp\/v2\/product_tag?post=12887"}],"curies":[{"name":"wp","href":"https:\/\/api.w.org\/{rel}","templated":true}]}}