{"id":1292,"date":"2023-10-10T14:43:18","date_gmt":"2023-10-10T17:43:18","guid":{"rendered":"http:\/\/net.mincarone.com.br\/produto\/valvula-termostatica-thermo-king-130954-tk370-md300-t800\/"},"modified":"2026-04-02T17:45:47","modified_gmt":"2026-04-02T20:45:47","slug":"v-lvula-termost-tica-thermo-king-130954-13-954-tk370-md300-t800","status":"publish","type":"product","link":"https:\/\/mincarone.net\/pt\/produto\/v-lvula-termost-tica-thermo-king-130954-13-954-tk370-md300-t800\/","title":{"rendered":"V\u00c1LVULA TERMOST\u00c1TICA THERMO KING 130954 13-954 TK370 MD300 T800"},"content":{"rendered":"<p>V\u00c1LVULA TERMOST\u00c1TICA THERMO KING ORIGINAL PARA MOTOR TK370<\/p>\n<p>MARCA: THERMO KING<br \/>\nREFERENCIA THERMO KING: 130954 13-954<br \/>\nAPLICA\u00c7\u00c3O DA V\u00c1LVULA TERMOST\u00c1TICA: MD100 MD200 MD300 T600 T680 T690 T800 T880 E OUTROS COM MOTOR TK370<\/p>\n<p>MINCARONE, RUIZ E CIA. LTDA. DESDE 1985 ATENDENDO O MERCADO DO TRANSPORTE REFRIGERADO.<br \/>\nDISTRIBUIDOR DEALER THERMO KING.<\/p>","protected":false},"excerpt":{"rendered":"<p>V\u00c1LVULA TERMOST\u00c1TICA THERMO KING ORIGINAL PARA MOTOR TK370 MARCA: THERMO KING REFERENCIA THERMO KING: 130954 13-954 APLICA\u00c7\u00c3O DA V\u00c1LVULA TERMOST\u00c1TICA: [&hellip;]<\/p>","protected":false},"featured_media":3074,"comment_status":"closed","ping_status":"closed","template":"","meta":{"_acf_changed":false,"site-sidebar-layout":"default","site-content-layout":"default","ast-site-content-layout":"default","site-content-style":"default","site-sidebar-style":"default","ast-global-header-display":"","ast-banner-title-visibility":"","ast-main-header-display":"","ast-hfb-above-header-display":"","ast-hfb-below-header-display":"","ast-hfb-mobile-header-display":"","site-post-title":"","ast-breadcrumbs-content":"","ast-featured-img":"","footer-sml-layout":"","ast-disable-related-posts":"","theme-transparent-header-meta":"default","adv-header-id-meta":"","stick-header-meta":"default","header-above-stick-meta":"","header-main-stick-meta":"","header-below-stick-meta":"","astra-migrate-meta-layouts":"default","ast-page-background-enabled":"default","ast-page-background-meta":{"desktop":{"background-color":"var(--ast-global-color-5)","background-image":"","background-repeat":"repeat","background-position":"center center","background-size":"auto","background-attachment":"scroll","background-type":"","background-media":"","overlay-type":"","overlay-color":"","overlay-opacity":"","overlay-gradient":""},"tablet":{"background-color":"","background-image":"","background-repeat":"repeat","background-position":"center center","background-size":"auto","background-attachment":"scroll","background-type":"","background-media":"","overlay-type":"","overlay-color":"","overlay-opacity":"","overlay-gradient":""},"mobile":{"background-color":"","background-image":"","background-repeat":"repeat","background-position":"center center","background-size":"auto","background-attachment":"scroll","background-type":"","background-media":"","overlay-type":"","overlay-color":"","overlay-opacity":"","overlay-gradient":""}},"ast-content-background-meta":{"desktop":{"background-color":"var(--ast-global-color-4)","background-image":"","background-repeat":"repeat","background-position":"center center","background-size":"auto","background-attachment":"scroll","background-type":"","background-media":"","overlay-type":"","overlay-color":"","overlay-opacity":"","overlay-gradient":""},"tablet":{"background-color":"var(--ast-global-color-4)","background-image":"","background-repeat":"repeat","background-position":"center center","background-size":"auto","background-attachment":"scroll","background-type":"","background-media":"","overlay-type":"","overlay-color":"","overlay-opacity":"","overlay-gradient":""},"mobile":{"background-color":"var(--ast-global-color-4)","background-image":"","background-repeat":"repeat","background-position":"center center","background-size":"auto","background-attachment":"scroll","background-type":"","background-media":"","overlay-type":"","overlay-color":"","overlay-opacity":"","overlay-gradient":""}},"_joinchat":[]},"product_brand":[],"product_cat":[61],"product_tag":[],"class_list":{"0":"post-1292","1":"product","2":"type-product","3":"status-publish","4":"has-post-thumbnail","6":"product_cat-sensores","7":"desktop-align-left","8":"tablet-align-left","9":"mobile-align-left","11":"first","12":"instock","13":"shipping-taxable","14":"purchasable","15":"product-type-simple"},"acf":{"titulo_ingles":"THERMOSTAT THERMO KING 13-954 130954 TK370 MD300 T800","descricao_ingles":"THERMOSTAT THERMO KING\r\n\r\nBRAND: THERMO KING\r\nPART NUMBER: 130954 13-954\r\nTHERMOSTATIC VALVE APPLICATION: MD100 MD200 MD300 T600 T680 T690 T800 T880 AND OTHERS WITH TK370 ENGINE\r\n\r\nMINCARONE RUIZ E CIA. LTDA. SINCE 1985 SERVING THE REFRIGERATED TRANSPORT MARKET\r\n\t\t\r\nTHERMO KING DEALER\r\n\r\nMINCARONE, RUIZ AND CIA. LTDA. SINCE 1985 SERVING THE REFRIGERATED TRANSPORT MARKET.\r\nDISTRIBUTOR DEALER THERMO KING.","titulo_espanhol":"TERMOSTATO THERMO KING 13-954 130954 TK370 MD300 T800","descricao_espanhol":"TERMOSTATO THERMO KING\r\n\r\nMARCA: THERMO KING\r\nN\u00daMERO DE REPUESTO: 130954 13-954\r\nAPLICACI\u00d3N DE V\u00c1LVULA TERMOST\u00c1TICA: MD100 MD200 MD300 T600 T680 T690 T800 T880 Y OTRAS CON MOTOR TK370\r\n\r\nMINCARONE RUIZ E CIA. LTDA. DESDE 1985 AL SERVICIO DEL MERCADO DEL TRANSPORTE REFRIGERADO\r\n\t\r\nCONCESIONARIO THERMO KING\r\n"},"_links":{"self":[{"href":"https:\/\/mincarone.net\/pt\/wp-json\/wp\/v2\/product\/1292","targetHints":{"allow":["GET"]}}],"collection":[{"href":"https:\/\/mincarone.net\/pt\/wp-json\/wp\/v2\/product"}],"about":[{"href":"https:\/\/mincarone.net\/pt\/wp-json\/wp\/v2\/types\/product"}],"replies":[{"embeddable":true,"href":"https:\/\/mincarone.net\/pt\/wp-json\/wp\/v2\/comments?post=1292"}],"wp:featuredmedia":[{"embeddable":true,"href":"https:\/\/mincarone.net\/pt\/wp-json\/wp\/v2\/media\/3074"}],"wp:attachment":[{"href":"https:\/\/mincarone.net\/pt\/wp-json\/wp\/v2\/media?parent=1292"}],"wp:term":[{"taxonomy":"product_brand","embeddable":true,"href":"https:\/\/mincarone.net\/pt\/wp-json\/wp\/v2\/product_brand?post=1292"},{"taxonomy":"product_cat","embeddable":true,"href":"https:\/\/mincarone.net\/pt\/wp-json\/wp\/v2\/product_cat?post=1292"},{"taxonomy":"product_tag","embeddable":true,"href":"https:\/\/mincarone.net\/pt\/wp-json\/wp\/v2\/product_tag?post=1292"}],"curies":[{"name":"wp","href":"https:\/\/api.w.org\/{rel}","templated":true}]}}