{"id":1293,"date":"2023-10-10T14:43:18","date_gmt":"2023-10-10T17:43:18","guid":{"rendered":"http:\/\/net.mincarone.com.br\/produto\/vela-aquecimento-thermo-king-420916-linha-t-md300-kd-yanmar\/"},"modified":"2026-04-09T17:46:38","modified_gmt":"2026-04-09T20:46:38","slug":"vela-aquecimento-thermo-king-420916-42-916-linha-t-md300-kd-yanmar","status":"publish","type":"product","link":"https:\/\/mincarone.net\/pt\/produto\/vela-aquecimento-thermo-king-420916-42-916-linha-t-md300-kd-yanmar\/","title":{"rendered":"VELA AQUECIMENTO THERMO KING 420916 42-916 LINHA T MD300 KD YANMAR"},"content":{"rendered":"<p>VELA AQUECIMENTO THERMO KING ORIGINAL<\/p>\n<p>MARCA: THERMO KING<br \/>\nREFER\u00caNCIA THERMO KING: 420916 42-916 ERA 416582 41-6582<br \/>\nAPLICA\u00c7\u00c3O: EM MOTOR YANMAR 3 CILINDROS TK3.74 TK370 TK374 TK376 TK380 LINHA T TODA MD100 MD200 MD300 MDII KDII BKD<\/p>\n<p>MINCARONE, RUIZ E CIA. LTDA. DESDE 1985 ATENDENDO O MERCADO DO TRANSPORTE REFRIGERADO.<br \/>\nDEALER THERMO KING.<\/p>","protected":false},"excerpt":{"rendered":"<p>VELA AQUECIMENTO THERMO KING ORIGINAL MARCA: THERMO KING REFER\u00caNCIA THERMO KING: 420916 42-916 ERA 416582 41-6582 APLICA\u00c7\u00c3O: EM MOTOR YANMAR [&hellip;]<\/p>","protected":false},"featured_media":3081,"comment_status":"closed","ping_status":"closed","template":"","meta":{"_acf_changed":false,"site-sidebar-layout":"default","site-content-layout":"default","ast-site-content-layout":"default","site-content-style":"default","site-sidebar-style":"default","ast-global-header-display":"","ast-banner-title-visibility":"","ast-main-header-display":"","ast-hfb-above-header-display":"","ast-hfb-below-header-display":"","ast-hfb-mobile-header-display":"","site-post-title":"","ast-breadcrumbs-content":"","ast-featured-img":"","footer-sml-layout":"","ast-disable-related-posts":"","theme-transparent-header-meta":"default","adv-header-id-meta":"","stick-header-meta":"default","header-above-stick-meta":"","header-main-stick-meta":"","header-below-stick-meta":"","astra-migrate-meta-layouts":"default","ast-page-background-enabled":"default","ast-page-background-meta":{"desktop":{"background-color":"var(--ast-global-color-5)","background-image":"","background-repeat":"repeat","background-position":"center center","background-size":"auto","background-attachment":"scroll","background-type":"","background-media":"","overlay-type":"","overlay-color":"","overlay-opacity":"","overlay-gradient":""},"tablet":{"background-color":"","background-image":"","background-repeat":"repeat","background-position":"center center","background-size":"auto","background-attachment":"scroll","background-type":"","background-media":"","overlay-type":"","overlay-color":"","overlay-opacity":"","overlay-gradient":""},"mobile":{"background-color":"","background-image":"","background-repeat":"repeat","background-position":"center center","background-size":"auto","background-attachment":"scroll","background-type":"","background-media":"","overlay-type":"","overlay-color":"","overlay-opacity":"","overlay-gradient":""}},"ast-content-background-meta":{"desktop":{"background-color":"var(--ast-global-color-4)","background-image":"","background-repeat":"repeat","background-position":"center center","background-size":"auto","background-attachment":"scroll","background-type":"","background-media":"","overlay-type":"","overlay-color":"","overlay-opacity":"","overlay-gradient":""},"tablet":{"background-color":"var(--ast-global-color-4)","background-image":"","background-repeat":"repeat","background-position":"center center","background-size":"auto","background-attachment":"scroll","background-type":"","background-media":"","overlay-type":"","overlay-color":"","overlay-opacity":"","overlay-gradient":""},"mobile":{"background-color":"var(--ast-global-color-4)","background-image":"","background-repeat":"repeat","background-position":"center center","background-size":"auto","background-attachment":"scroll","background-type":"","background-media":"","overlay-type":"","overlay-color":"","overlay-opacity":"","overlay-gradient":""}},"_joinchat":[]},"product_brand":[],"product_cat":[21],"product_tag":[],"class_list":{"0":"post-1293","1":"product","2":"type-product","3":"status-publish","4":"has-post-thumbnail","6":"product_cat-motor","7":"desktop-align-left","8":"tablet-align-left","9":"mobile-align-left","11":"first","12":"outofstock","13":"shipping-taxable","14":"purchasable","15":"product-type-simple"},"acf":{"titulo_ingles":"GLOW PLUG - THERMO KING 42-916 420916 T-SERIES MD300 KD YANMAR","descricao_ingles":"GLOW PLUG THERMO KING\r\n\r\nBRAND: THERMO KING\r\nPART NUMBER: 420916 42-916 USED TO BE 416582 41-6582\r\nAPPLICATION: YANMAR 3 CYLINDERS ENGINE TK3.74, TK370, TK374, TK376, TK380, ALL THE T-SERIES EQUIPMENT MODELS, MD100, MD200, MD300, MDII, KDII, BKD\r\n\r\nMINCARONE RUIZ E CIA. LTDA. SINCE 1985 SERVING THE REFRIGERATED TRANSPORT MARKET\r\n\t\t\r\nTHERMO KING DEALER\r\n","titulo_espanhol":"BUJ\u00cdA DE PRECALENTAMIENTO - THERMO KING 42-916 420916 SERIE T MD300 KD YANMAR","descricao_espanhol":"BUJ\u00cdA DE PRECALENTAMIENTO THERMO KING\r\n\r\nMARCA: THERMO KING\r\nN\u00daMERO DE REPUESTO: 420916 42-916 SOL\u00cdA SER 416582 41-6582\r\nAPLICACI\u00d3N: MOTOR YANMAR 3 CILINDROS TK3.74, TK370, TK374, TK376, TK380, TODOS LOS MODELOS DE EQUIPOS SERIE T, MD100, MD200, MD300, MDII, KDII, BKD\r\n\r\nMINCARONE RUIZ E CIA. LTDA. DESDE 1985 AL SERVICIO DEL MERCADO DEL TRANSPORTE REFRIGERADO\r\n\t\r\nCONCESIONARIO THERMO KING\r\n"},"_links":{"self":[{"href":"https:\/\/mincarone.net\/pt\/wp-json\/wp\/v2\/product\/1293","targetHints":{"allow":["GET"]}}],"collection":[{"href":"https:\/\/mincarone.net\/pt\/wp-json\/wp\/v2\/product"}],"about":[{"href":"https:\/\/mincarone.net\/pt\/wp-json\/wp\/v2\/types\/product"}],"replies":[{"embeddable":true,"href":"https:\/\/mincarone.net\/pt\/wp-json\/wp\/v2\/comments?post=1293"}],"wp:featuredmedia":[{"embeddable":true,"href":"https:\/\/mincarone.net\/pt\/wp-json\/wp\/v2\/media\/3081"}],"wp:attachment":[{"href":"https:\/\/mincarone.net\/pt\/wp-json\/wp\/v2\/media?parent=1293"}],"wp:term":[{"taxonomy":"product_brand","embeddable":true,"href":"https:\/\/mincarone.net\/pt\/wp-json\/wp\/v2\/product_brand?post=1293"},{"taxonomy":"product_cat","embeddable":true,"href":"https:\/\/mincarone.net\/pt\/wp-json\/wp\/v2\/product_cat?post=1293"},{"taxonomy":"product_tag","embeddable":true,"href":"https:\/\/mincarone.net\/pt\/wp-json\/wp\/v2\/product_tag?post=1293"}],"curies":[{"name":"wp","href":"https:\/\/api.w.org\/{rel}","templated":true}]}}