{"id":1295,"date":"2023-10-10T14:43:18","date_gmt":"2023-10-10T17:43:18","guid":{"rendered":"http:\/\/net.mincarone.com.br\/produto\/ventoinha-turbina-duplo-piso-thermo-king-dp-772517\/"},"modified":"2026-04-07T09:35:08","modified_gmt":"2026-04-07T12:35:08","slug":"ventoinha-turbina-duplo-piso-thermo-king-dp-772517-77-2517","status":"publish","type":"product","link":"https:\/\/mincarone.net\/pt\/produto\/ventoinha-turbina-duplo-piso-thermo-king-dp-772517-77-2517\/","title":{"rendered":"VENTOINHA TURBINA DUPLO PISO THERMO KING DP 772517 77-2517"},"content":{"rendered":"<p>TURBINA THERMO KING ORIGINAL<\/p>\n<p>MARCA: THERMO KING<br \/>\nREFERENCIA THERMO KING: 772517 77-2517 ERA 771484 77-1484 ERA 001162<br \/>\nREFERENCIA OEM: 1084A13G18<br \/>\nMEDIDAS: 25 CM X 13 CM<br \/>\nMODELO: SENTIDO ANTI HOR\u00c1RIO LADO MOTORISTA ROADSIDE<br \/>\nAPLICA\u00c7\u00c3O: DUPLO PISO SAL\u00c3O SUPERIOR , DPI , DPII, DPIII, D3G , D3S, T1, T2, T3, T9, T10, TH7, OUTROS<\/p>\n<p>MINCARONE, RUIZ E CIA. LTDA. DESDE 1985 ATENDENDO O MERCADO DO TRANSPORTE REFRIGERADO.<br \/>\nDISTRIBUIDOR DEALER THERMO KING<\/p>","protected":false},"excerpt":{"rendered":"<p>TURBINA THERMO KING ORIGINAL MARCA: THERMO KING REFERENCIA THERMO KING: 772517 77-2517 ERA 771484 77-1484 ERA 001162 REFERENCIA OEM: 1084A13G18 [&hellip;]<\/p>","protected":false},"featured_media":3091,"comment_status":"closed","ping_status":"closed","template":"","meta":{"_acf_changed":false,"site-sidebar-layout":"default","site-content-layout":"default","ast-site-content-layout":"default","site-content-style":"default","site-sidebar-style":"default","ast-global-header-display":"","ast-banner-title-visibility":"","ast-main-header-display":"","ast-hfb-above-header-display":"","ast-hfb-below-header-display":"","ast-hfb-mobile-header-display":"","site-post-title":"","ast-breadcrumbs-content":"","ast-featured-img":"","footer-sml-layout":"","ast-disable-related-posts":"","theme-transparent-header-meta":"default","adv-header-id-meta":"","stick-header-meta":"default","header-above-stick-meta":"","header-main-stick-meta":"","header-below-stick-meta":"","astra-migrate-meta-layouts":"default","ast-page-background-enabled":"default","ast-page-background-meta":{"desktop":{"background-color":"var(--ast-global-color-5)","background-image":"","background-repeat":"repeat","background-position":"center center","background-size":"auto","background-attachment":"scroll","background-type":"","background-media":"","overlay-type":"","overlay-color":"","overlay-opacity":"","overlay-gradient":""},"tablet":{"background-color":"","background-image":"","background-repeat":"repeat","background-position":"center center","background-size":"auto","background-attachment":"scroll","background-type":"","background-media":"","overlay-type":"","overlay-color":"","overlay-opacity":"","overlay-gradient":""},"mobile":{"background-color":"","background-image":"","background-repeat":"repeat","background-position":"center center","background-size":"auto","background-attachment":"scroll","background-type":"","background-media":"","overlay-type":"","overlay-color":"","overlay-opacity":"","overlay-gradient":""}},"ast-content-background-meta":{"desktop":{"background-color":"var(--ast-global-color-4)","background-image":"","background-repeat":"repeat","background-position":"center center","background-size":"auto","background-attachment":"scroll","background-type":"","background-media":"","overlay-type":"","overlay-color":"","overlay-opacity":"","overlay-gradient":""},"tablet":{"background-color":"var(--ast-global-color-4)","background-image":"","background-repeat":"repeat","background-position":"center center","background-size":"auto","background-attachment":"scroll","background-type":"","background-media":"","overlay-type":"","overlay-color":"","overlay-opacity":"","overlay-gradient":""},"mobile":{"background-color":"var(--ast-global-color-4)","background-image":"","background-repeat":"repeat","background-position":"center center","background-size":"auto","background-attachment":"scroll","background-type":"","background-media":"","overlay-type":"","overlay-color":"","overlay-opacity":"","overlay-gradient":""}},"_joinchat":[]},"product_brand":[],"product_cat":[19],"product_tag":[],"class_list":{"0":"post-1295","1":"product","2":"type-product","3":"status-publish","4":"has-post-thumbnail","6":"product_cat-eletroventiladores","7":"desktop-align-left","8":"tablet-align-left","9":"mobile-align-left","11":"first","12":"instock","13":"shipping-taxable","14":"purchasable","15":"product-type-simple"},"acf":{"titulo_ingles":"EVAPORATOR BLOWER FAN WHEEL THERMO KING DP 77-2517 772517","descricao_ingles":"EVAPORATOR BLOWER FAN WHEEL THERMO KING\r\n\r\nBRAND: THERMO KING\r\nPART NUMBER: 772517 77-2517 USED TO BE 771484 77-1484 AND 001162\r\nOEM REFERENCE: 1084A13G18\r\nSIZE: 25 CM X 13 CM\r\nMODEL: COUNTERCLOCKWISE - ROADSIDE\r\nAPPLICATION: DOUBLE DECKER UPPER HALL, DPI, DPII, DPIII, D3G, D3S, T1, T2, T3, T9, T10, TH7, OTHERS\r\n\r\nMINCARONE RUIZ E CIA. LTDA. SINCE 1985 SERVING THE REFRIGERATED TRANSPORT MARKET\r\n\t\t\r\nTHERMO KING DEALER\r\n","titulo_espanhol":"TURBINA VENTILADOR - EVAPORADOR THERMO KING DP 77-2517 772517","descricao_espanhol":"TURBINA VENTILADOR - EVAPORADOR\r\n\r\nMARCA: THERMO KING\r\nN\u00daMERO DE REPUESTO: 772517 77-2517 ERA 77-1484 771484 E 001162\r\nREFERENCIA OEM: 1084A13G18\r\nMEDIDAS: 25 CM X 13 CM\r\nMODELO: LADO DEL CONDUCTOR\r\nAPLICACI\u00d3N: SALA SUPERIOR DEL AUTOBUS DOS PISOS, DPI, DPII, DPIII, D3G, D3S, T1, T2, T3, T9, T10, TH7, OTROS\r\n\r\nMINCARONE RUIZ E CIA. LTDA. DESDE 1985 AL SERVICIO DEL MERCADO DEL TRANSPORTE REFRIGERADO\r\n\t\r\nCONCESIONARIO THERMO KING\r\n"},"_links":{"self":[{"href":"https:\/\/mincarone.net\/pt\/wp-json\/wp\/v2\/product\/1295","targetHints":{"allow":["GET"]}}],"collection":[{"href":"https:\/\/mincarone.net\/pt\/wp-json\/wp\/v2\/product"}],"about":[{"href":"https:\/\/mincarone.net\/pt\/wp-json\/wp\/v2\/types\/product"}],"replies":[{"embeddable":true,"href":"https:\/\/mincarone.net\/pt\/wp-json\/wp\/v2\/comments?post=1295"}],"wp:featuredmedia":[{"embeddable":true,"href":"https:\/\/mincarone.net\/pt\/wp-json\/wp\/v2\/media\/3091"}],"wp:attachment":[{"href":"https:\/\/mincarone.net\/pt\/wp-json\/wp\/v2\/media?parent=1295"}],"wp:term":[{"taxonomy":"product_brand","embeddable":true,"href":"https:\/\/mincarone.net\/pt\/wp-json\/wp\/v2\/product_brand?post=1295"},{"taxonomy":"product_cat","embeddable":true,"href":"https:\/\/mincarone.net\/pt\/wp-json\/wp\/v2\/product_cat?post=1295"},{"taxonomy":"product_tag","embeddable":true,"href":"https:\/\/mincarone.net\/pt\/wp-json\/wp\/v2\/product_tag?post=1295"}],"curies":[{"name":"wp","href":"https:\/\/api.w.org\/{rel}","templated":true}]}}