{"id":1309,"date":"2023-10-10T14:43:20","date_gmt":"2023-10-10T17:43:20","guid":{"rendered":"http:\/\/net.mincarone.com.br\/produto\/449700\/"},"modified":"2026-04-09T17:46:51","modified_gmt":"2026-04-09T20:46:51","slug":"terminal-awg-deutsch-dt-femea-kit-10-un-thermo-king-449700-44-9700","status":"publish","type":"product","link":"https:\/\/mincarone.net\/pt\/produto\/terminal-awg-deutsch-dt-femea-kit-10-un-thermo-king-449700-44-9700\/","title":{"rendered":"TERMINAL AWG DEUTSCH DT FEMEA KIT 10 UN. THERMO KING 449700 44-9700"},"content":{"rendered":"<div>KIT 10 TERMINAIS AWG DEUTSCH DT F\u00caMEA PARA FIOS DE 0,50MM AT\u00c9 2,5MM.<\/div>\n<div><\/div>\n<div>MARCA: THERMO KING<\/div>\n<div>REFER\u00caNCIA: 449700 (44-9700)<\/div>\n<div>PARA PINOS THERMO KING 410182 (41-182) E 449591 (44-9591)<\/div>\n<div>MEDIDAS: 20,60 MM DE COMPRIMENTO, DI\u00c2METRO EXTERNO 2,9 MM<\/div>\n<div>APLICA\u00c7\u00d5ES: LRT, MD-100, MD-200, MD-300, MD-2, SB-190, SB-200, SB-210, SB-230, SB-310, SB-330, SB-3, SUPER-2, T-1000, T-1080, V90, V100, V200, V250, V300, V400, V500, V600, V700<\/div>\n<div><\/div>\n<div>MINCARONE, RUIZ E CIA. LTDA. DESDE 1985 ATENDENDO O MERCADO DO TRANSPORTE REFRIGERADO<\/div>\n<div>DISTRIBUIDOR DEALER THERMO KING<\/div>","protected":false},"excerpt":{"rendered":"<p>KIT 10 TERMINAIS AWG DEUTSCH DT F\u00caMEA PARA FIOS DE 0,50MM AT\u00c9 2,5MM. MARCA: THERMO KING REFER\u00caNCIA: 449700 (44-9700) PARA [&hellip;]<\/p>","protected":false},"featured_media":3275,"comment_status":"closed","ping_status":"closed","template":"","meta":{"_acf_changed":false,"site-sidebar-layout":"default","site-content-layout":"default","ast-site-content-layout":"default","site-content-style":"default","site-sidebar-style":"default","ast-global-header-display":"","ast-banner-title-visibility":"","ast-main-header-display":"","ast-hfb-above-header-display":"","ast-hfb-below-header-display":"","ast-hfb-mobile-header-display":"","site-post-title":"","ast-breadcrumbs-content":"","ast-featured-img":"","footer-sml-layout":"","ast-disable-related-posts":"","theme-transparent-header-meta":"default","adv-header-id-meta":"","stick-header-meta":"default","header-above-stick-meta":"","header-main-stick-meta":"","header-below-stick-meta":"","astra-migrate-meta-layouts":"default","ast-page-background-enabled":"default","ast-page-background-meta":{"desktop":{"background-color":"var(--ast-global-color-5)","background-image":"","background-repeat":"repeat","background-position":"center center","background-size":"auto","background-attachment":"scroll","background-type":"","background-media":"","overlay-type":"","overlay-color":"","overlay-opacity":"","overlay-gradient":""},"tablet":{"background-color":"","background-image":"","background-repeat":"repeat","background-position":"center center","background-size":"auto","background-attachment":"scroll","background-type":"","background-media":"","overlay-type":"","overlay-color":"","overlay-opacity":"","overlay-gradient":""},"mobile":{"background-color":"","background-image":"","background-repeat":"repeat","background-position":"center center","background-size":"auto","background-attachment":"scroll","background-type":"","background-media":"","overlay-type":"","overlay-color":"","overlay-opacity":"","overlay-gradient":""}},"ast-content-background-meta":{"desktop":{"background-color":"var(--ast-global-color-4)","background-image":"","background-repeat":"repeat","background-position":"center center","background-size":"auto","background-attachment":"scroll","background-type":"","background-media":"","overlay-type":"","overlay-color":"","overlay-opacity":"","overlay-gradient":""},"tablet":{"background-color":"var(--ast-global-color-4)","background-image":"","background-repeat":"repeat","background-position":"center center","background-size":"auto","background-attachment":"scroll","background-type":"","background-media":"","overlay-type":"","overlay-color":"","overlay-opacity":"","overlay-gradient":""},"mobile":{"background-color":"var(--ast-global-color-4)","background-image":"","background-repeat":"repeat","background-position":"center center","background-size":"auto","background-attachment":"scroll","background-type":"","background-media":"","overlay-type":"","overlay-color":"","overlay-opacity":"","overlay-gradient":""}},"_joinchat":[]},"product_brand":[],"product_cat":[76],"product_tag":[],"class_list":{"0":"post-1309","1":"product","2":"type-product","3":"status-publish","4":"has-post-thumbnail","6":"product_cat-componentes-eletricos","7":"desktop-align-left","8":"tablet-align-left","9":"mobile-align-left","11":"first","12":"instock","13":"shipping-taxable","14":"purchasable","15":"product-type-simple"},"acf":{"titulo_ingles":"TERMINAL - SOCKET AWG DEUTSCH DT - 10 UNITS 449700 44-9700","descricao_ingles":"10 AWG DEUTSCH DT TERMINALS KIT\t\r\n\t\t\r\nBRAND: THERMO KING\r\nPART NUMBER: 449700 (44-9700)\r\nFOR USE IN THERMO KING 410182 (41-182) AND 449591 (44-9591)\r\nMEASUREMENTS: 20,60 MM LENGHT, EXTERNAL DIAMETER 2,9 MM\r\nAPPLICATION: LRT, MD-100, MD-200, MD-300, MD-2, SB-190, SB-200, SB-210, SB-230, SB-310, SB-330, SB-3, SUPER-2, T-1000, T-1080, V90, V100, V200, V250, V300, V400, V500, V600, V700\r\n\t\r\n\r\nMINCARONE RUIZ E CIA. LTDA. SINCE 1985 SERVING THE REFRIGERATED TRANSPORT MARKET\r\n\t\t\r\nTHERMO KING DEALER","titulo_espanhol":"TERMINAL - ENCHUFE AWG DEUTSCH DT - 10 UNIDADES 449700 44-9700","descricao_espanhol":"KIT DE TERMINALES DEUTSCH DT DE 10 AWG\r\n\r\nMARCA: THERMO KING\r\nN\u00daMERO DE REPUESTO: 449700 (44-9700)\r\nPARA USO EN THERMO KING 410182 (41-182) Y 449591 (44-9591)\r\nMEDIDAS: 20,60 MM LARGO, DI\u00c1METRO EXTERNO 2,9 MM\r\nAPLICACI\u00d3N: LRT, MD-100, MD-200, MD-300, MD-2, SB-190, SB-200, SB-210, SB-230, SB-310, SB-330, SB-3, SUPER- 2, T-1000, T-1080, V90, V100, V200, V250, V300, V400, V500, V600, V700.\r\n\r\n\r\nMINCARONE RUIZ E CIA. LTDA. DESDE 1985 AL SERVICIO DEL MERCADO DEL TRANSPORTE REFRIGERADO\r\n\t\r\nCONCESIONARIO THERMO KING\r\n"},"_links":{"self":[{"href":"https:\/\/mincarone.net\/pt\/wp-json\/wp\/v2\/product\/1309","targetHints":{"allow":["GET"]}}],"collection":[{"href":"https:\/\/mincarone.net\/pt\/wp-json\/wp\/v2\/product"}],"about":[{"href":"https:\/\/mincarone.net\/pt\/wp-json\/wp\/v2\/types\/product"}],"replies":[{"embeddable":true,"href":"https:\/\/mincarone.net\/pt\/wp-json\/wp\/v2\/comments?post=1309"}],"wp:featuredmedia":[{"embeddable":true,"href":"https:\/\/mincarone.net\/pt\/wp-json\/wp\/v2\/media\/3275"}],"wp:attachment":[{"href":"https:\/\/mincarone.net\/pt\/wp-json\/wp\/v2\/media?parent=1309"}],"wp:term":[{"taxonomy":"product_brand","embeddable":true,"href":"https:\/\/mincarone.net\/pt\/wp-json\/wp\/v2\/product_brand?post=1309"},{"taxonomy":"product_cat","embeddable":true,"href":"https:\/\/mincarone.net\/pt\/wp-json\/wp\/v2\/product_cat?post=1309"},{"taxonomy":"product_tag","embeddable":true,"href":"https:\/\/mincarone.net\/pt\/wp-json\/wp\/v2\/product_tag?post=1309"}],"curies":[{"name":"wp","href":"https:\/\/api.w.org\/{rel}","templated":true}]}}