{"id":1336,"date":"2023-10-10T14:43:24","date_gmt":"2023-10-10T17:43:24","guid":{"rendered":"http:\/\/net.mincarone.com.br\/produto\/923865\/"},"modified":"2026-04-07T17:51:13","modified_gmt":"2026-04-07T20:51:13","slug":"haste-solen-ide-tk486-thermo-king-923865-92-3865-precedent-sb-super2","status":"publish","type":"product","link":"https:\/\/mincarone.net\/pt\/produto\/haste-solen-ide-tk486-thermo-king-923865-92-3865-precedent-sb-super2\/","title":{"rendered":"HASTE SOLEN\u00d3IDE TK486 THERMO KING 923865 92-3865 PRECEDENT SB SUPER2"},"content":{"rendered":"<p>HASTE DA SOLEN\u00d3IDE DE CONTROLE DE VELOCIDADE MOTOR TK486<\/p>\n<p>MARCA: THERMO KING<br \/>\nREFER\u00caNCIA: 923865 (92-3865)<br \/>\nAPLICA\u00c7\u00c3O: PRECEDENT, SB-2, SB-3, SUPER-2<\/p>\n<p>MINCARONE, RUIZ E CIA. LTDA. DESDE 1985 ATENDENDO O MERCADO DO TRANSPORTE REFRIGERADO<br \/>\nDISTRIBUIDOR DEALER THERMO KING<\/p>","protected":false},"excerpt":{"rendered":"<p>HASTE DA SOLEN\u00d3IDE DE CONTROLE DE VELOCIDADE MOTOR TK486 MARCA: THERMO KING REFER\u00caNCIA: 923865 (92-3865) APLICA\u00c7\u00c3O: PRECEDENT, SB-2, SB-3, SUPER-2 [&hellip;]<\/p>","protected":false},"featured_media":3173,"comment_status":"closed","ping_status":"closed","template":"","meta":{"_acf_changed":false,"site-sidebar-layout":"default","site-content-layout":"default","ast-site-content-layout":"default","site-content-style":"default","site-sidebar-style":"default","ast-global-header-display":"","ast-banner-title-visibility":"","ast-main-header-display":"","ast-hfb-above-header-display":"","ast-hfb-below-header-display":"","ast-hfb-mobile-header-display":"","site-post-title":"","ast-breadcrumbs-content":"","ast-featured-img":"","footer-sml-layout":"","ast-disable-related-posts":"","theme-transparent-header-meta":"default","adv-header-id-meta":"","stick-header-meta":"default","header-above-stick-meta":"","header-main-stick-meta":"","header-below-stick-meta":"","astra-migrate-meta-layouts":"default","ast-page-background-enabled":"default","ast-page-background-meta":{"desktop":{"background-color":"var(--ast-global-color-5)","background-image":"","background-repeat":"repeat","background-position":"center center","background-size":"auto","background-attachment":"scroll","background-type":"","background-media":"","overlay-type":"","overlay-color":"","overlay-opacity":"","overlay-gradient":""},"tablet":{"background-color":"","background-image":"","background-repeat":"repeat","background-position":"center center","background-size":"auto","background-attachment":"scroll","background-type":"","background-media":"","overlay-type":"","overlay-color":"","overlay-opacity":"","overlay-gradient":""},"mobile":{"background-color":"","background-image":"","background-repeat":"repeat","background-position":"center center","background-size":"auto","background-attachment":"scroll","background-type":"","background-media":"","overlay-type":"","overlay-color":"","overlay-opacity":"","overlay-gradient":""}},"ast-content-background-meta":{"desktop":{"background-color":"var(--ast-global-color-4)","background-image":"","background-repeat":"repeat","background-position":"center center","background-size":"auto","background-attachment":"scroll","background-type":"","background-media":"","overlay-type":"","overlay-color":"","overlay-opacity":"","overlay-gradient":""},"tablet":{"background-color":"var(--ast-global-color-4)","background-image":"","background-repeat":"repeat","background-position":"center center","background-size":"auto","background-attachment":"scroll","background-type":"","background-media":"","overlay-type":"","overlay-color":"","overlay-opacity":"","overlay-gradient":""},"mobile":{"background-color":"var(--ast-global-color-4)","background-image":"","background-repeat":"repeat","background-position":"center center","background-size":"auto","background-attachment":"scroll","background-type":"","background-media":"","overlay-type":"","overlay-color":"","overlay-opacity":"","overlay-gradient":""}},"_joinchat":[]},"product_brand":[],"product_cat":[21],"product_tag":[],"class_list":{"0":"post-1336","1":"product","2":"type-product","3":"status-publish","4":"has-post-thumbnail","6":"product_cat-motor","7":"desktop-align-left","8":"tablet-align-left","9":"mobile-align-left","11":"first","12":"instock","13":"shipping-taxable","14":"purchasable","15":"product-type-simple"},"acf":{"titulo_ingles":"ROD - SPEED CONTROL SOLENOID TK486 THERMO KING 923865 92-3865 PRECEDENT SB SUPER2","descricao_ingles":"TK486 ENGINE SPEED CONTROL SOLENOID ROD\r\n\t\t\r\nBRAND: THERMO KING\r\nPART NUMBER: 923865 (92-3865)\r\nAPPLICATION: PRECEDENT, SB-2, SB-3, SUPER-2\r\n\t\t\t\r\n\r\nMINCARONE RUIZ E CIA. LTDA. SINCE 1985 SERVING THE REFRIGERATED TRANSPORT MARKET\r\n\t\t\r\nTHERMO KING DEALER\r\n","titulo_espanhol":"VARILLA - SOLENOIDE DE CONTROL DE VELOCIDAD TK486 THERMO KING 923865 92-3865 PRECEDENTE SB SUPER2","descricao_espanhol":"VARILLA DE SOLENOIDE DE CONTROL DE VELOCIDAD DEL MOTOR TK486\r\n\r\nMARCA: THERMO KING\r\nN\u00daMERO DE REPUESTO: 923865 (92-3865)\r\nAPLICACI\u00d3N: PRECEDENTE, SB-2, SB-3, SUPER-2\r\n\r\n\r\nMINCARONE RUIZ E CIA. LTDA. DESDE 1985 AL SERVICIO DEL MERCADO DEL TRANSPORTE REFRIGERADO\r\n\t\r\nCONCESIONARIO THERMO KING\r\n"},"_links":{"self":[{"href":"https:\/\/mincarone.net\/pt\/wp-json\/wp\/v2\/product\/1336","targetHints":{"allow":["GET"]}}],"collection":[{"href":"https:\/\/mincarone.net\/pt\/wp-json\/wp\/v2\/product"}],"about":[{"href":"https:\/\/mincarone.net\/pt\/wp-json\/wp\/v2\/types\/product"}],"replies":[{"embeddable":true,"href":"https:\/\/mincarone.net\/pt\/wp-json\/wp\/v2\/comments?post=1336"}],"wp:featuredmedia":[{"embeddable":true,"href":"https:\/\/mincarone.net\/pt\/wp-json\/wp\/v2\/media\/3173"}],"wp:attachment":[{"href":"https:\/\/mincarone.net\/pt\/wp-json\/wp\/v2\/media?parent=1336"}],"wp:term":[{"taxonomy":"product_brand","embeddable":true,"href":"https:\/\/mincarone.net\/pt\/wp-json\/wp\/v2\/product_brand?post=1336"},{"taxonomy":"product_cat","embeddable":true,"href":"https:\/\/mincarone.net\/pt\/wp-json\/wp\/v2\/product_cat?post=1336"},{"taxonomy":"product_tag","embeddable":true,"href":"https:\/\/mincarone.net\/pt\/wp-json\/wp\/v2\/product_tag?post=1336"}],"curies":[{"name":"wp","href":"https:\/\/api.w.org\/{rel}","templated":true}]}}