{"id":13882,"date":"2024-11-28T15:46:00","date_gmt":"2024-11-28T18:46:00","guid":{"rendered":"http:\/\/net.mincarone.com.br\/produto\/porta-fusivel-ultra-rapido-thermo-king-001108-lrt-mrt\/"},"modified":"2026-02-18T06:22:53","modified_gmt":"2026-02-18T09:22:53","slug":"porta-fus-vel-ultra-rapido-thermo-king-001108-lrt-mrt","status":"publish","type":"product","link":"https:\/\/mincarone.net\/pt\/produto\/porta-fus-vel-ultra-rapido-thermo-king-001108-lrt-mrt\/","title":{"rendered":"PORTA FUS\u00cdVEL ULTRA RAPIDO THERMO KING 001108 LRT MRT"},"content":{"rendered":"<p>PORTA FUS\u00cdVEL<\/p>\n<p>MARCA: ELETROSET<br \/>\nPARA FUS\u00cdVEIS DE 60 A 150 AMPERES, 500 VOLTS<br \/>\nMEDIDAS DO PORTA FUS\u00cdVEL: 105,5MM X 46,5MM X 50MM<br \/>\nMEDIDA DO FUS\u00cdVEL: 70MM X 22MM<\/p>\n<p>MINCARONE, RUIZ E CIA. LTDA. DESDE 1985 ATENDENDO O MERCADO DO TRANSPORTE REFRIGERADO<\/p>","protected":false},"excerpt":{"rendered":"<p>PORTA FUS\u00cdVEL MARCA: ELETROSET PARA FUS\u00cdVEIS DE 60 A 150 AMPERES, 500 VOLTS MEDIDAS DO PORTA FUS\u00cdVEL: 105,5MM X 46,5MM [&hellip;]<\/p>","protected":false},"featured_media":15282,"comment_status":"closed","ping_status":"closed","template":"","meta":{"_acf_changed":false,"site-sidebar-layout":"default","site-content-layout":"","ast-site-content-layout":"default","site-content-style":"default","site-sidebar-style":"default","ast-global-header-display":"","ast-banner-title-visibility":"","ast-main-header-display":"","ast-hfb-above-header-display":"","ast-hfb-below-header-display":"","ast-hfb-mobile-header-display":"","site-post-title":"","ast-breadcrumbs-content":"","ast-featured-img":"","footer-sml-layout":"","ast-disable-related-posts":"","theme-transparent-header-meta":"default","adv-header-id-meta":"","stick-header-meta":"default","header-above-stick-meta":"","header-main-stick-meta":"","header-below-stick-meta":"","astra-migrate-meta-layouts":"set","ast-page-background-enabled":"default","ast-page-background-meta":{"desktop":{"background-color":"var(--ast-global-color-5)","background-image":"","background-repeat":"repeat","background-position":"center center","background-size":"auto","background-attachment":"scroll","background-type":"","background-media":"","overlay-type":"","overlay-color":"","overlay-opacity":"","overlay-gradient":""},"tablet":{"background-color":"","background-image":"","background-repeat":"repeat","background-position":"center center","background-size":"auto","background-attachment":"scroll","background-type":"","background-media":"","overlay-type":"","overlay-color":"","overlay-opacity":"","overlay-gradient":""},"mobile":{"background-color":"","background-image":"","background-repeat":"repeat","background-position":"center center","background-size":"auto","background-attachment":"scroll","background-type":"","background-media":"","overlay-type":"","overlay-color":"","overlay-opacity":"","overlay-gradient":""}},"ast-content-background-meta":{"desktop":{"background-color":"var(--ast-global-color-4)","background-image":"","background-repeat":"repeat","background-position":"center center","background-size":"auto","background-attachment":"scroll","background-type":"","background-media":"","overlay-type":"","overlay-color":"","overlay-opacity":"","overlay-gradient":""},"tablet":{"background-color":"var(--ast-global-color-4)","background-image":"","background-repeat":"repeat","background-position":"center center","background-size":"auto","background-attachment":"scroll","background-type":"","background-media":"","overlay-type":"","overlay-color":"","overlay-opacity":"","overlay-gradient":""},"mobile":{"background-color":"var(--ast-global-color-4)","background-image":"","background-repeat":"repeat","background-position":"center center","background-size":"auto","background-attachment":"scroll","background-type":"","background-media":"","overlay-type":"","overlay-color":"","overlay-opacity":"","overlay-gradient":""}},"_joinchat":[]},"product_brand":[],"product_cat":[76],"product_tag":[],"class_list":{"0":"post-13882","1":"product","2":"type-product","3":"status-publish","4":"has-post-thumbnail","6":"product_cat-componentes-eletricos","7":"desktop-align-left","8":"tablet-align-left","9":"mobile-align-left","11":"first","12":"instock","13":"shipping-taxable","14":"purchasable","15":"product-type-simple"},"acf":{"titulo_ingles":"ULTRA FUSE FUSE THERMO KING 001108 LRT MRT","descricao_ingles":"FUSE HOLDER\r\n\r\nBRAND: ELETROSET\r\nFOR 60 AMPS, 500 VOLTS FUSES\r\nSIZE: 105,5MM X 46,5MM X 50MM\r\nFUSE SIZE: 70MM HEIGHT AND 22MM DIAMETER\r\n\r\n\r\nMINCARONE RUIZ E CIA. LTDA. SINCE 1985 SERVING THE REFRIGERATED TRANSPORT MARKET","titulo_espanhol":"ULTRA FUSE FUSE THERMO KING 001108 LRT MRT","descricao_espanhol":"PORTAFUSIBLES\r\n\r\nMARCA: ELETROSET\r\nPARA FUSIBLES DE 60 AMPERIOS 500 VOLTIOS\r\nTAMA\u00d1O: 105,5 mm x 46,5 mm x 50 mm\r\nTAMA\u00d1O DEL FUSIBLE: 70 mm DE ALTURA Y 22 mm DE DI\u00c1METRO\r\n\r\n\r\nMINCARONE RUIZ E CIA. LTDA. DESDE 1985 AL SERVICIO DEL MERCADO DEL TRANSPORTE REFRIGERADO\r\n"},"_links":{"self":[{"href":"https:\/\/mincarone.net\/pt\/wp-json\/wp\/v2\/product\/13882","targetHints":{"allow":["GET"]}}],"collection":[{"href":"https:\/\/mincarone.net\/pt\/wp-json\/wp\/v2\/product"}],"about":[{"href":"https:\/\/mincarone.net\/pt\/wp-json\/wp\/v2\/types\/product"}],"replies":[{"embeddable":true,"href":"https:\/\/mincarone.net\/pt\/wp-json\/wp\/v2\/comments?post=13882"}],"wp:featuredmedia":[{"embeddable":true,"href":"https:\/\/mincarone.net\/pt\/wp-json\/wp\/v2\/media\/15282"}],"wp:attachment":[{"href":"https:\/\/mincarone.net\/pt\/wp-json\/wp\/v2\/media?parent=13882"}],"wp:term":[{"taxonomy":"product_brand","embeddable":true,"href":"https:\/\/mincarone.net\/pt\/wp-json\/wp\/v2\/product_brand?post=13882"},{"taxonomy":"product_cat","embeddable":true,"href":"https:\/\/mincarone.net\/pt\/wp-json\/wp\/v2\/product_cat?post=13882"},{"taxonomy":"product_tag","embeddable":true,"href":"https:\/\/mincarone.net\/pt\/wp-json\/wp\/v2\/product_tag?post=13882"}],"curies":[{"name":"wp","href":"https:\/\/api.w.org\/{rel}","templated":true}]}}