{"id":13985,"date":"2024-11-28T15:46:48","date_gmt":"2024-11-28T18:46:48","guid":{"rendered":"http:\/\/net.mincarone.com.br\/produto\/13985\/"},"modified":"2026-04-07T17:51:11","modified_gmt":"2026-04-07T20:51:11","slug":"tampa-retentor-alternador-thermo-king-771065-77-1065-lrt","status":"publish","type":"product","link":"https:\/\/mincarone.net\/pt\/produto\/tampa-retentor-alternador-thermo-king-771065-77-1065-lrt\/","title":{"rendered":"TAMPA RETENTOR ALTERNADOR THERMO KING 771065 77-1065 LRT"},"content":{"rendered":"<p>TAMPA RETENTOR DO ALTERNADOR 125A 24V<\/p>\n<p>MARCA: THERMO KING<br \/>\nREFER\u00caNCIA: 771065 (77-1065)<br \/>\nAPLICA\u00c7\u00d5ES: ALTERNADOR PRESTOLITE MOTOROLA 125 AMPERES, D1, D3, LRT, MRT, SRT<\/p>\n<p>MINCARONE RUIZ E CIA. LTDA. DESDE 1985 ATENDENDO O MERCADO DO TRANSPORTE REFRIGERADO<\/p>\n<p>DISTRIBUIDOR\/DEALER THERMO KING<\/p>","protected":false},"excerpt":{"rendered":"<p>TAMPA RETENTOR DO ALTERNADOR 125A 24V MARCA: THERMO KING REFER\u00caNCIA: 771065 (77-1065) APLICA\u00c7\u00d5ES: ALTERNADOR PRESTOLITE MOTOROLA 125 AMPERES, D1, D3, [&hellip;]<\/p>","protected":false},"featured_media":14521,"comment_status":"closed","ping_status":"closed","template":"","meta":{"_acf_changed":false,"site-sidebar-layout":"default","site-content-layout":"","ast-site-content-layout":"default","site-content-style":"default","site-sidebar-style":"default","ast-global-header-display":"","ast-banner-title-visibility":"","ast-main-header-display":"","ast-hfb-above-header-display":"","ast-hfb-below-header-display":"","ast-hfb-mobile-header-display":"","site-post-title":"","ast-breadcrumbs-content":"","ast-featured-img":"","footer-sml-layout":"","ast-disable-related-posts":"","theme-transparent-header-meta":"default","adv-header-id-meta":"","stick-header-meta":"default","header-above-stick-meta":"","header-main-stick-meta":"","header-below-stick-meta":"","astra-migrate-meta-layouts":"set","ast-page-background-enabled":"default","ast-page-background-meta":{"desktop":{"background-color":"var(--ast-global-color-5)","background-image":"","background-repeat":"repeat","background-position":"center center","background-size":"auto","background-attachment":"scroll","background-type":"","background-media":"","overlay-type":"","overlay-color":"","overlay-opacity":"","overlay-gradient":""},"tablet":{"background-color":"","background-image":"","background-repeat":"repeat","background-position":"center center","background-size":"auto","background-attachment":"scroll","background-type":"","background-media":"","overlay-type":"","overlay-color":"","overlay-opacity":"","overlay-gradient":""},"mobile":{"background-color":"","background-image":"","background-repeat":"repeat","background-position":"center center","background-size":"auto","background-attachment":"scroll","background-type":"","background-media":"","overlay-type":"","overlay-color":"","overlay-opacity":"","overlay-gradient":""}},"ast-content-background-meta":{"desktop":{"background-color":"var(--ast-global-color-4)","background-image":"","background-repeat":"repeat","background-position":"center center","background-size":"auto","background-attachment":"scroll","background-type":"","background-media":"","overlay-type":"","overlay-color":"","overlay-opacity":"","overlay-gradient":""},"tablet":{"background-color":"var(--ast-global-color-4)","background-image":"","background-repeat":"repeat","background-position":"center center","background-size":"auto","background-attachment":"scroll","background-type":"","background-media":"","overlay-type":"","overlay-color":"","overlay-opacity":"","overlay-gradient":""},"mobile":{"background-color":"var(--ast-global-color-4)","background-image":"","background-repeat":"repeat","background-position":"center center","background-size":"auto","background-attachment":"scroll","background-type":"","background-media":"","overlay-type":"","overlay-color":"","overlay-opacity":"","overlay-gradient":""}},"_joinchat":[]},"product_brand":[],"product_cat":[59],"product_tag":[],"class_list":{"0":"post-13985","1":"product","2":"type-product","3":"status-publish","4":"has-post-thumbnail","6":"product_cat-alternadores","7":"desktop-align-left","8":"tablet-align-left","9":"mobile-align-left","11":"first","12":"instock","13":"shipping-taxable","14":"purchasable","15":"product-type-simple"},"acf":{"titulo_ingles":"RETAINER - BEARING THERMO KING 771065 77-1065 PRESTOLITE","descricao_ingles":"125 AMPS 24 VOLTS ALTERNATOR RETAINER BEARING\r\n\r\nBRAND: THERMO KING\r\nPART NUMBER: 771065 (77-1065)\r\nAPPLICATION: MOTOROLA PRESTOLITE 125 AMPS ALTERNATOR, D1, D3, LRT, MRT, SRT\r\n\r\n\r\nMINCARONE RUIZ E CIA. LTDA. SINCE 1985 SERVING THE REFRIGERATED TRANSPORT MARKET\r\n\t\t\r\nTHERMO KING DEALER","titulo_espanhol":"RETENEDOR - COJINETE THERMO KING 771065 77-1065 PRESTOLITE","descricao_espanhol":"COJINETE DE RETENCI\u00d3N DEL ALTERNADOR DE 125 AMPS Y 24 VOLTIOS\r\n\r\nMARCA: THERMO KING\r\nN\u00daMERO DE REPUESTO: 771065 (77-1065)\r\nAPLICACI\u00d3N: ALTERNADOR MOTOROLA PRESTOLITE DE 125 AMPS, D1, D3, LRT, MRT, SRT\r\n\r\n\r\nMINCARONE RUIZ E CIA. LTDA. DESDE 1985 AL SERVICIO DEL MERCADO DEL TRANSPORTE REFRIGERADO\r\n\t\r\nCONCESIONARIO THERMO KING"},"_links":{"self":[{"href":"https:\/\/mincarone.net\/pt\/wp-json\/wp\/v2\/product\/13985","targetHints":{"allow":["GET"]}}],"collection":[{"href":"https:\/\/mincarone.net\/pt\/wp-json\/wp\/v2\/product"}],"about":[{"href":"https:\/\/mincarone.net\/pt\/wp-json\/wp\/v2\/types\/product"}],"replies":[{"embeddable":true,"href":"https:\/\/mincarone.net\/pt\/wp-json\/wp\/v2\/comments?post=13985"}],"wp:featuredmedia":[{"embeddable":true,"href":"https:\/\/mincarone.net\/pt\/wp-json\/wp\/v2\/media\/14521"}],"wp:attachment":[{"href":"https:\/\/mincarone.net\/pt\/wp-json\/wp\/v2\/media?parent=13985"}],"wp:term":[{"taxonomy":"product_brand","embeddable":true,"href":"https:\/\/mincarone.net\/pt\/wp-json\/wp\/v2\/product_brand?post=13985"},{"taxonomy":"product_cat","embeddable":true,"href":"https:\/\/mincarone.net\/pt\/wp-json\/wp\/v2\/product_cat?post=13985"},{"taxonomy":"product_tag","embeddable":true,"href":"https:\/\/mincarone.net\/pt\/wp-json\/wp\/v2\/product_tag?post=13985"}],"curies":[{"name":"wp","href":"https:\/\/api.w.org\/{rel}","templated":true}]}}