{"id":13989,"date":"2024-11-28T15:46:50","date_gmt":"2024-11-28T18:46:50","guid":{"rendered":"http:\/\/net.mincarone.com.br\/produto\/rolamento-thermo-king-motor-ar-cond-onibus-d3-rt-771305\/"},"modified":"2026-04-08T17:58:42","modified_gmt":"2026-04-08T20:58:42","slug":"rolamento-do-motor-thermo-king-771305-77-1305-ar-cond-nibus-d3-rt","status":"publish","type":"product","link":"https:\/\/mincarone.net\/pt\/produto\/rolamento-do-motor-thermo-king-771305-77-1305-ar-cond-nibus-d3-rt\/","title":{"rendered":"ROLAMENTO DO MOTOR THERMO KING 771305 77-1305 AR COND. \u00d4NIBUS D3 RT"},"content":{"rendered":"<p>ROLAMENTO DA ARMADURA DO MOTOR DO AR CONDICIONADO<\/p>\n<p>MARCA: THERMO KING<br \/>\nREFER\u00caNCIA THERMO KING: 771305 (77-1305)<br \/>\nAPLICA\u00c7\u00d5ES: D3, RT, DP<br \/>\nMEDIDAS:<br \/>\nALTURA: 14MM \/ DI\u00c2METRO EXTERNO: 47MM \/ DI\u00c2METRO INTERNO: 20MM<\/p>\n<p>MINCARONE RUIZ E CIA. LTDA. DESDE 1985 ATENDENDO O MERCADO DO TRANSPORTE REFRIGERADO<\/p>\n<p>DISTRIBUIDOR\/DEALER THERMO KING<\/p>","protected":false},"excerpt":{"rendered":"<p>ROLAMENTO DA ARMADURA DO MOTOR DO AR CONDICIONADO MARCA: THERMO KING REFER\u00caNCIA THERMO KING: 771305 (77-1305) APLICA\u00c7\u00d5ES: D3, RT, DP [&hellip;]<\/p>","protected":false},"featured_media":14488,"comment_status":"closed","ping_status":"closed","template":"","meta":{"_acf_changed":false,"site-sidebar-layout":"default","site-content-layout":"","ast-site-content-layout":"default","site-content-style":"default","site-sidebar-style":"default","ast-global-header-display":"","ast-banner-title-visibility":"","ast-main-header-display":"","ast-hfb-above-header-display":"","ast-hfb-below-header-display":"","ast-hfb-mobile-header-display":"","site-post-title":"","ast-breadcrumbs-content":"","ast-featured-img":"","footer-sml-layout":"","ast-disable-related-posts":"","theme-transparent-header-meta":"default","adv-header-id-meta":"","stick-header-meta":"default","header-above-stick-meta":"","header-main-stick-meta":"","header-below-stick-meta":"","astra-migrate-meta-layouts":"set","ast-page-background-enabled":"default","ast-page-background-meta":{"desktop":{"background-color":"var(--ast-global-color-5)","background-image":"","background-repeat":"repeat","background-position":"center center","background-size":"auto","background-attachment":"scroll","background-type":"","background-media":"","overlay-type":"","overlay-color":"","overlay-opacity":"","overlay-gradient":""},"tablet":{"background-color":"","background-image":"","background-repeat":"repeat","background-position":"center center","background-size":"auto","background-attachment":"scroll","background-type":"","background-media":"","overlay-type":"","overlay-color":"","overlay-opacity":"","overlay-gradient":""},"mobile":{"background-color":"","background-image":"","background-repeat":"repeat","background-position":"center center","background-size":"auto","background-attachment":"scroll","background-type":"","background-media":"","overlay-type":"","overlay-color":"","overlay-opacity":"","overlay-gradient":""}},"ast-content-background-meta":{"desktop":{"background-color":"var(--ast-global-color-4)","background-image":"","background-repeat":"repeat","background-position":"center center","background-size":"auto","background-attachment":"scroll","background-type":"","background-media":"","overlay-type":"","overlay-color":"","overlay-opacity":"","overlay-gradient":""},"tablet":{"background-color":"var(--ast-global-color-4)","background-image":"","background-repeat":"repeat","background-position":"center center","background-size":"auto","background-attachment":"scroll","background-type":"","background-media":"","overlay-type":"","overlay-color":"","overlay-opacity":"","overlay-gradient":""},"mobile":{"background-color":"var(--ast-global-color-4)","background-image":"","background-repeat":"repeat","background-position":"center center","background-size":"auto","background-attachment":"scroll","background-type":"","background-media":"","overlay-type":"","overlay-color":"","overlay-opacity":"","overlay-gradient":""}},"_joinchat":[]},"product_brand":[],"product_cat":[89],"product_tag":[],"class_list":{"0":"post-13989","1":"product","2":"type-product","3":"status-publish","4":"has-post-thumbnail","6":"product_cat-itens-diversos","7":"desktop-align-left","8":"tablet-align-left","9":"mobile-align-left","11":"first","12":"instock","13":"shipping-taxable","14":"purchasable","15":"product-type-simple"},"acf":{"titulo_ingles":"BEARING - MOTOR THERMO KING 771305 77-1305 BUS AIR CONDITIONER D3 RT","descricao_ingles":"MOTOR BEARING\r\n\r\nBRAND: THERMO KING\r\nPART NUMBER: 771305 (77-1305)\r\nAPPLICATION: D3, RT, DP\r\nSIZE:\r\nHEIGHT: 14MM \/ EXTERNAL DIAMETER: 47MM \/ INTERNAL DIAMETER: 20MM\r\n\r\n\r\nMINCARONE RUIZ E CIA. LTDA. SINCE 1985 SERVING THE REFRIGERATED TRANSPORT MARKET\r\n\t\t\r\nTHERMO KING DEALER\r\n","titulo_espanhol":"COJINETE - MOTOR THERMO KING 771305 77-1305 AIRE ACONDICIONADO PARA AUTOBUSES D3 RT","descricao_espanhol":"COJINETE DEL MOTOR\r\n\r\nMARCA: THERMO KING\r\nN\u00daMERO DE REPUESTO: 771305 (77-1305)\r\nAPLICACI\u00d3N: D3, RT, DP\r\nTAMA\u00d1O:\r\nALTURA: 14 MM \/ DI\u00c1METRO EXTERNO: 47 MM \/ DI\u00c1METRO INTERNO: 20 MM\r\n\r\n\r\nMINCARONE RUIZ E CIA. LTDA. DESDE 1985 AL SERVICIO DEL MERCADO DEL TRANSPORTE REFRIGERADO\r\n\t\r\nCONCESIONARIO THERMO KING"},"_links":{"self":[{"href":"https:\/\/mincarone.net\/pt\/wp-json\/wp\/v2\/product\/13989","targetHints":{"allow":["GET"]}}],"collection":[{"href":"https:\/\/mincarone.net\/pt\/wp-json\/wp\/v2\/product"}],"about":[{"href":"https:\/\/mincarone.net\/pt\/wp-json\/wp\/v2\/types\/product"}],"replies":[{"embeddable":true,"href":"https:\/\/mincarone.net\/pt\/wp-json\/wp\/v2\/comments?post=13989"}],"wp:featuredmedia":[{"embeddable":true,"href":"https:\/\/mincarone.net\/pt\/wp-json\/wp\/v2\/media\/14488"}],"wp:attachment":[{"href":"https:\/\/mincarone.net\/pt\/wp-json\/wp\/v2\/media?parent=13989"}],"wp:term":[{"taxonomy":"product_brand","embeddable":true,"href":"https:\/\/mincarone.net\/pt\/wp-json\/wp\/v2\/product_brand?post=13989"},{"taxonomy":"product_cat","embeddable":true,"href":"https:\/\/mincarone.net\/pt\/wp-json\/wp\/v2\/product_cat?post=13989"},{"taxonomy":"product_tag","embeddable":true,"href":"https:\/\/mincarone.net\/pt\/wp-json\/wp\/v2\/product_tag?post=13989"}],"curies":[{"name":"wp","href":"https:\/\/api.w.org\/{rel}","templated":true}]}}