{"id":15644,"date":"2025-08-29T09:57:12","date_gmt":"2025-08-29T12:57:12","guid":{"rendered":"http:\/\/net.mincarone.com.br\/produto\/15644\/"},"modified":"2026-04-07T09:35:08","modified_gmt":"2026-04-07T12:35:08","slug":"thermo-king-440739-44-739","status":"publish","type":"product","link":"https:\/\/mincarone.net\/pt\/produto\/thermo-king-440739-44-739\/","title":{"rendered":"BOT\u00c3O INTERRUPTOR CONTROLADOR THERMO KING 440739 44-739 LRT MD-II"},"content":{"rendered":"<p>PROTE\u00c7\u00c3O DO BOT\u00c3O INTERRUPTOR DO CONTROLADOR<\/p>\n<p>MARCA: THERMO KING<br \/>\nREFER\u00caNCIA: 440739 (44-739)<br \/>\nAPLICA\u00c7\u00d5ES: LRT, RT-II, CB, CTB, BKD, KD-II, MD-II, MD-200, CF-II, CF-III, D1, SB-II, SENTRY<\/p>\n<p>MINCARONE RUIZ E CIA. LTDA. DESDE 1985 ATENDENDO O MERCADO DO TRANSPORTE REFRIGERADO<\/p>\n<p>DISTRIBUIDOR\/DEALER THERMO KING<\/p>","protected":false},"excerpt":{"rendered":"<p>PROTE\u00c7\u00c3O DO BOT\u00c3O INTERRUPTOR DO CONTROLADOR MARCA: THERMO KING REFER\u00caNCIA: 440739 (44-739) APLICA\u00c7\u00d5ES: LRT, RT-II, CB, CTB, BKD, KD-II, MD-II, [&hellip;]<\/p>","protected":false},"featured_media":16439,"comment_status":"open","ping_status":"closed","template":"","meta":{"_acf_changed":false,"site-sidebar-layout":"default","site-content-layout":"","ast-site-content-layout":"default","site-content-style":"default","site-sidebar-style":"default","ast-global-header-display":"","ast-banner-title-visibility":"","ast-main-header-display":"","ast-hfb-above-header-display":"","ast-hfb-below-header-display":"","ast-hfb-mobile-header-display":"","site-post-title":"","ast-breadcrumbs-content":"","ast-featured-img":"","footer-sml-layout":"","ast-disable-related-posts":"","theme-transparent-header-meta":"default","adv-header-id-meta":"","stick-header-meta":"default","header-above-stick-meta":"","header-main-stick-meta":"","header-below-stick-meta":"","astra-migrate-meta-layouts":"set","ast-page-background-enabled":"default","ast-page-background-meta":{"desktop":{"background-color":"var(--ast-global-color-5)","background-image":"","background-repeat":"repeat","background-position":"center center","background-size":"auto","background-attachment":"scroll","background-type":"","background-media":"","overlay-type":"","overlay-color":"","overlay-opacity":"","overlay-gradient":""},"tablet":{"background-color":"","background-image":"","background-repeat":"repeat","background-position":"center center","background-size":"auto","background-attachment":"scroll","background-type":"","background-media":"","overlay-type":"","overlay-color":"","overlay-opacity":"","overlay-gradient":""},"mobile":{"background-color":"","background-image":"","background-repeat":"repeat","background-position":"center center","background-size":"auto","background-attachment":"scroll","background-type":"","background-media":"","overlay-type":"","overlay-color":"","overlay-opacity":"","overlay-gradient":""}},"ast-content-background-meta":{"desktop":{"background-color":"var(--ast-global-color-4)","background-image":"","background-repeat":"repeat","background-position":"center center","background-size":"auto","background-attachment":"scroll","background-type":"","background-media":"","overlay-type":"","overlay-color":"","overlay-opacity":"","overlay-gradient":""},"tablet":{"background-color":"var(--ast-global-color-4)","background-image":"","background-repeat":"repeat","background-position":"center center","background-size":"auto","background-attachment":"scroll","background-type":"","background-media":"","overlay-type":"","overlay-color":"","overlay-opacity":"","overlay-gradient":""},"mobile":{"background-color":"var(--ast-global-color-4)","background-image":"","background-repeat":"repeat","background-position":"center center","background-size":"auto","background-attachment":"scroll","background-type":"","background-media":"","overlay-type":"","overlay-color":"","overlay-opacity":"","overlay-gradient":""}},"_joinchat":[]},"product_brand":[],"product_cat":[74],"product_tag":[],"class_list":{"0":"post-15644","1":"product","2":"type-product","3":"status-publish","4":"has-post-thumbnail","6":"product_cat-interruptores","7":"desktop-align-left","8":"tablet-align-left","9":"mobile-align-left","11":"first","12":"instock","13":"shipping-taxable","14":"purchasable","15":"product-type-simple"},"acf":{"titulo_ingles":"BOOT - SWITCH THERMO KING 440739 44-739 LRT MD-II","descricao_ingles":"CONTROL BOX SWITCH BUTTON PROTECTION\r\n\r\nBRAND: THERMO KING\r\nPART NUMBER: 440739 (44-739)\r\nAPPLICATION: LRT, RT-II, CB, CTB, BKD, KD-II, MD-II, MD-200, CF-II, CF-III, D1, SB-II, SENTRY\r\n\r\n\r\nMINCARONE RUIZ E CIA. LTDA. SINCE 1985 SERVING THE REFRIGERATED TRANSPORT MARKET\r\n\t\t\r\nTHERMO KING DEALER","titulo_espanhol":"BOT\u00d3N INTERRUPTOR DEL CONTROLADOR THERMO KING 440739 44-739 LRT MD-II","descricao_espanhol":"PROTECCI\u00d3N DEL BOT\u00d3N DEL INTERRUPTOR DE LA CAJA DE CONTROL\r\n\r\nMARCA: THERMO KING\r\nN\u00daMERO DE REPUESTO: 440739 (44-739)\r\nAPLICACI\u00d3N: LRT, RT-II, CB, CTB, BKD, KD-II, MD-II, MD-200, CF-II, CF-III, D1, SB-II, SENTRY\r\n\r\n\r\nMINCARONE RUIZ E CIA. LTDA. DESDE 1985 AL SERVICIO DEL MERCADO DEL TRANSPORTE REFRIGERADO\r\n\t\r\nCONCESIONARIO THERMO KING"},"_links":{"self":[{"href":"https:\/\/mincarone.net\/pt\/wp-json\/wp\/v2\/product\/15644","targetHints":{"allow":["GET"]}}],"collection":[{"href":"https:\/\/mincarone.net\/pt\/wp-json\/wp\/v2\/product"}],"about":[{"href":"https:\/\/mincarone.net\/pt\/wp-json\/wp\/v2\/types\/product"}],"replies":[{"embeddable":true,"href":"https:\/\/mincarone.net\/pt\/wp-json\/wp\/v2\/comments?post=15644"}],"wp:featuredmedia":[{"embeddable":true,"href":"https:\/\/mincarone.net\/pt\/wp-json\/wp\/v2\/media\/16439"}],"wp:attachment":[{"href":"https:\/\/mincarone.net\/pt\/wp-json\/wp\/v2\/media?parent=15644"}],"wp:term":[{"taxonomy":"product_brand","embeddable":true,"href":"https:\/\/mincarone.net\/pt\/wp-json\/wp\/v2\/product_brand?post=15644"},{"taxonomy":"product_cat","embeddable":true,"href":"https:\/\/mincarone.net\/pt\/wp-json\/wp\/v2\/product_cat?post=15644"},{"taxonomy":"product_tag","embeddable":true,"href":"https:\/\/mincarone.net\/pt\/wp-json\/wp\/v2\/product_tag?post=15644"}],"curies":[{"name":"wp","href":"https:\/\/api.w.org\/{rel}","templated":true}]}}