{"id":3362,"date":"2023-11-17T11:48:07","date_gmt":"2023-11-17T14:48:07","guid":{"rendered":"http:\/\/net.mincarone.com.br\/produto\/eletro-ventilador-ventoinha-spal-24v-duto-onibus-defroster\/"},"modified":"2026-04-07T17:51:16","modified_gmt":"2026-04-07T20:51:16","slug":"ventilador-centrifugo-spal-24v-30000425-007-b56-32d","status":"publish","type":"product","link":"https:\/\/mincarone.net\/pt\/produto\/ventilador-centrifugo-spal-24v-30000425-007-b56-32d\/","title":{"rendered":"VENTILADOR CENTRIFUGO SPAL 24V 30000425 007-B56-32D"},"content":{"rendered":"<p>MOTOR RADIAL SPAL<\/p>\n<p>MARCA: SPAL<br \/>\nTENS\u00c3O: 24 VOLTS<br \/>\nTIPO: CENTR\u00cdFUGO RADIAL SIMPLES<br \/>\nREFERENCIA SPAL: 30000425<br \/>\nMODELOS SPAL: 007-B56-32D 24V<br \/>\nDIMENS\u00d5ES: 172 X 194 X 175 MM (ALTURA 172MM)<br \/>\nPESO: 2KG<br \/>\nFLUXO AR: 970 M3\/H 572 CFM<br \/>\nCONSUMO: 14,6 AMP 350 WATTS<br \/>\nVELOCIDADES: 03<br \/>\nAPLICA\u00c7\u00c3O DA VENTOINHA: DEFROSTER, VENTILA\u00c7\u00c3O EM VEICULOS DE 24 VOLTS, VENTILA\u00c7\u00c3O EM DUTOS DE \u00d4NIBUS, ETC.<\/p>\n<p>MINCARONE, RUIZ E CIA. LTDA. DESDE 1985 ATENDENDO O MERCADO DO TRANSPORTE REFRIGERADO<br \/>\nDISTRIBUIDOR MASTER SPAL AUTOMOTIVE<\/p>","protected":false},"excerpt":{"rendered":"<p>MOTOR RADIAL SPAL MARCA: SPAL TENS\u00c3O: 24 VOLTS TIPO: CENTR\u00cdFUGO RADIAL SIMPLES REFERENCIA SPAL: 30000425 MODELOS SPAL: 007-B56-32D 24V DIMENS\u00d5ES: [&hellip;]<\/p>","protected":false},"featured_media":3977,"comment_status":"closed","ping_status":"closed","template":"","meta":{"_acf_changed":false,"site-sidebar-layout":"default","site-content-layout":"default","ast-site-content-layout":"default","site-content-style":"default","site-sidebar-style":"default","ast-global-header-display":"","ast-banner-title-visibility":"","ast-main-header-display":"","ast-hfb-above-header-display":"","ast-hfb-below-header-display":"","ast-hfb-mobile-header-display":"","site-post-title":"","ast-breadcrumbs-content":"","ast-featured-img":"","footer-sml-layout":"","ast-disable-related-posts":"","theme-transparent-header-meta":"default","adv-header-id-meta":"","stick-header-meta":"default","header-above-stick-meta":"","header-main-stick-meta":"","header-below-stick-meta":"","astra-migrate-meta-layouts":"default","ast-page-background-enabled":"default","ast-page-background-meta":{"desktop":{"background-color":"var(--ast-global-color-5)","background-image":"","background-repeat":"repeat","background-position":"center center","background-size":"auto","background-attachment":"scroll","background-type":"","background-media":"","overlay-type":"","overlay-color":"","overlay-opacity":"","overlay-gradient":""},"tablet":{"background-color":"","background-image":"","background-repeat":"repeat","background-position":"center center","background-size":"auto","background-attachment":"scroll","background-type":"","background-media":"","overlay-type":"","overlay-color":"","overlay-opacity":"","overlay-gradient":""},"mobile":{"background-color":"","background-image":"","background-repeat":"repeat","background-position":"center center","background-size":"auto","background-attachment":"scroll","background-type":"","background-media":"","overlay-type":"","overlay-color":"","overlay-opacity":"","overlay-gradient":""}},"ast-content-background-meta":{"desktop":{"background-color":"var(--ast-global-color-4)","background-image":"","background-repeat":"repeat","background-position":"center center","background-size":"auto","background-attachment":"scroll","background-type":"","background-media":"","overlay-type":"","overlay-color":"","overlay-opacity":"","overlay-gradient":""},"tablet":{"background-color":"var(--ast-global-color-4)","background-image":"","background-repeat":"repeat","background-position":"center center","background-size":"auto","background-attachment":"scroll","background-type":"","background-media":"","overlay-type":"","overlay-color":"","overlay-opacity":"","overlay-gradient":""},"mobile":{"background-color":"var(--ast-global-color-4)","background-image":"","background-repeat":"repeat","background-position":"center center","background-size":"auto","background-attachment":"scroll","background-type":"","background-media":"","overlay-type":"","overlay-color":"","overlay-opacity":"","overlay-gradient":""}},"_joinchat":[]},"product_brand":[],"product_cat":[19],"product_tag":[],"class_list":{"0":"post-3362","1":"product","2":"type-product","3":"status-publish","4":"has-post-thumbnail","6":"product_cat-eletroventiladores","7":"desktop-align-left","8":"tablet-align-left","9":"mobile-align-left","11":"first","12":"instock","13":"shipping-taxable","14":"purchasable","15":"product-type-simple"},"acf":{"titulo_ingles":"SPAL CENTRIFUGAL BLOWER - 24V 30000425 007-B56-32D","descricao_ingles":"BRUSHED CENTRIFUGAL BLOWER\r\n\r\nBRAND: SPAL\r\nVOLTAGE: 24 VOLTS\r\nTYPE: CENTRIFUGAL - RADIAL\r\nSPAL PART NUMBER: 30000425\r\nSPAL MODEL: 007-B56-32D 24V\r\nSIZE: 172 X 194 X 175 MM (HEIGHT 172MM)\r\nWEIGHT: 2KG\t\t\r\nAIRFLOW: 970 M3\/H 572 CFM\r\nPOWER CONSUMPTION: 14,6 AMP 350 WATTS\r\nSPEEDS: 03\r\nAPPLICATION: DEFROSTER, 24 VOLTS VEHICLE VENTILATION, BUS AIR CONDITIONER VENTILATION\r\n\r\n\r\nMINCARONE RUIZ E CIA. LTDA. SINCE 1985 SERVING THE REFRIGERATED TRANSPORT MARKET\t\r\nSPAL AUTOMOTIVE MASTER DEALER\r\n","titulo_espanhol":"VENTILADOR CENTR\u00cdFUGO SPAL - 24V 30000425 007-B56-32D","descricao_espanhol":"VENTILADOR CENTR\u00cdFUGO CEPILLADO\r\n\r\nMARCA: SPAL\r\nVOLTAJE: 24 VOLTIOS\r\nTIPO: CENTR\u00cdFUGA - RADIAL\r\nN\u00daMERO DE REPUESTO SPAL: 30000425\r\nMODELO SPAL: 007-B56-32D 24V\r\nTAMA\u00d1O: 172 X 194 X 175 MM (ALTURA 172 MM)\r\nPESO: 2KG\r\nCAUDAL DE AIRE: 970 M3\/H 572 CFM\r\nCONSUMO DE ENERG\u00cdA: 14,6 AMP 350 WATTS\r\nVELOCIDADES: 03\r\nAPLICACI\u00d3N: DEFROSTERR, VENTILACI\u00d3N DE VEH\u00cdCULOS DE 24 VOLTIOS, VENTILACI\u00d3N DE AIRE ACONDICIONADO DE AUTOB\u00daS\r\n\r\n\r\nMINCARONE RUIZ E CIA. LTDA. DESDE 1985 AL SERVICIO DEL MERCADO DEL TRANSPORTE REFRIGERADO\r\nCONCESIONARIO MASTER SPAL AUTOMOTIVE"},"_links":{"self":[{"href":"https:\/\/mincarone.net\/pt\/wp-json\/wp\/v2\/product\/3362","targetHints":{"allow":["GET"]}}],"collection":[{"href":"https:\/\/mincarone.net\/pt\/wp-json\/wp\/v2\/product"}],"about":[{"href":"https:\/\/mincarone.net\/pt\/wp-json\/wp\/v2\/types\/product"}],"replies":[{"embeddable":true,"href":"https:\/\/mincarone.net\/pt\/wp-json\/wp\/v2\/comments?post=3362"}],"wp:featuredmedia":[{"embeddable":true,"href":"https:\/\/mincarone.net\/pt\/wp-json\/wp\/v2\/media\/3977"}],"wp:attachment":[{"href":"https:\/\/mincarone.net\/pt\/wp-json\/wp\/v2\/media?parent=3362"}],"wp:term":[{"taxonomy":"product_brand","embeddable":true,"href":"https:\/\/mincarone.net\/pt\/wp-json\/wp\/v2\/product_brand?post=3362"},{"taxonomy":"product_cat","embeddable":true,"href":"https:\/\/mincarone.net\/pt\/wp-json\/wp\/v2\/product_cat?post=3362"},{"taxonomy":"product_tag","embeddable":true,"href":"https:\/\/mincarone.net\/pt\/wp-json\/wp\/v2\/product_tag?post=3362"}],"curies":[{"name":"wp","href":"https:\/\/api.w.org\/{rel}","templated":true}]}}