{"id":3372,"date":"2023-11-17T11:48:09","date_gmt":"2023-11-17T14:48:09","guid":{"rendered":"http:\/\/net.mincarone.com.br\/produto\/ventoinha-spal-24v-caracol-turbina-dupla-008-b45-b-02\/"},"modified":"2026-04-02T17:45:48","modified_gmt":"2026-04-02T20:45:48","slug":"eletro-ventilador-spal-30003189-008-b45-b-02-24v-caracol-turbina-dupla","status":"publish","type":"product","link":"https:\/\/mincarone.net\/pt\/produto\/eletro-ventilador-spal-30003189-008-b45-b-02-24v-caracol-turbina-dupla\/","title":{"rendered":"ELETRO VENTILADOR SPAL 30003189 008-B45\/B-02 24V CARACOL TURBINA DUPLA"},"content":{"rendered":"<p>ELETRO VENTILADOR CARACOL DUPLO CENTRIFUGO SPAL<\/p>\n<p>MARCA: SPAL<br \/>\nTENS\u00c3O: 24 VOLTS<br \/>\nTIPO: CENTR\u00cdFUGO DUPLO<br \/>\nSA\u00cdDA TURBINA: 98,8 MM X 45 MM<br \/>\nMEDIDAS EXTERNAS: 310 MM X 113 MM X 127,5 MM<br \/>\nREFERENCIA SPAL: 30003189<br \/>\nMODELO SPAL: 008-B45\/B-02<br \/>\nCONSUMO: 8,2 AMPERES (197 WATTS)<br \/>\nFLUXO AR: 750 M3H 443 CFM<br \/>\nROTA\u00c7\u00c3O: 03 VELOCIDADES<br \/>\nAPLICA\u00c7\u00c3O DO ELETRO VENTILADOR CARACOL DUPLO: DEFROSTER VOLARE, SPHEROS CC135 (VANS) \/ PODE SER ADAPTADO EM HISPACOLD, EVAPORADORES E APLICA\u00c7\u00d5ES DIVERSAS.<\/p>\n<p>MINCARONE, RUIZ E CIA. LTDA. DESDE 1985 ATENDENDO O MERCADO DO TRANSPORTE REFRIGERADO<br \/>\nDISTRIBUIDOR MASTER SPAL AUTOMOTIVE<\/p>","protected":false},"excerpt":{"rendered":"<p>ELETRO VENTILADOR CARACOL DUPLO CENTRIFUGO SPAL MARCA: SPAL TENS\u00c3O: 24 VOLTS TIPO: CENTR\u00cdFUGO DUPLO SA\u00cdDA TURBINA: 98,8 MM X 45 [&hellip;]<\/p>","protected":false},"featured_media":3855,"comment_status":"closed","ping_status":"closed","template":"","meta":{"_acf_changed":false,"site-sidebar-layout":"default","site-content-layout":"default","ast-site-content-layout":"default","site-content-style":"default","site-sidebar-style":"default","ast-global-header-display":"","ast-banner-title-visibility":"","ast-main-header-display":"","ast-hfb-above-header-display":"","ast-hfb-below-header-display":"","ast-hfb-mobile-header-display":"","site-post-title":"","ast-breadcrumbs-content":"","ast-featured-img":"","footer-sml-layout":"","ast-disable-related-posts":"","theme-transparent-header-meta":"default","adv-header-id-meta":"","stick-header-meta":"default","header-above-stick-meta":"","header-main-stick-meta":"","header-below-stick-meta":"","astra-migrate-meta-layouts":"default","ast-page-background-enabled":"default","ast-page-background-meta":{"desktop":{"background-color":"var(--ast-global-color-5)","background-image":"","background-repeat":"repeat","background-position":"center center","background-size":"auto","background-attachment":"scroll","background-type":"","background-media":"","overlay-type":"","overlay-color":"","overlay-opacity":"","overlay-gradient":""},"tablet":{"background-color":"","background-image":"","background-repeat":"repeat","background-position":"center center","background-size":"auto","background-attachment":"scroll","background-type":"","background-media":"","overlay-type":"","overlay-color":"","overlay-opacity":"","overlay-gradient":""},"mobile":{"background-color":"","background-image":"","background-repeat":"repeat","background-position":"center center","background-size":"auto","background-attachment":"scroll","background-type":"","background-media":"","overlay-type":"","overlay-color":"","overlay-opacity":"","overlay-gradient":""}},"ast-content-background-meta":{"desktop":{"background-color":"var(--ast-global-color-4)","background-image":"","background-repeat":"repeat","background-position":"center center","background-size":"auto","background-attachment":"scroll","background-type":"","background-media":"","overlay-type":"","overlay-color":"","overlay-opacity":"","overlay-gradient":""},"tablet":{"background-color":"var(--ast-global-color-4)","background-image":"","background-repeat":"repeat","background-position":"center center","background-size":"auto","background-attachment":"scroll","background-type":"","background-media":"","overlay-type":"","overlay-color":"","overlay-opacity":"","overlay-gradient":""},"mobile":{"background-color":"var(--ast-global-color-4)","background-image":"","background-repeat":"repeat","background-position":"center center","background-size":"auto","background-attachment":"scroll","background-type":"","background-media":"","overlay-type":"","overlay-color":"","overlay-opacity":"","overlay-gradient":""}},"_joinchat":[]},"product_brand":[],"product_cat":[19],"product_tag":[],"class_list":{"0":"post-3372","1":"product","2":"type-product","3":"status-publish","4":"has-post-thumbnail","6":"product_cat-eletroventiladores","7":"desktop-align-left","8":"tablet-align-left","9":"mobile-align-left","11":"first","12":"instock","13":"shipping-taxable","14":"purchasable","15":"product-type-simple"},"acf":{"titulo_ingles":"SPAL CENTRIFUGAL BLOWER - 30003189 008-B45\/B-02 24V DUAL CAGE","descricao_ingles":"EVAPORATOR FAN DUAL CAGE BLOWER MOTOR\r\n\r\nBRAND: SPAL\r\nVOLTAGE: 24 VOLTS\r\nTYPE: DUAL CAGE CENTRIFUGAL BLOWER\r\nMOTOR EXIT DIMENSIONS: 98,8 MM X 45 MM\r\nSIZE: 310 MM X 113 MM X 127,5 MM\r\nSPAL PART NUMBER: 30003189\t\r\nSPAL MODEL: 008-B45\/B-02\t\r\nPOWER CONSUMPTION: 8,2 AMPS (197 WATTS)\r\nAIRFLOW: 750 M3H 443 CFM\r\n3-SPEED\r\nAPPLICATION: DEFROSTER VOLARE, SPHEROS CC135 (VANS) \/ CAN BE ADAPTED ON HISPACOLD, VARIED CONDENSERS, OTHERS\r\n\t\r\n\r\nMINCARONE RUIZ E CIA. LTDA. SINCE 1985 SERVING THE REFRIGERATED TRANSPORT MARKET\t\r\nSPAL AUTOMOTIVE MASTER DEALER\r\n","titulo_espanhol":"TURBINA SPAL - 30003189 008-B45\/B-02 24V DOBLE JAULA","descricao_espanhol":"VENTILADOR DEL EVAPORADOR\r\n\r\nMARCA: SPAL\r\nVOLTAJE: 24 VOLTIOS\r\nTIPO: VENTILADOR CENTR\u00cdFUGO DE DOBLE JAULA\r\nDIMENSIONES SALIDA DEL MOTOR: 98,8 MM X 45 MM\r\nTAMA\u00d1O: 310 MM X 113 MM X 127,5 MM\r\nN\u00daMERO DE REPUESTO SPAL: 30003189\r\nMODELO SPAL: 008-B45\/B-02\r\nCONSUMO DE ENERG\u00cdA: 8,2 AMPERIOS (197 VATIOS)\r\nFLUJO DE AIRE: 750 M3H 443 CFM\r\n3 VELOCIDADES\r\nAPLICACI\u00d3N: DESCONGELADOR VOLARE, SPHEROS CC135 (FURGONETAS) \/ SE PUEDE ADAPTAR EN HISPACOLD, CONDENSADORES VARIADOS, OTROS\r\nMINCARONE RUIZ E CIA. LTDA. DESDE 1985 AL SERVICIO DEL MERCADO DEL TRANSPORTE REFRIGERADO\r\nCONCESIONARIO MASTER SPAL AUTOMOTIVE"},"_links":{"self":[{"href":"https:\/\/mincarone.net\/pt\/wp-json\/wp\/v2\/product\/3372","targetHints":{"allow":["GET"]}}],"collection":[{"href":"https:\/\/mincarone.net\/pt\/wp-json\/wp\/v2\/product"}],"about":[{"href":"https:\/\/mincarone.net\/pt\/wp-json\/wp\/v2\/types\/product"}],"replies":[{"embeddable":true,"href":"https:\/\/mincarone.net\/pt\/wp-json\/wp\/v2\/comments?post=3372"}],"wp:featuredmedia":[{"embeddable":true,"href":"https:\/\/mincarone.net\/pt\/wp-json\/wp\/v2\/media\/3855"}],"wp:attachment":[{"href":"https:\/\/mincarone.net\/pt\/wp-json\/wp\/v2\/media?parent=3372"}],"wp:term":[{"taxonomy":"product_brand","embeddable":true,"href":"https:\/\/mincarone.net\/pt\/wp-json\/wp\/v2\/product_brand?post=3372"},{"taxonomy":"product_cat","embeddable":true,"href":"https:\/\/mincarone.net\/pt\/wp-json\/wp\/v2\/product_cat?post=3372"},{"taxonomy":"product_tag","embeddable":true,"href":"https:\/\/mincarone.net\/pt\/wp-json\/wp\/v2\/product_tag?post=3372"}],"curies":[{"name":"wp","href":"https:\/\/api.w.org\/{rel}","templated":true}]}}