{"id":3417,"date":"2023-11-17T11:48:15","date_gmt":"2023-11-17T14:48:15","guid":{"rendered":"http:\/\/net.mincarone.com.br\/produto\/eletro-ventilador-ventoinha-radiador-spal-24v-aspirante-16p\/"},"modified":"2026-04-02T17:45:51","modified_gmt":"2026-04-02T20:45:51","slug":"eletro-ventilador-spal-30102558-va18-bp71-ll-59a-aspirante-24-volts-16-polegadas","status":"publish","type":"product","link":"https:\/\/mincarone.net\/pt\/produto\/eletro-ventilador-spal-30102558-va18-bp71-ll-59a-aspirante-24-volts-16-polegadas\/","title":{"rendered":"ELETRO VENTILADOR SPAL 30102558 VA18-BP71\/LL 59A ASPIRANTE 24 VOLTS 16 POLEGADAS"},"content":{"rendered":"<p>ELETRO VENTILADOR SPAL | VENTOINHA RADIADOR ORIGINAL COMPLETO<\/p>\n<p>TENS\u00c3O: 24 VOLTS<br \/>\nTIPO: ASPIRANTE COM GRADE REFOR\u00c7ADA PROTEGE DA ENTRADA DE FOLHAS E SUJEIRAS<br \/>\nREFERENCIA SPAL: 30102558<br \/>\nMODELO SPAL: VA18-BP71\/LL 59A<br \/>\nDI\u00c2METRO TOTAL: 16 POLEGADAS 412 MM<br \/>\nDI\u00c2METRO H\u00c9LICE: 15 POLEGADAS 385 MM<br \/>\nESPESSURA: 87,60 MM<br \/>\nCONSUMO: 9,7 AMPERES (233 WATTS)<br \/>\nFLUXO AR: 3.315 M3\/H 1956 CFM<br \/>\nVEDA\u00c7\u00c3O: CERTIFICADO IP68 CONTRA \u00c1GUA E POEIRA<br \/>\nAPLICA\u00c7\u00c3O DO ELETRO VENTILADOR: ESFRIAMENTO DE RADIADORES E SERPENTINAS, EQUIPAMENTOS DE REFRIGERA\u00c7\u00c3O, VENTILA\u00c7\u00c3O EM VE\u00cdCULOS DE 24 VOLTS, M\u00c1QUINAS AGR\u00cdCOLAS, FORA DE ESTRADA, LINHA PESADA, USO UNIVERSAL.<\/p>\n<p>MINCARONE, RUIZ E CIA. LTDA. DESDE 1985 ATENDENDO O MERCADO DO TRANSPORTE REFRIGERADO<br \/>\nDISTRIBUIDOR MASTER SPAL AUTOMOTIVE<\/p>","protected":false},"excerpt":{"rendered":"<p>ELETRO VENTILADOR SPAL | VENTOINHA RADIADOR ORIGINAL COMPLETO TENS\u00c3O: 24 VOLTS TIPO: ASPIRANTE COM GRADE REFOR\u00c7ADA PROTEGE DA ENTRADA DE [&hellip;]<\/p>","protected":false},"featured_media":3573,"comment_status":"closed","ping_status":"closed","template":"","meta":{"_acf_changed":false,"site-sidebar-layout":"default","site-content-layout":"default","ast-site-content-layout":"default","site-content-style":"default","site-sidebar-style":"default","ast-global-header-display":"","ast-banner-title-visibility":"","ast-main-header-display":"","ast-hfb-above-header-display":"","ast-hfb-below-header-display":"","ast-hfb-mobile-header-display":"","site-post-title":"","ast-breadcrumbs-content":"","ast-featured-img":"","footer-sml-layout":"","ast-disable-related-posts":"","theme-transparent-header-meta":"default","adv-header-id-meta":"","stick-header-meta":"default","header-above-stick-meta":"","header-main-stick-meta":"","header-below-stick-meta":"","astra-migrate-meta-layouts":"set","ast-page-background-enabled":"default","ast-page-background-meta":{"desktop":{"background-color":"var(--ast-global-color-5)","background-image":"","background-repeat":"repeat","background-position":"center center","background-size":"auto","background-attachment":"scroll","background-type":"","background-media":"","overlay-type":"","overlay-color":"","overlay-opacity":"","overlay-gradient":""},"tablet":{"background-color":"","background-image":"","background-repeat":"repeat","background-position":"center center","background-size":"auto","background-attachment":"scroll","background-type":"","background-media":"","overlay-type":"","overlay-color":"","overlay-opacity":"","overlay-gradient":""},"mobile":{"background-color":"","background-image":"","background-repeat":"repeat","background-position":"center center","background-size":"auto","background-attachment":"scroll","background-type":"","background-media":"","overlay-type":"","overlay-color":"","overlay-opacity":"","overlay-gradient":""}},"ast-content-background-meta":{"desktop":{"background-color":"var(--ast-global-color-4)","background-image":"","background-repeat":"repeat","background-position":"center center","background-size":"auto","background-attachment":"scroll","background-type":"","background-media":"","overlay-type":"","overlay-color":"","overlay-opacity":"","overlay-gradient":""},"tablet":{"background-color":"var(--ast-global-color-4)","background-image":"","background-repeat":"repeat","background-position":"center center","background-size":"auto","background-attachment":"scroll","background-type":"","background-media":"","overlay-type":"","overlay-color":"","overlay-opacity":"","overlay-gradient":""},"mobile":{"background-color":"var(--ast-global-color-4)","background-image":"","background-repeat":"repeat","background-position":"center center","background-size":"auto","background-attachment":"scroll","background-type":"","background-media":"","overlay-type":"","overlay-color":"","overlay-opacity":"","overlay-gradient":""}},"_joinchat":[]},"product_brand":[],"product_cat":[19],"product_tag":[],"class_list":{"0":"post-3417","1":"product","2":"type-product","3":"status-publish","4":"has-post-thumbnail","6":"product_cat-eletroventiladores","7":"desktop-align-left","8":"tablet-align-left","9":"mobile-align-left","11":"first","12":"instock","13":"shipping-taxable","14":"purchasable","15":"product-type-simple"},"acf":{"titulo_ingles":"SPAL FAN - 30102558 VA18-BP71\/LL 59A PULL 24 VOLTS 16 INCHES","descricao_ingles":"BRUSHED AXIAL FAN\r\n\r\nVOLTAGE: 24 VOLTS\r\nTYPE: PULL - WITH REINFORCED GRID THAT PROTECTS FROM THE ENTRY OF LEAVES AND DIRT\r\nSPAL PART NUMBER: 30102558 \r\nSPAL MODEL: VA18-BP71\/LL 59A\r\nTOTAL DIAMETER: 16 INCHES 412 MM\r\nBLADE DIAMETER: 15 INCHES 385 MM \r\nTHICKNESS: 87,60 MM\t\r\nPOWER CONSUMPTION: 9,7 AMPS (233 WATTS)\r\nAIRFLOW: 3.315 M3\/H 1956 CFM\r\nIP68 DUST AND WATER PROOF\r\nAPPLICATION: COIL AND RADIATOR COOLING, REFRIGERATION EQUIPMENTS, 12 VOLTS AUTOMOTIVE VENTILATION, UNIVERSAL. REINFORCED GRID THAT PROTECTS AGAINST THE ENTRY OF DIRTY AND LEAVES, IDEAL FOR USE IN HEAVY MACHINERY, OFFROAD, TRACTORS, ETC\r\n\t\t\t\t\t\r\n\r\nMINCARONE RUIZ E CIA. LTDA. SINCE 1985 SERVING THE REFRIGERATED TRANSPORT MARKET\t\r\nSPAL AUTOMOTIVE MASTER DEALER","titulo_espanhol":"VENTILADOR SPAL - 30102558 VA18-BP71\/LL 59A ASPIRANTE 24 VOLTIOS 16 PULGADAS","descricao_espanhol":"VENTILADOR AXIAL CEPILLADO\r\n\r\nVOLTAJE: 24 VOLTIOS\r\nTIPO: ASPIRANTE - CON REJILLA REFORZADA QUE PROTEGE DEL ENTRADA DE HOJAS Y SUCIEDAD\r\nN\u00daMERO DE REPUESTO SPAL: 30102558\r\nMODELO SPAL: VA18-BP71\/LL 59A\r\nDI\u00c1METRO TOTAL: 16 PULGADAS 412 MM\r\nDI\u00c1METRO DE LA HOJA: 15 PULGADAS 385 MM\r\nANCHO: 87,60MM\r\nCONSUMO DE ENERG\u00cdA: 9,7 AMPERIOS (233 VATIOS)\r\nCAUDAL DE AIRE: 3.315 M3\/H 1956 CFM\r\nIP68 A PRUEBA DE AGUA Y POLVO\r\nAPLICACI\u00d3N: ENFRIAMIENTO DE BOBINAS Y RADIADORES, EQUIPOS DE REFRIGERACI\u00d3N, VENTILACI\u00d3N AUTOMOTRIZ 12 VOLTIOS, UNIVERSAL. REJILLA REFORZADA QUE PROTEGE CONTRA LA ENTRADA DE SUCIEDAD Y HOJAS, IDEAL PARA USO EN MAQUINARIA PESADA, OFFROAD, TRACTORES, ETC.\r\n\r\nMINCARONE RUIZ E CIA. LTDA. DESDE 1985 AL SERVICIO DEL MERCADO DEL TRANSPORTE REFRIGERADO\r\nCONCESIONARIO MASTER SPAL AUTOMOTIVE"},"_links":{"self":[{"href":"https:\/\/mincarone.net\/pt\/wp-json\/wp\/v2\/product\/3417","targetHints":{"allow":["GET"]}}],"collection":[{"href":"https:\/\/mincarone.net\/pt\/wp-json\/wp\/v2\/product"}],"about":[{"href":"https:\/\/mincarone.net\/pt\/wp-json\/wp\/v2\/types\/product"}],"replies":[{"embeddable":true,"href":"https:\/\/mincarone.net\/pt\/wp-json\/wp\/v2\/comments?post=3417"}],"wp:featuredmedia":[{"embeddable":true,"href":"https:\/\/mincarone.net\/pt\/wp-json\/wp\/v2\/media\/3573"}],"wp:attachment":[{"href":"https:\/\/mincarone.net\/pt\/wp-json\/wp\/v2\/media?parent=3417"}],"wp:term":[{"taxonomy":"product_brand","embeddable":true,"href":"https:\/\/mincarone.net\/pt\/wp-json\/wp\/v2\/product_brand?post=3417"},{"taxonomy":"product_cat","embeddable":true,"href":"https:\/\/mincarone.net\/pt\/wp-json\/wp\/v2\/product_cat?post=3417"},{"taxonomy":"product_tag","embeddable":true,"href":"https:\/\/mincarone.net\/pt\/wp-json\/wp\/v2\/product_tag?post=3417"}],"curies":[{"name":"wp","href":"https:\/\/api.w.org\/{rel}","templated":true}]}}