{"id":4077,"date":"2023-11-27T11:20:07","date_gmt":"2023-11-27T14:20:07","guid":{"rendered":"http:\/\/net.mincarone.com.br\/produto\/controlador-valeo-ar-cond-onibus-scb410-com-aquecimento\/"},"modified":"2026-04-07T17:51:09","modified_gmt":"2026-04-07T20:51:09","slug":"controlador-ar-condicionado-nibus-scb410-valeo-657-01000-502-com-aquecimento","status":"publish","type":"product","link":"https:\/\/mincarone.net\/pt\/produto\/controlador-ar-condicionado-nibus-scb410-valeo-657-01000-502-com-aquecimento\/","title":{"rendered":"CONTROLADOR AR CONDICIONADO \u00d4NIBUS SCB410 VALEO 657-01000-502 COM AQUECIMENTO"},"content":{"rendered":"<p>CONTROLADOR DE AR CONDICIONADO SCB410 SW3 C\/ AQUECIMENTO<\/p>\n<p>MARCA: SPHEROS\/VALEO<br \/>\nMODELO: SCB410<br \/>\nREFER\u00caNCIA: 657-01000-502<br \/>\nTENS\u00c3O: 12\/24 VOLTS<br \/>\nAPLICA\u00c7\u00c3O: SISTEMAS DE AR CONDICIONADO PARA \u00d4NIBUS \/ MICRO \u00d4NIBUS VALEO, SPHEROS.<\/p>\n<p>MINCARONE, RUIZ E CIA. LTDA. DESDE 1985 ATENDENDO O MERCADO DO TRANSPORTE REFRIGERADO<\/p>","protected":false},"excerpt":{"rendered":"<p>CONTROLADOR DE AR CONDICIONADO SCB410 SW3 C\/ AQUECIMENTO MARCA: SPHEROS\/VALEO MODELO: SCB410 REFER\u00caNCIA: 657-01000-502 TENS\u00c3O: 12\/24 VOLTS APLICA\u00c7\u00c3O: SISTEMAS DE [&hellip;]<\/p>","protected":false},"featured_media":4380,"comment_status":"closed","ping_status":"closed","template":"","meta":{"_acf_changed":false,"site-sidebar-layout":"default","site-content-layout":"default","ast-site-content-layout":"default","site-content-style":"default","site-sidebar-style":"default","ast-global-header-display":"","ast-banner-title-visibility":"","ast-main-header-display":"","ast-hfb-above-header-display":"","ast-hfb-below-header-display":"","ast-hfb-mobile-header-display":"","site-post-title":"","ast-breadcrumbs-content":"","ast-featured-img":"","footer-sml-layout":"","ast-disable-related-posts":"","theme-transparent-header-meta":"default","adv-header-id-meta":"","stick-header-meta":"default","header-above-stick-meta":"","header-main-stick-meta":"","header-below-stick-meta":"","astra-migrate-meta-layouts":"default","ast-page-background-enabled":"default","ast-page-background-meta":{"desktop":{"background-color":"var(--ast-global-color-5)","background-image":"","background-repeat":"repeat","background-position":"center center","background-size":"auto","background-attachment":"scroll","background-type":"","background-media":"","overlay-type":"","overlay-color":"","overlay-opacity":"","overlay-gradient":""},"tablet":{"background-color":"","background-image":"","background-repeat":"repeat","background-position":"center center","background-size":"auto","background-attachment":"scroll","background-type":"","background-media":"","overlay-type":"","overlay-color":"","overlay-opacity":"","overlay-gradient":""},"mobile":{"background-color":"","background-image":"","background-repeat":"repeat","background-position":"center center","background-size":"auto","background-attachment":"scroll","background-type":"","background-media":"","overlay-type":"","overlay-color":"","overlay-opacity":"","overlay-gradient":""}},"ast-content-background-meta":{"desktop":{"background-color":"var(--ast-global-color-4)","background-image":"","background-repeat":"repeat","background-position":"center center","background-size":"auto","background-attachment":"scroll","background-type":"","background-media":"","overlay-type":"","overlay-color":"","overlay-opacity":"","overlay-gradient":""},"tablet":{"background-color":"var(--ast-global-color-4)","background-image":"","background-repeat":"repeat","background-position":"center center","background-size":"auto","background-attachment":"scroll","background-type":"","background-media":"","overlay-type":"","overlay-color":"","overlay-opacity":"","overlay-gradient":""},"mobile":{"background-color":"var(--ast-global-color-4)","background-image":"","background-repeat":"repeat","background-position":"center center","background-size":"auto","background-attachment":"scroll","background-type":"","background-media":"","overlay-type":"","overlay-color":"","overlay-opacity":"","overlay-gradient":""}},"_joinchat":[]},"product_brand":[],"product_cat":[25],"product_tag":[],"class_list":{"0":"post-4077","1":"product","2":"type-product","3":"status-publish","4":"has-post-thumbnail","6":"product_cat-controladores","7":"desktop-align-left","8":"tablet-align-left","9":"mobile-align-left","11":"first","12":"instock","13":"shipping-taxable","14":"purchasable","15":"product-type-simple"},"acf":{"titulo_ingles":"CONTROLLER - BUS AIR CONDITIONER SCB410 VALEO 657-01000-502 WITH HEATING","descricao_ingles":"CONTROLLER BUS AIR CONDITIONER W\/ HEATING\r\n\t\r\nBRAND: SPHEROS\/VALEO\r\nMODEL: SCB410 SW3\r\nPART NUMBER: 657-01000-502\r\nVOLTAGE: 12\/24 VOLTS\t\r\nAPPLICATION: BUS AND MICRO BUS VALEO SPHEROS AIR CONDITIONER SYSTEM\r\n\r\n\r\nMINCARONE RUIZ E CIA. LTDA. SINCE 1985 SERVING THE REFRIGERATED TRANSPORT MARKET\r\n","titulo_espanhol":"CONTROLADOR - AIRE ACONDICIONADO PARA AUTOBUS SCB410 VALEO 657-01000-502 CON CALEFACCI\u00d3N","descricao_espanhol":"CONTROLADOR AIRE ACONDICIONADO AUTOBUS CON CALEFACCI\u00d3N\r\n\r\nMARCA: SPHEROS\/VALEO\r\nMODELO: SCB410 SW3\r\nN\u00daMERO DE REPUESTO: 657-01000-502\r\nVOLTAJE: 12\/24 VOLTIOS\r\nAPLICACI\u00d3N: SISTEMA DE AIRE ACONDICIONADO VALEO SPHEROS PARA AUTOBUSES Y MICROBUSES\r\n\r\n\r\nMINCARONE RUIZ E CIA. LTDA. DESDE 1985 AL SERVICIO DEL MERCADO DEL TRANSPORTE REFRIGERADO"},"_links":{"self":[{"href":"https:\/\/mincarone.net\/pt\/wp-json\/wp\/v2\/product\/4077","targetHints":{"allow":["GET"]}}],"collection":[{"href":"https:\/\/mincarone.net\/pt\/wp-json\/wp\/v2\/product"}],"about":[{"href":"https:\/\/mincarone.net\/pt\/wp-json\/wp\/v2\/types\/product"}],"replies":[{"embeddable":true,"href":"https:\/\/mincarone.net\/pt\/wp-json\/wp\/v2\/comments?post=4077"}],"wp:featuredmedia":[{"embeddable":true,"href":"https:\/\/mincarone.net\/pt\/wp-json\/wp\/v2\/media\/4380"}],"wp:attachment":[{"href":"https:\/\/mincarone.net\/pt\/wp-json\/wp\/v2\/media?parent=4077"}],"wp:term":[{"taxonomy":"product_brand","embeddable":true,"href":"https:\/\/mincarone.net\/pt\/wp-json\/wp\/v2\/product_brand?post=4077"},{"taxonomy":"product_cat","embeddable":true,"href":"https:\/\/mincarone.net\/pt\/wp-json\/wp\/v2\/product_cat?post=4077"},{"taxonomy":"product_tag","embeddable":true,"href":"https:\/\/mincarone.net\/pt\/wp-json\/wp\/v2\/product_tag?post=4077"}],"curies":[{"name":"wp","href":"https:\/\/api.w.org\/{rel}","templated":true}]}}