{"id":4081,"date":"2023-11-27T11:20:08","date_gmt":"2023-11-27T14:20:08","guid":{"rendered":"http:\/\/net.mincarone.com.br\/produto\/filtro-secador-c-oring-dml305-danfoss-valeo-original\/"},"modified":"2026-04-07T09:35:07","modified_gmt":"2026-04-07T12:35:07","slug":"filtro-secador-c-oring-dml305-danfoss-valeo-012-00086-000","status":"publish","type":"product","link":"https:\/\/mincarone.net\/pt\/produto\/filtro-secador-c-oring-dml305-danfoss-valeo-012-00086-000\/","title":{"rendered":"FILTRO SECADOR C\/ ORING DML305 DANFOSS VALEO 012-00086-000"},"content":{"rendered":"<div>FILTRO SECADOR COM O-RING DML305<\/div>\n<div><\/div>\n<div>MARCA: DANFOSS\/VALEO<\/div>\n<div>TAMANHO DA CONEX\u00c3O: 5\/8&#8243;<\/div>\n<div>GASES COMPAT\u00cdVEIS: R1234YF, R1234ZE, R125, R134A, R22, R407C, R23, R32, R404A, R407A, R407F, R410A, R422B, R422D, R438A, R444B, R448A, R449A, R449B, R450A, R452A. R452B, R454B, R455A, R507A, R513A.<\/div>\n<div>APLICA\u00c7\u00d5ES: REFRIGERA\u00c7\u00c3O COMERCIAL, UNIDADES DE AR CONDICIONADO E TRANSPORTE REFRIGERADO<\/div>\n<div><\/div>\n<div><\/div>\n<div>MINCARONE, RUIZ E CIA. LTDA. DESDE 1985 ATENDENDO O MERCADO DO TRANSPORTE REFRIGERADO<\/div>","protected":false},"excerpt":{"rendered":"<p>FILTRO SECADOR COM O-RING DML305 MARCA: DANFOSS\/VALEO TAMANHO DA CONEX\u00c3O: 5\/8&#8243; GASES COMPAT\u00cdVEIS: R1234YF, R1234ZE, R125, R134A, R22, R407C, R23, [&hellip;]<\/p>","protected":false},"featured_media":4369,"comment_status":"closed","ping_status":"closed","template":"","meta":{"_acf_changed":false,"site-sidebar-layout":"default","site-content-layout":"default","ast-site-content-layout":"default","site-content-style":"default","site-sidebar-style":"default","ast-global-header-display":"","ast-banner-title-visibility":"","ast-main-header-display":"","ast-hfb-above-header-display":"","ast-hfb-below-header-display":"","ast-hfb-mobile-header-display":"","site-post-title":"","ast-breadcrumbs-content":"","ast-featured-img":"","footer-sml-layout":"","ast-disable-related-posts":"","theme-transparent-header-meta":"default","adv-header-id-meta":"","stick-header-meta":"default","header-above-stick-meta":"","header-main-stick-meta":"","header-below-stick-meta":"","astra-migrate-meta-layouts":"default","ast-page-background-enabled":"default","ast-page-background-meta":{"desktop":{"background-color":"var(--ast-global-color-5)","background-image":"","background-repeat":"repeat","background-position":"center center","background-size":"auto","background-attachment":"scroll","background-type":"","background-media":"","overlay-type":"","overlay-color":"","overlay-opacity":"","overlay-gradient":""},"tablet":{"background-color":"","background-image":"","background-repeat":"repeat","background-position":"center center","background-size":"auto","background-attachment":"scroll","background-type":"","background-media":"","overlay-type":"","overlay-color":"","overlay-opacity":"","overlay-gradient":""},"mobile":{"background-color":"","background-image":"","background-repeat":"repeat","background-position":"center center","background-size":"auto","background-attachment":"scroll","background-type":"","background-media":"","overlay-type":"","overlay-color":"","overlay-opacity":"","overlay-gradient":""}},"ast-content-background-meta":{"desktop":{"background-color":"var(--ast-global-color-4)","background-image":"","background-repeat":"repeat","background-position":"center center","background-size":"auto","background-attachment":"scroll","background-type":"","background-media":"","overlay-type":"","overlay-color":"","overlay-opacity":"","overlay-gradient":""},"tablet":{"background-color":"var(--ast-global-color-4)","background-image":"","background-repeat":"repeat","background-position":"center center","background-size":"auto","background-attachment":"scroll","background-type":"","background-media":"","overlay-type":"","overlay-color":"","overlay-opacity":"","overlay-gradient":""},"mobile":{"background-color":"var(--ast-global-color-4)","background-image":"","background-repeat":"repeat","background-position":"center center","background-size":"auto","background-attachment":"scroll","background-type":"","background-media":"","overlay-type":"","overlay-color":"","overlay-opacity":"","overlay-gradient":""}},"_joinchat":[]},"product_brand":[],"product_cat":[24],"product_tag":[],"class_list":{"0":"post-4081","1":"product","2":"type-product","3":"status-publish","4":"has-post-thumbnail","6":"product_cat-filtros","7":"desktop-align-left","8":"tablet-align-left","9":"mobile-align-left","11":"first","12":"instock","13":"shipping-taxable","14":"purchasable","15":"product-type-simple"},"acf":{"titulo_ingles":"DRIER FILTER W\/ ORING DANFOSS VALEO 012-00086-000","descricao_ingles":"DML305 DRIER FILTER WITH ORING\r\n\t\r\nBRAND: DANFOSS\/VALEO\r\nFITTING SIZE: 5\/8\"\r\nCOMPATIBLE REFRIGERANT GAS: R1234YF, R1234ZE, R125, R134A, R22, R407C, R23, R32, R404A, R407A, R407F, R410A, R422B, R422D, R438A, R444B, R448A, R449A, R449B, R450A, R452A. R452B, R454B, R455A, R507A, R513A\r\nAPPLICATION: COMMERCIAL REFRIGERATION, AIR CONDITIONER UNITYS AND REFRIGERATED TRANSPORT\r\n\r\n\r\nMINCARONE RUIZ E CIA. LTDA. SINCE 1985 SERVING THE REFRIGERATED TRANSPORT MARKET\r\n","titulo_espanhol":"FILTRO SECADOR CON JUNTA T\u00d3RICA DANFOSS VALEO 012-00086-000","descricao_espanhol":"FILTRO SECADOR DML305 CON ORING\r\n\r\nMARCA: DANFOSS\/VALEO\r\nTAMA\u00d1O DE MONTAJE: 5\/8\"\r\nGAS REFRIGERANTE COMPATIBLE: R1234YF, R1234ZE, R125, R134A, R22, R407C, R23, R32, R404A, R407A, R407F, R410A, R422B, R422D, R438A, R444B, R448A, R449A, R449B, R 450A, R452A. R452B, R454B, R455A, R507A, R513A\r\nAPLICACI\u00d3N: REFRIGERACI\u00d3N COMERCIAL, UNIDADES DE AIRE ACONDICIONADO Y TRANSPORTE REFRIGERADO\r\n\r\n\r\nMINCARONE RUIZ E CIA. LTDA. DESDE 1985 AL SERVICIO DEL MERCADO DEL TRANSPORTE REFRIGERADO"},"_links":{"self":[{"href":"https:\/\/mincarone.net\/pt\/wp-json\/wp\/v2\/product\/4081","targetHints":{"allow":["GET"]}}],"collection":[{"href":"https:\/\/mincarone.net\/pt\/wp-json\/wp\/v2\/product"}],"about":[{"href":"https:\/\/mincarone.net\/pt\/wp-json\/wp\/v2\/types\/product"}],"replies":[{"embeddable":true,"href":"https:\/\/mincarone.net\/pt\/wp-json\/wp\/v2\/comments?post=4081"}],"wp:featuredmedia":[{"embeddable":true,"href":"https:\/\/mincarone.net\/pt\/wp-json\/wp\/v2\/media\/4369"}],"wp:attachment":[{"href":"https:\/\/mincarone.net\/pt\/wp-json\/wp\/v2\/media?parent=4081"}],"wp:term":[{"taxonomy":"product_brand","embeddable":true,"href":"https:\/\/mincarone.net\/pt\/wp-json\/wp\/v2\/product_brand?post=4081"},{"taxonomy":"product_cat","embeddable":true,"href":"https:\/\/mincarone.net\/pt\/wp-json\/wp\/v2\/product_cat?post=4081"},{"taxonomy":"product_tag","embeddable":true,"href":"https:\/\/mincarone.net\/pt\/wp-json\/wp\/v2\/product_tag?post=4081"}],"curies":[{"name":"wp","href":"https:\/\/api.w.org\/{rel}","templated":true}]}}