{"id":4103,"date":"2023-11-27T11:20:13","date_gmt":"2023-11-27T14:20:13","guid":{"rendered":"http:\/\/net.mincarone.com.br\/produto\/w1200014000\/"},"modified":"2026-04-07T09:35:13","modified_gmt":"2026-04-07T12:35:13","slug":"v-lvula-expans-o-honeywell-tbex-e0394-valeo-012-00014-000","status":"publish","type":"product","link":"https:\/\/mincarone.net\/pt\/produto\/v-lvula-expans-o-honeywell-tbex-e0394-valeo-012-00014-000\/","title":{"rendered":"V\u00c1LVULA EXPANS\u00c3O HONEYWELL TBEX E0394 VALEO 012-00014-000"},"content":{"rendered":"<p>V\u00c1LVULA DE EXPANS\u00c3O HONEYWELL TBEX E0394 ORIGINAL<\/p>\n<p>MARCA: HONEYWELL VIA VALEO<br \/>\nREFER\u00caNCIA: 012-00014-000<br \/>\nCONEX\u00c3O: C\u00d4NICA<br \/>\nMEDIDAS CONEX\u00d5ES: 3\/8&#8242; X 1\/2&#8242; X 1\/4&#8242;<br \/>\nPOTENCIA: 4,5T<br \/>\nMEDIDAS: ALTURA (H): 115MM X COMPRIMENTO (L): 88MM X LARGURA (B): 57MM<br \/>\nTIPO DE REFRIGERANTE: R134A<br \/>\nAPLICA\u00c7\u00c3O: CC350, CC300, CC230 E UNIVERSAL<\/p>\n<p>MINCARONE, RUIZ E CIA. LTDA. DESDE 1985 ATENDENDO O MERCADO DO TRANSPORTE REFRIGERADO<\/p>","protected":false},"excerpt":{"rendered":"<p>V\u00c1LVULA DE EXPANS\u00c3O HONEYWELL TBEX E0394 ORIGINAL MARCA: HONEYWELL VIA VALEO REFER\u00caNCIA: 012-00014-000 CONEX\u00c3O: C\u00d4NICA MEDIDAS CONEX\u00d5ES: 3\/8&#8242; X 1\/2&#8242; [&hellip;]<\/p>","protected":false},"featured_media":4243,"comment_status":"closed","ping_status":"closed","template":"","meta":{"_acf_changed":false,"site-sidebar-layout":"default","site-content-layout":"default","ast-site-content-layout":"default","site-content-style":"default","site-sidebar-style":"default","ast-global-header-display":"","ast-banner-title-visibility":"","ast-main-header-display":"","ast-hfb-above-header-display":"","ast-hfb-below-header-display":"","ast-hfb-mobile-header-display":"","site-post-title":"","ast-breadcrumbs-content":"","ast-featured-img":"","footer-sml-layout":"","ast-disable-related-posts":"","theme-transparent-header-meta":"default","adv-header-id-meta":"","stick-header-meta":"default","header-above-stick-meta":"","header-main-stick-meta":"","header-below-stick-meta":"","astra-migrate-meta-layouts":"default","ast-page-background-enabled":"default","ast-page-background-meta":{"desktop":{"background-color":"var(--ast-global-color-5)","background-image":"","background-repeat":"repeat","background-position":"center center","background-size":"auto","background-attachment":"scroll","background-type":"","background-media":"","overlay-type":"","overlay-color":"","overlay-opacity":"","overlay-gradient":""},"tablet":{"background-color":"","background-image":"","background-repeat":"repeat","background-position":"center center","background-size":"auto","background-attachment":"scroll","background-type":"","background-media":"","overlay-type":"","overlay-color":"","overlay-opacity":"","overlay-gradient":""},"mobile":{"background-color":"","background-image":"","background-repeat":"repeat","background-position":"center center","background-size":"auto","background-attachment":"scroll","background-type":"","background-media":"","overlay-type":"","overlay-color":"","overlay-opacity":"","overlay-gradient":""}},"ast-content-background-meta":{"desktop":{"background-color":"var(--ast-global-color-4)","background-image":"","background-repeat":"repeat","background-position":"center center","background-size":"auto","background-attachment":"scroll","background-type":"","background-media":"","overlay-type":"","overlay-color":"","overlay-opacity":"","overlay-gradient":""},"tablet":{"background-color":"var(--ast-global-color-4)","background-image":"","background-repeat":"repeat","background-position":"center center","background-size":"auto","background-attachment":"scroll","background-type":"","background-media":"","overlay-type":"","overlay-color":"","overlay-opacity":"","overlay-gradient":""},"mobile":{"background-color":"var(--ast-global-color-4)","background-image":"","background-repeat":"repeat","background-position":"center center","background-size":"auto","background-attachment":"scroll","background-type":"","background-media":"","overlay-type":"","overlay-color":"","overlay-opacity":"","overlay-gradient":""}},"_joinchat":[]},"product_brand":[],"product_cat":[70],"product_tag":[],"class_list":{"0":"post-4103","1":"product","2":"type-product","3":"status-publish","4":"has-post-thumbnail","6":"product_cat-valvulas","7":"desktop-align-left","8":"tablet-align-left","9":"mobile-align-left","11":"first","12":"instock","13":"shipping-taxable","14":"purchasable","15":"product-type-simple"},"acf":{"titulo_ingles":"EXPANSION VALVE - HONEYWELL TBEX E0394 VALEO 012-00014-000","descricao_ingles":"EXPANSION VALVE\r\n\t\t\r\nBRAND: HONEYWELL - VALEO\r\nPART NUMBER: 012-00014-000\r\nFITTING: CONICAL\t\r\nFITTING SIZE: 3\/8' X 1\/2' X 1\/4'\t\r\nCAPACITY: 4,5T\t\r\nSIZE: HEIGHT- 115MM X LENGHT- 88MM X THICKNESS - 57MM\r\nREFRIGERANT TYPE: R134A\r\nAPPLICATION: CC350, CC300, CC230, UNIVERSAL\r\n\r\n\r\nMINCARONE RUIZ E CIA. LTDA. SINCE 1985 SERVING THE REFRIGERATED TRANSPORT MARKET\r\n","titulo_espanhol":"V\u00c1LVULA DE EXPANSI\u00d3N - HONEYWELL TBEX E0394 VALEO 012-00014-000","descricao_espanhol":"V\u00c1LVULA DE EXPANSI\u00d3N\r\n\r\nMARCA: HONEYWELL - VALEO\r\nN\u00daMERO DE REPUESTO: 012-00014-000\r\nMONTAJE: C\u00d3NICO\r\nTAMA\u00d1O DE MONTAJE: 3\/8' X 1\/2' X 1\/4'\r\nCAPACIDAD: 4,5T\r\nTAMA\u00d1O: ALTO- 115MM X LARGO- 88MM X ANCHO - 57MM\r\nTIPO DE REFRIGERANTE: R134A\r\nAPLICACI\u00d3N: CC350, CC300, CC230, UNIVERSAL\r\n\r\n\r\nMINCARONE RUIZ E CIA. LTDA. DESDE 1985 AL SERVICIO DEL MERCADO DEL TRANSPORTE REFRIGERADO"},"_links":{"self":[{"href":"https:\/\/mincarone.net\/pt\/wp-json\/wp\/v2\/product\/4103","targetHints":{"allow":["GET"]}}],"collection":[{"href":"https:\/\/mincarone.net\/pt\/wp-json\/wp\/v2\/product"}],"about":[{"href":"https:\/\/mincarone.net\/pt\/wp-json\/wp\/v2\/types\/product"}],"replies":[{"embeddable":true,"href":"https:\/\/mincarone.net\/pt\/wp-json\/wp\/v2\/comments?post=4103"}],"wp:featuredmedia":[{"embeddable":true,"href":"https:\/\/mincarone.net\/pt\/wp-json\/wp\/v2\/media\/4243"}],"wp:attachment":[{"href":"https:\/\/mincarone.net\/pt\/wp-json\/wp\/v2\/media?parent=4103"}],"wp:term":[{"taxonomy":"product_brand","embeddable":true,"href":"https:\/\/mincarone.net\/pt\/wp-json\/wp\/v2\/product_brand?post=4103"},{"taxonomy":"product_cat","embeddable":true,"href":"https:\/\/mincarone.net\/pt\/wp-json\/wp\/v2\/product_cat?post=4103"},{"taxonomy":"product_tag","embeddable":true,"href":"https:\/\/mincarone.net\/pt\/wp-json\/wp\/v2\/product_tag?post=4103"}],"curies":[{"name":"wp","href":"https:\/\/api.w.org\/{rel}","templated":true}]}}