{"id":4114,"date":"2023-11-27T11:20:14","date_gmt":"2023-11-27T14:20:14","guid":{"rendered":"http:\/\/net.mincarone.com.br\/produto\/w2900085000\/"},"modified":"2026-04-09T17:46:49","modified_gmt":"2026-04-09T20:46:49","slug":"embreagem-compressor-tm31-8pk-24v-valeo-029-00085-000","status":"publish","type":"product","link":"https:\/\/mincarone.net\/pt\/produto\/embreagem-compressor-tm31-8pk-24v-valeo-029-00085-000\/","title":{"rendered":"EMBREAGEM COMPRESSOR TM31 8PK 24V VALEO 029-00085-000"},"content":{"rendered":"<div>EMBREAGEM COMPLETA PARA COMPRESSOR SP-32 TM-31 &#8211; AR CONDICIONADO \u00d4NIBUS<\/div>\n<div><\/div>\n<div>MARCA: SPHEROS, VALEO<\/div>\n<div>REFER\u00caNCIA: 029-00085-000<\/div>\n<div>CANAIS: 8PK<\/div>\n<div>TENS\u00c3O: 24V<\/div>\n<div>DI\u00c2METRO POLIA: EXTERNO DE 158MM<\/div>\n<div>DI\u00c2METROS BOBINA: EXTERNO 121 MM, INTERNO 78,50 MM E ALTURA 43 MM<\/div>\n<div>KIT DE EMBREAGEM MAGN\u00c9TICA COMPLETO PARA APLICA\u00c7\u00c3O EM COMPRESSORES TM31 QUE EST\u00c1 EM DIVERSOS FABRICANTES DE AR CONDICIONADO PARA \u00d4NIBUS COMO EBERSPACHER, ARCO, VMG AIRES, SPHEROS, VALEO, WEBASTO, CLIMABUSS, THERMO KING, EUROAR, ENTRE OUTROS<\/div>\n<div><\/div>\n<div><\/div>\n<div>MINCARONE, RUIZ E CIA. LTDA. DESDE 1985 ATENDENDO O MERCADO DO TRANSPORTE REFRIGERADO<\/div>","protected":false},"excerpt":{"rendered":"<p>EMBREAGEM COMPLETA PARA COMPRESSOR SP-32 TM-31 &#8211; AR CONDICIONADO \u00d4NIBUS MARCA: SPHEROS, VALEO REFER\u00caNCIA: 029-00085-000 CANAIS: 8PK TENS\u00c3O: 24V DI\u00c2METRO [&hellip;]<\/p>","protected":false},"featured_media":4218,"comment_status":"closed","ping_status":"closed","template":"","meta":{"_acf_changed":false,"site-sidebar-layout":"default","site-content-layout":"default","ast-site-content-layout":"default","site-content-style":"default","site-sidebar-style":"default","ast-global-header-display":"","ast-banner-title-visibility":"","ast-main-header-display":"","ast-hfb-above-header-display":"","ast-hfb-below-header-display":"","ast-hfb-mobile-header-display":"","site-post-title":"","ast-breadcrumbs-content":"","ast-featured-img":"","footer-sml-layout":"","ast-disable-related-posts":"","theme-transparent-header-meta":"default","adv-header-id-meta":"","stick-header-meta":"default","header-above-stick-meta":"","header-main-stick-meta":"","header-below-stick-meta":"","astra-migrate-meta-layouts":"default","ast-page-background-enabled":"default","ast-page-background-meta":{"desktop":{"background-color":"var(--ast-global-color-5)","background-image":"","background-repeat":"repeat","background-position":"center center","background-size":"auto","background-attachment":"scroll","background-type":"","background-media":"","overlay-type":"","overlay-color":"","overlay-opacity":"","overlay-gradient":""},"tablet":{"background-color":"","background-image":"","background-repeat":"repeat","background-position":"center center","background-size":"auto","background-attachment":"scroll","background-type":"","background-media":"","overlay-type":"","overlay-color":"","overlay-opacity":"","overlay-gradient":""},"mobile":{"background-color":"","background-image":"","background-repeat":"repeat","background-position":"center center","background-size":"auto","background-attachment":"scroll","background-type":"","background-media":"","overlay-type":"","overlay-color":"","overlay-opacity":"","overlay-gradient":""}},"ast-content-background-meta":{"desktop":{"background-color":"var(--ast-global-color-4)","background-image":"","background-repeat":"repeat","background-position":"center center","background-size":"auto","background-attachment":"scroll","background-type":"","background-media":"","overlay-type":"","overlay-color":"","overlay-opacity":"","overlay-gradient":""},"tablet":{"background-color":"var(--ast-global-color-4)","background-image":"","background-repeat":"repeat","background-position":"center center","background-size":"auto","background-attachment":"scroll","background-type":"","background-media":"","overlay-type":"","overlay-color":"","overlay-opacity":"","overlay-gradient":""},"mobile":{"background-color":"var(--ast-global-color-4)","background-image":"","background-repeat":"repeat","background-position":"center center","background-size":"auto","background-attachment":"scroll","background-type":"","background-media":"","overlay-type":"","overlay-color":"","overlay-opacity":"","overlay-gradient":""}},"_joinchat":[]},"product_brand":[],"product_cat":[69],"product_tag":[],"class_list":{"0":"post-4114","1":"product","2":"type-product","3":"status-publish","4":"has-post-thumbnail","6":"product_cat-embreagem","7":"desktop-align-left","8":"tablet-align-left","9":"mobile-align-left","11":"first","12":"instock","13":"shipping-taxable","14":"purchasable","15":"product-type-simple"},"acf":{"titulo_ingles":"CLUTCH - TM31 COMPRESSOR 8PK 24V VALEO 029-00085-000","descricao_ingles":"SP-32 TM-31 COMPRESSOR CLUTCH - BUS AIR CONDITIONER\r\n\r\nBRAND: SPHEROS, VALEO\r\nPART NUMBER: 029-00085-000\r\nPULLEY CHANNELS: 8PK\t\t\r\nVOLTAGE: 24V\r\nPULLEY EXTERNAL DIAMETER: 158MM\r\nCOIL DIAMETER: EXTERNAL 121 MM, INTERNAL 78,50 MM, HEIGHT 43 MM\r\nAPPLICATION: TM31 COMPRESSORS\r\n\r\n\r\nMINCARONE RUIZ E CIA. LTDA. SINCE 1985 SERVING THE REFRIGERATED TRANSPORT MARKET\r\n","titulo_espanhol":"EMBRAGUE - COMPRESOR TM31 8PK 24V VALEO 029-00085-000","descricao_espanhol":"SP-32 TM-31 EMBRAGUE DEL COMPRESOR - AIRE ACONDICIONADO PARA AUTOB\u00daS\r\n\r\nMARCA: SPHEROS, VALEO\r\nN\u00daMERO DE REPUESTO: 029-00085-000\r\nCANALES DE POLEA: 8PK\r\nVOLTAJE: 24V\r\nDI\u00c1METRO EXTERNO POLEA: 158MM\r\nDI\u00c1METRO BOBINA: EXTERNO 121 MM, INTERNO 78,50 MM, ALTURA 43 MM\r\nAPLICACI\u00d3N: COMPRESORES TM31\r\n\r\nMINCARONE RUIZ E CIA. LTDA. DESDE 1985 AL SERVICIO DEL MERCADO DEL TRANSPORTE REFRIGERADO\r\n"},"_links":{"self":[{"href":"https:\/\/mincarone.net\/pt\/wp-json\/wp\/v2\/product\/4114","targetHints":{"allow":["GET"]}}],"collection":[{"href":"https:\/\/mincarone.net\/pt\/wp-json\/wp\/v2\/product"}],"about":[{"href":"https:\/\/mincarone.net\/pt\/wp-json\/wp\/v2\/types\/product"}],"replies":[{"embeddable":true,"href":"https:\/\/mincarone.net\/pt\/wp-json\/wp\/v2\/comments?post=4114"}],"wp:featuredmedia":[{"embeddable":true,"href":"https:\/\/mincarone.net\/pt\/wp-json\/wp\/v2\/media\/4218"}],"wp:attachment":[{"href":"https:\/\/mincarone.net\/pt\/wp-json\/wp\/v2\/media?parent=4114"}],"wp:term":[{"taxonomy":"product_brand","embeddable":true,"href":"https:\/\/mincarone.net\/pt\/wp-json\/wp\/v2\/product_brand?post=4114"},{"taxonomy":"product_cat","embeddable":true,"href":"https:\/\/mincarone.net\/pt\/wp-json\/wp\/v2\/product_cat?post=4114"},{"taxonomy":"product_tag","embeddable":true,"href":"https:\/\/mincarone.net\/pt\/wp-json\/wp\/v2\/product_tag?post=4114"}],"curies":[{"name":"wp","href":"https:\/\/api.w.org\/{rel}","templated":true}]}}