{"id":4119,"date":"2023-11-27T11:20:15","date_gmt":"2023-11-27T14:20:15","guid":{"rendered":"http:\/\/net.mincarone.com.br\/produto\/w0200001001\/"},"modified":"2026-04-07T17:51:21","modified_gmt":"2026-04-07T20:51:21","slug":"massa-t-rmica-isolante-de-50-mm-x-3-17-mm-x-9-m-1-2-kg-valeo-002-00001-001","status":"publish","type":"product","link":"https:\/\/mincarone.net\/pt\/produto\/massa-t-rmica-isolante-de-50-mm-x-3-17-mm-x-9-m-1-2-kg-valeo-002-00001-001\/","title":{"rendered":"MASSA T\u00c9RMICA ISOLANTE DE 50 MM X 3,17 MM X 9 M 1,2 KG VALEO 002-00001-001"},"content":{"rendered":"<p>FITA T\u00c9RMICA ISOLANTE PARA BAIXA TEMPERATURA<\/p>\n<p>APLICA\u00c7\u00c3O: ISOLAMENTO DE TUBULA\u00c7\u00d5ES EM BAIXA TEMPERATURA, CANOS DE EVAPORADORES, V\u00c1LVULAS DE EXPANS\u00c3O, CANOS DE SUC\u00c7\u00c3O, ETC.<br \/>\nDIMENS\u00c3O POLEGADAS: 1\/8&#8243; X 2&#8243; X 30 P\u00c9S<br \/>\nDIMENS\u00c3O MIL\u00cdMETROS: 3,17 MM X 50 MM X 9 METROS<br \/>\nCOR: PRETA<\/p>\n<p>MINCARONE, RUIZ E CIA. LTDA. DESDE 1985 ATENDENDO O MERCADO DO TRANSPORTE REFRIGERADO<\/p>","protected":false},"excerpt":{"rendered":"<p>FITA T\u00c9RMICA ISOLANTE PARA BAIXA TEMPERATURA APLICA\u00c7\u00c3O: ISOLAMENTO DE TUBULA\u00c7\u00d5ES EM BAIXA TEMPERATURA, CANOS DE EVAPORADORES, V\u00c1LVULAS DE EXPANS\u00c3O, CANOS [&hellip;]<\/p>","protected":false},"featured_media":4203,"comment_status":"closed","ping_status":"closed","template":"","meta":{"_acf_changed":false,"site-sidebar-layout":"default","site-content-layout":"default","ast-site-content-layout":"default","site-content-style":"default","site-sidebar-style":"default","ast-global-header-display":"","ast-banner-title-visibility":"","ast-main-header-display":"","ast-hfb-above-header-display":"","ast-hfb-below-header-display":"","ast-hfb-mobile-header-display":"","site-post-title":"","ast-breadcrumbs-content":"","ast-featured-img":"","footer-sml-layout":"","ast-disable-related-posts":"","theme-transparent-header-meta":"default","adv-header-id-meta":"","stick-header-meta":"default","header-above-stick-meta":"","header-main-stick-meta":"","header-below-stick-meta":"","astra-migrate-meta-layouts":"default","ast-page-background-enabled":"default","ast-page-background-meta":{"desktop":{"background-color":"var(--ast-global-color-5)","background-image":"","background-repeat":"repeat","background-position":"center center","background-size":"auto","background-attachment":"scroll","background-type":"","background-media":"","overlay-type":"","overlay-color":"","overlay-opacity":"","overlay-gradient":""},"tablet":{"background-color":"","background-image":"","background-repeat":"repeat","background-position":"center center","background-size":"auto","background-attachment":"scroll","background-type":"","background-media":"","overlay-type":"","overlay-color":"","overlay-opacity":"","overlay-gradient":""},"mobile":{"background-color":"","background-image":"","background-repeat":"repeat","background-position":"center center","background-size":"auto","background-attachment":"scroll","background-type":"","background-media":"","overlay-type":"","overlay-color":"","overlay-opacity":"","overlay-gradient":""}},"ast-content-background-meta":{"desktop":{"background-color":"var(--ast-global-color-4)","background-image":"","background-repeat":"repeat","background-position":"center center","background-size":"auto","background-attachment":"scroll","background-type":"","background-media":"","overlay-type":"","overlay-color":"","overlay-opacity":"","overlay-gradient":""},"tablet":{"background-color":"var(--ast-global-color-4)","background-image":"","background-repeat":"repeat","background-position":"center center","background-size":"auto","background-attachment":"scroll","background-type":"","background-media":"","overlay-type":"","overlay-color":"","overlay-opacity":"","overlay-gradient":""},"mobile":{"background-color":"var(--ast-global-color-4)","background-image":"","background-repeat":"repeat","background-position":"center center","background-size":"auto","background-attachment":"scroll","background-type":"","background-media":"","overlay-type":"","overlay-color":"","overlay-opacity":"","overlay-gradient":""}},"_joinchat":[]},"product_brand":[],"product_cat":[89],"product_tag":[],"class_list":{"0":"post-4119","1":"product","2":"type-product","3":"status-publish","4":"has-post-thumbnail","6":"product_cat-itens-diversos","7":"desktop-align-left","8":"tablet-align-left","9":"mobile-align-left","11":"first","12":"instock","13":"shipping-taxable","14":"purchasable","15":"product-type-simple"},"acf":{"titulo_ingles":"INSULATING THERMAL TAPE 50 MM X 3,17 MM X 9 M 1,2 KG VALEO 002-00001-001","descricao_ingles":"LOW TEMPERATURE INSULATING THERMAL TAPE\r\n\t\r\nAPPLICATION: INSULATION OF PIPES AT LOW TEMPERATURES, EVAPORATOR PIPES, EXPANSION VALVES, SUCTION PIPES, ETC.\r\nSIZE IN INCHES: 1\/8\" X 2\" X 30 FEET\t\r\nSIZE IN MILLIMETERS: 3.17 MM X 50 MM X 9 METERS\r\nCOLOR: BLACK\t\t\r\n\t\r\n\r\nMINCARONE RUIZ E CIA. LTDA. SINCE 1985 SERVING THE REFRIGERATED TRANSPORT MARKET\t\r\n","titulo_espanhol":"CINTA T\u00c9RMICA AISLANTE 50 MM X 3,17 MM X 9 M 1,2 KG VALEO 002-00001-001","descricao_espanhol":"CINTA T\u00c9RMICA AISLANTE DE BAJA TEMPERATURA\r\n\r\nAPLICACI\u00d3N: AISLAMIENTO DE TUBER\u00cdAS A BAJAS TEMPERATURAS, TUBER\u00cdAS DE EVAPORADORES, V\u00c1LVULAS DE EXPANSI\u00d3N, TUBER\u00cdAS DE ASPIRACI\u00d3N, ETC.\r\nTAMA\u00d1O EN PULGADAS: 1\/8\" X 2\" X 30 PIES\r\nTAMA\u00d1O EN MIL\u00cdMETROS: 3,17 MM X 50 MM X 9 METROS\r\nCOLOR: NEGRO\t\r\n\r\nMINCARONE RUIZ E CIA. LTDA. DESDE 1985 AL SERVICIO DEL MERCADO DEL TRANSPORTE REFRIGERADO\r\n"},"_links":{"self":[{"href":"https:\/\/mincarone.net\/pt\/wp-json\/wp\/v2\/product\/4119","targetHints":{"allow":["GET"]}}],"collection":[{"href":"https:\/\/mincarone.net\/pt\/wp-json\/wp\/v2\/product"}],"about":[{"href":"https:\/\/mincarone.net\/pt\/wp-json\/wp\/v2\/types\/product"}],"replies":[{"embeddable":true,"href":"https:\/\/mincarone.net\/pt\/wp-json\/wp\/v2\/comments?post=4119"}],"wp:featuredmedia":[{"embeddable":true,"href":"https:\/\/mincarone.net\/pt\/wp-json\/wp\/v2\/media\/4203"}],"wp:attachment":[{"href":"https:\/\/mincarone.net\/pt\/wp-json\/wp\/v2\/media?parent=4119"}],"wp:term":[{"taxonomy":"product_brand","embeddable":true,"href":"https:\/\/mincarone.net\/pt\/wp-json\/wp\/v2\/product_brand?post=4119"},{"taxonomy":"product_cat","embeddable":true,"href":"https:\/\/mincarone.net\/pt\/wp-json\/wp\/v2\/product_cat?post=4119"},{"taxonomy":"product_tag","embeddable":true,"href":"https:\/\/mincarone.net\/pt\/wp-json\/wp\/v2\/product_tag?post=4119"}],"curies":[{"name":"wp","href":"https:\/\/api.w.org\/{rel}","templated":true}]}}