{"id":4562,"date":"2023-12-11T09:29:17","date_gmt":"2023-12-11T12:29:17","guid":{"rendered":"http:\/\/net.mincarone.com.br\/produto\/contatora-12v-20a-thermo-king-t890-1090-420342-schneider\/"},"modified":"2026-04-09T17:46:41","modified_gmt":"2026-04-09T20:46:41","slug":"contatora-12v-20a-schneider-thermo-king-420432-42-432-t890-t1090","status":"publish","type":"product","link":"https:\/\/mincarone.net\/pt\/produto\/contatora-12v-20a-schneider-thermo-king-420432-42-432-t890-t1090\/","title":{"rendered":"CONTATORA 12V 20A SCHNEIDER THERMO KING 420432 42-432 T890 T1090"},"content":{"rendered":"<p>CONTATOR 12V THERMO KING | ORIGINAL<\/p>\n<p>MARCA: SCHNEIDER<br \/>\nOEM: THERMO KING<br \/>\nREFER\u00caNCIA THERMO KING: 420342 (42-342)<br \/>\nTENS\u00c3O ALIMENTA\u00c7\u00c3O BOBINA: 12V<br \/>\nAMPERAGEM: 20 AMPERES<br \/>\nAPLICA\u00c7\u00c3O: T690, T890, T1090, PRECEDENT<\/p>\n<p>MINCARONE RUIZ E CIA. LTDA. DESDE 1985 ATENDENDO O MERCADO DO TRANSPORTE REFRIGERADO<\/p>\n<p>DISTRIBUIDOR\/DEALER THERMO KING<\/p>","protected":false},"excerpt":{"rendered":"<p>CONTATOR 12V THERMO KING | ORIGINAL MARCA: SCHNEIDER OEM: THERMO KING REFER\u00caNCIA THERMO KING: 420342 (42-342) TENS\u00c3O ALIMENTA\u00c7\u00c3O BOBINA: 12V [&hellip;]<\/p>","protected":false},"featured_media":5503,"comment_status":"closed","ping_status":"closed","template":"","meta":{"_acf_changed":false,"site-sidebar-layout":"default","site-content-layout":"default","ast-site-content-layout":"default","site-content-style":"default","site-sidebar-style":"default","ast-global-header-display":"","ast-banner-title-visibility":"","ast-main-header-display":"","ast-hfb-above-header-display":"","ast-hfb-below-header-display":"","ast-hfb-mobile-header-display":"","site-post-title":"","ast-breadcrumbs-content":"","ast-featured-img":"","footer-sml-layout":"","ast-disable-related-posts":"","theme-transparent-header-meta":"default","adv-header-id-meta":"","stick-header-meta":"default","header-above-stick-meta":"","header-main-stick-meta":"","header-below-stick-meta":"","astra-migrate-meta-layouts":"default","ast-page-background-enabled":"default","ast-page-background-meta":{"desktop":{"background-color":"var(--ast-global-color-5)","background-image":"","background-repeat":"repeat","background-position":"center center","background-size":"auto","background-attachment":"scroll","background-type":"","background-media":"","overlay-type":"","overlay-color":"","overlay-opacity":"","overlay-gradient":""},"tablet":{"background-color":"","background-image":"","background-repeat":"repeat","background-position":"center center","background-size":"auto","background-attachment":"scroll","background-type":"","background-media":"","overlay-type":"","overlay-color":"","overlay-opacity":"","overlay-gradient":""},"mobile":{"background-color":"","background-image":"","background-repeat":"repeat","background-position":"center center","background-size":"auto","background-attachment":"scroll","background-type":"","background-media":"","overlay-type":"","overlay-color":"","overlay-opacity":"","overlay-gradient":""}},"ast-content-background-meta":{"desktop":{"background-color":"var(--ast-global-color-4)","background-image":"","background-repeat":"repeat","background-position":"center center","background-size":"auto","background-attachment":"scroll","background-type":"","background-media":"","overlay-type":"","overlay-color":"","overlay-opacity":"","overlay-gradient":""},"tablet":{"background-color":"var(--ast-global-color-4)","background-image":"","background-repeat":"repeat","background-position":"center center","background-size":"auto","background-attachment":"scroll","background-type":"","background-media":"","overlay-type":"","overlay-color":"","overlay-opacity":"","overlay-gradient":""},"mobile":{"background-color":"var(--ast-global-color-4)","background-image":"","background-repeat":"repeat","background-position":"center center","background-size":"auto","background-attachment":"scroll","background-type":"","background-media":"","overlay-type":"","overlay-color":"","overlay-opacity":"","overlay-gradient":""}},"_joinchat":[]},"product_brand":[],"product_cat":[76],"product_tag":[],"class_list":{"0":"post-4562","1":"product","2":"type-product","3":"status-publish","4":"has-post-thumbnail","6":"product_cat-componentes-eletricos","7":"desktop-align-left","8":"tablet-align-left","9":"mobile-align-left","11":"first","12":"instock","13":"shipping-taxable","14":"purchasable","15":"product-type-simple"},"acf":{"titulo_ingles":"CONTACTOR - CONDENSER MOTORS 12V 20A SCHNEIDER THERMO KING 420432 42-432 T890 T1090","descricao_ingles":"12 VOLTS CONTACTOR\r\n\r\nBRAND: SCHNEIDER\r\nOEM: THERMO KING\t\r\nPART NUMBER: 420342 (42-342)\r\nCOIL FEEDING VOLTAGE: 12 VOLTS\r\nAMPERAGE: 20 AMPS\t\r\nAPPLICATION: T690, T890, T1090, PRECEDENT\r\n\t\r\n\r\nMINCARONE RUIZ E CIA. LTDA. SINCE 1985 SERVING THE REFRIGERATED TRANSPORT MARKET\r\n\t\t\r\nTHERMO KING DEALER\r\n","titulo_espanhol":"CONTACTOR - MOTORES DE CONDENSADOR 12V 20A SCHNEIDER THERMO KING 420432 42-432 T890 T1090","descricao_espanhol":"CONTACTOR DE 12 VOLTIOS\r\n\r\nMARCA: SCHNEIDER\r\nOEM: THERMO KING\r\nN\u00daMERO DE REPUESTO: 420342 (42-342)\r\nVOLTAJE DE ALIMENTACI\u00d3N DE BOBINA: 12 VOLTIOS\r\nAMPERAJE: 20 AMPERIOS\r\nAPLICACI\u00d3N: T690, T890, T1090, PRECEDENT\r\n\r\n\r\nMINCARONE RUIZ E CIA. LTDA. DESDE 1985 AL SERVICIO DEL MERCADO DEL TRANSPORTE REFRIGERADO\r\n\t\r\nCONCESIONARIO THERMO KING\r\n"},"_links":{"self":[{"href":"https:\/\/mincarone.net\/pt\/wp-json\/wp\/v2\/product\/4562","targetHints":{"allow":["GET"]}}],"collection":[{"href":"https:\/\/mincarone.net\/pt\/wp-json\/wp\/v2\/product"}],"about":[{"href":"https:\/\/mincarone.net\/pt\/wp-json\/wp\/v2\/types\/product"}],"replies":[{"embeddable":true,"href":"https:\/\/mincarone.net\/pt\/wp-json\/wp\/v2\/comments?post=4562"}],"wp:featuredmedia":[{"embeddable":true,"href":"https:\/\/mincarone.net\/pt\/wp-json\/wp\/v2\/media\/5503"}],"wp:attachment":[{"href":"https:\/\/mincarone.net\/pt\/wp-json\/wp\/v2\/media?parent=4562"}],"wp:term":[{"taxonomy":"product_brand","embeddable":true,"href":"https:\/\/mincarone.net\/pt\/wp-json\/wp\/v2\/product_brand?post=4562"},{"taxonomy":"product_cat","embeddable":true,"href":"https:\/\/mincarone.net\/pt\/wp-json\/wp\/v2\/product_cat?post=4562"},{"taxonomy":"product_tag","embeddable":true,"href":"https:\/\/mincarone.net\/pt\/wp-json\/wp\/v2\/product_tag?post=4562"}],"curies":[{"name":"wp","href":"https:\/\/api.w.org\/{rel}","templated":true}]}}