{"id":4651,"date":"2023-12-11T09:29:33","date_gmt":"2023-12-11T12:29:33","guid":{"rendered":"http:\/\/net.mincarone.com.br\/produto\/4651\/"},"modified":"2026-04-08T17:58:45","modified_gmt":"2026-04-08T20:58:45","slug":"tomada-energia-4-pinos-16-amp-mennekes-thermo-king-412026-41-2026","status":"publish","type":"product","link":"https:\/\/mincarone.net\/pt\/produto\/tomada-energia-4-pinos-16-amp-mennekes-thermo-king-412026-41-2026\/","title":{"rendered":"TOMADA ENERGIA 4 PINOS 16 AMP MENNEKES THERMO KING 412026 41-2026"},"content":{"rendered":"<p>TOMADA DE ENERGIA 4 PINOS 16 AMPERES MENNEKES TYP394<br \/>\nPAR DA TOMADA 419078 (41-9078)<br \/>\n380\/3\/50<\/p>\n<p>MARCA: THERMO KING<br \/>\nREFER\u00caNCIA: 412026 (41-2026)<br \/>\nAPLICA\u00c7\u00c3O: VM-305, VM-400, VM300, V200, V300, V400, V500, V600, V800<\/p>\n<p>PLUG COM PINO INVERTIDO (F\u00caMEA) PARA PROTE\u00c7\u00c3O CONTRA CHOQUE EL\u00c9TRICO<\/p>\n<p>MINCARONE RUIZ E CIA. LTDA. DESDE 1985 ATENDENDO O MERCADO DO TRANSPORTE REFRIGERADO<\/p>\n<p>DISTRIBUIDOR\/DEALER THERMO KING<\/p>","protected":false},"excerpt":{"rendered":"<p>TOMADA DE ENERGIA 4 PINOS 16 AMPERES MENNEKES TYP394 PAR DA TOMADA 419078 (41-9078) 380\/3\/50 MARCA: THERMO KING REFER\u00caNCIA: 412026 [&hellip;]<\/p>","protected":false},"featured_media":15582,"comment_status":"closed","ping_status":"closed","template":"","meta":{"_acf_changed":false,"site-sidebar-layout":"default","site-content-layout":"default","ast-site-content-layout":"default","site-content-style":"default","site-sidebar-style":"default","ast-global-header-display":"","ast-banner-title-visibility":"","ast-main-header-display":"","ast-hfb-above-header-display":"","ast-hfb-below-header-display":"","ast-hfb-mobile-header-display":"","site-post-title":"","ast-breadcrumbs-content":"","ast-featured-img":"","footer-sml-layout":"","ast-disable-related-posts":"","theme-transparent-header-meta":"default","adv-header-id-meta":"","stick-header-meta":"default","header-above-stick-meta":"","header-main-stick-meta":"","header-below-stick-meta":"","astra-migrate-meta-layouts":"set","ast-page-background-enabled":"default","ast-page-background-meta":{"desktop":{"background-color":"var(--ast-global-color-5)","background-image":"","background-repeat":"repeat","background-position":"center center","background-size":"auto","background-attachment":"scroll","background-type":"","background-media":"","overlay-type":"","overlay-color":"","overlay-opacity":"","overlay-gradient":""},"tablet":{"background-color":"","background-image":"","background-repeat":"repeat","background-position":"center center","background-size":"auto","background-attachment":"scroll","background-type":"","background-media":"","overlay-type":"","overlay-color":"","overlay-opacity":"","overlay-gradient":""},"mobile":{"background-color":"","background-image":"","background-repeat":"repeat","background-position":"center center","background-size":"auto","background-attachment":"scroll","background-type":"","background-media":"","overlay-type":"","overlay-color":"","overlay-opacity":"","overlay-gradient":""}},"ast-content-background-meta":{"desktop":{"background-color":"var(--ast-global-color-4)","background-image":"","background-repeat":"repeat","background-position":"center center","background-size":"auto","background-attachment":"scroll","background-type":"","background-media":"","overlay-type":"","overlay-color":"","overlay-opacity":"","overlay-gradient":""},"tablet":{"background-color":"var(--ast-global-color-4)","background-image":"","background-repeat":"repeat","background-position":"center center","background-size":"auto","background-attachment":"scroll","background-type":"","background-media":"","overlay-type":"","overlay-color":"","overlay-opacity":"","overlay-gradient":""},"mobile":{"background-color":"var(--ast-global-color-4)","background-image":"","background-repeat":"repeat","background-position":"center center","background-size":"auto","background-attachment":"scroll","background-type":"","background-media":"","overlay-type":"","overlay-color":"","overlay-opacity":"","overlay-gradient":""}},"_joinchat":[]},"product_brand":[],"product_cat":[76],"product_tag":[],"class_list":{"0":"post-4651","1":"product","2":"type-product","3":"status-publish","4":"has-post-thumbnail","6":"product_cat-componentes-eletricos","7":"desktop-align-left","8":"tablet-align-left","9":"mobile-align-left","11":"first","12":"instock","13":"shipping-taxable","14":"purchasable","15":"product-type-simple"},"acf":{"titulo_ingles":"RECEPTACLE - POWER 4 PINS 16 AMPS MENNEKES THERMO KING 412026 41-2026","descricao_ingles":"POWER RECEPTACLE 4 PINS 16 AMPS MENNEKES TYP394\t\t\r\nPAIRS WITH THE 419078 (41-9078) PLUG\r\n380\/3\/50\t\r\n\t\r\nBRAND: THERMO KING\r\nPART NUMBER: 412026 (41-2026)\r\nAPPLICAITON: VM-305, VM-400, VM300, V200, V300, V400, V500, V600, V800\r\n\t\r\nINVERTED PIN (FEMALE) TO ADVOID ELECTRICAL SHOCK\r\n\r\n\r\nMINCARONE RUIZ E CIA. LTDA. SINCE 1985 SERVING THE REFRIGERATED TRANSPORT MARKET\r\n\t\t\r\nTHERMO KING DEALER\r\n","titulo_espanhol":"RECEPT\u00c1CULO - ALIMENTACI\u00d3N 4 PINES 16 AMPS MENNEKES THERMO KING 412026 41-2026","descricao_espanhol":"RECEPT\u00c1CULO DE ALIMENTACION 4 PINES 16 AMPS MENNEKES TYP394\r\nSE EMPAREJA CON EL ENCHUFE 419078 (41-9078)\r\n380\/3\/50\r\n\r\nMARCA: THERMO KING\r\nN\u00daMERO DE REPUESTO: 412026 (41-2026)\r\nAPLICACI\u00d3N: VM-305, VM-400, VM300, V200, V300, V400, V500, V600, V800\r\n\r\nPIN INVERTIDO (HEMBRA) PARA EVITAR DESCARGAS EL\u00c9CTRICAS\r\n\r\n\r\nMINCARONE RUIZ E CIA. LTDA. DESDE 1985 AL SERVICIO DEL MERCADO DEL TRANSPORTE REFRIGERADO\r\n\t\r\nCONCESIONARIO THERMO KING\r\n"},"_links":{"self":[{"href":"https:\/\/mincarone.net\/pt\/wp-json\/wp\/v2\/product\/4651","targetHints":{"allow":["GET"]}}],"collection":[{"href":"https:\/\/mincarone.net\/pt\/wp-json\/wp\/v2\/product"}],"about":[{"href":"https:\/\/mincarone.net\/pt\/wp-json\/wp\/v2\/types\/product"}],"replies":[{"embeddable":true,"href":"https:\/\/mincarone.net\/pt\/wp-json\/wp\/v2\/comments?post=4651"}],"wp:featuredmedia":[{"embeddable":true,"href":"https:\/\/mincarone.net\/pt\/wp-json\/wp\/v2\/media\/15582"}],"wp:attachment":[{"href":"https:\/\/mincarone.net\/pt\/wp-json\/wp\/v2\/media?parent=4651"}],"wp:term":[{"taxonomy":"product_brand","embeddable":true,"href":"https:\/\/mincarone.net\/pt\/wp-json\/wp\/v2\/product_brand?post=4651"},{"taxonomy":"product_cat","embeddable":true,"href":"https:\/\/mincarone.net\/pt\/wp-json\/wp\/v2\/product_cat?post=4651"},{"taxonomy":"product_tag","embeddable":true,"href":"https:\/\/mincarone.net\/pt\/wp-json\/wp\/v2\/product_tag?post=4651"}],"curies":[{"name":"wp","href":"https:\/\/api.w.org\/{rel}","templated":true}]}}