{"id":4677,"date":"2023-12-11T09:29:38","date_gmt":"2023-12-11T12:29:38","guid":{"rendered":"http:\/\/net.mincarone.com.br\/produto\/4677\/"},"modified":"2026-04-07T09:35:08","modified_gmt":"2026-04-07T12:35:08","slug":"v-lvula-expans-o-r404-r452-thermo-king-617074-61-7074-t800r-t1000r","status":"publish","type":"product","link":"https:\/\/mincarone.net\/pt\/produto\/v-lvula-expans-o-r404-r452-thermo-king-617074-61-7074-t800r-t1000r\/","title":{"rendered":"V\u00c1LVULA EXPANS\u00c2O R404\/R452 THERMO KING 617074 61-7074 T800R T1000R"},"content":{"rendered":"<div>V\u00c1LVULA DE EXPANS\u00c3O TERMOST\u00c1TICA R404 E R452<\/div>\n<div><\/div>\n<div>MARCA: THERMO KING<\/div>\n<div>REFER\u00caNCIA: 617074 (61-7074)<\/div>\n<div>APLICA\u00c7\u00c3O: T800, T1000, T1080, T1090, T1200, V600, V800, A500<\/div>\n<div>-40\/+10\u00baC<\/div>\n<div>-40\/+50\u00baF<\/div>\n<div>PS 34BAR\/MWP 500 PSIG<\/div>\n<div>N1223D<\/div>\n<div><\/div>\n<div>MINCARONE RUIZ E CIA. LTDA. DESDE 1985 ATENDENDO O MERCADO DO TRANSPORTE REFRIGERADO<\/div>\n<div><\/div>\n<div>DISTRIBUIDOR\/DEALER THERMO KING<\/div>","protected":false},"excerpt":{"rendered":"<p>V\u00c1LVULA DE EXPANS\u00c3O TERMOST\u00c1TICA R404 E R452 MARCA: THERMO KING REFER\u00caNCIA: 617074 (61-7074) APLICA\u00c7\u00c3O: T800, T1000, T1080, T1090, T1200, V600, [&hellip;]<\/p>","protected":false},"featured_media":5681,"comment_status":"closed","ping_status":"closed","template":"","meta":{"_acf_changed":false,"site-sidebar-layout":"default","site-content-layout":"default","ast-site-content-layout":"default","site-content-style":"default","site-sidebar-style":"default","ast-global-header-display":"","ast-banner-title-visibility":"","ast-main-header-display":"","ast-hfb-above-header-display":"","ast-hfb-below-header-display":"","ast-hfb-mobile-header-display":"","site-post-title":"","ast-breadcrumbs-content":"","ast-featured-img":"","footer-sml-layout":"","ast-disable-related-posts":"","theme-transparent-header-meta":"default","adv-header-id-meta":"","stick-header-meta":"default","header-above-stick-meta":"","header-main-stick-meta":"","header-below-stick-meta":"","astra-migrate-meta-layouts":"default","ast-page-background-enabled":"default","ast-page-background-meta":{"desktop":{"background-color":"var(--ast-global-color-5)","background-image":"","background-repeat":"repeat","background-position":"center center","background-size":"auto","background-attachment":"scroll","background-type":"","background-media":"","overlay-type":"","overlay-color":"","overlay-opacity":"","overlay-gradient":""},"tablet":{"background-color":"","background-image":"","background-repeat":"repeat","background-position":"center center","background-size":"auto","background-attachment":"scroll","background-type":"","background-media":"","overlay-type":"","overlay-color":"","overlay-opacity":"","overlay-gradient":""},"mobile":{"background-color":"","background-image":"","background-repeat":"repeat","background-position":"center center","background-size":"auto","background-attachment":"scroll","background-type":"","background-media":"","overlay-type":"","overlay-color":"","overlay-opacity":"","overlay-gradient":""}},"ast-content-background-meta":{"desktop":{"background-color":"var(--ast-global-color-4)","background-image":"","background-repeat":"repeat","background-position":"center center","background-size":"auto","background-attachment":"scroll","background-type":"","background-media":"","overlay-type":"","overlay-color":"","overlay-opacity":"","overlay-gradient":""},"tablet":{"background-color":"var(--ast-global-color-4)","background-image":"","background-repeat":"repeat","background-position":"center center","background-size":"auto","background-attachment":"scroll","background-type":"","background-media":"","overlay-type":"","overlay-color":"","overlay-opacity":"","overlay-gradient":""},"mobile":{"background-color":"var(--ast-global-color-4)","background-image":"","background-repeat":"repeat","background-position":"center center","background-size":"auto","background-attachment":"scroll","background-type":"","background-media":"","overlay-type":"","overlay-color":"","overlay-opacity":"","overlay-gradient":""}},"_joinchat":[]},"product_brand":[],"product_cat":[70],"product_tag":[],"class_list":{"0":"post-4677","1":"product","2":"type-product","3":"status-publish","4":"has-post-thumbnail","6":"product_cat-valvulas","7":"desktop-align-left","8":"tablet-align-left","9":"mobile-align-left","11":"first","12":"instock","13":"shipping-taxable","14":"purchasable","15":"product-type-simple"},"acf":{"titulo_ingles":"EXPANSION VALVE R404\/R452 THERMO KING 617074 61-7074 T800R T1000R","descricao_ingles":"R404 AND R452 THERMOSTATIC EXPANSION VALVE\r\n\r\nBRAND: THERMO KING\r\nPART NUMBER: 617074 (61-7074)\r\nAPPLICATION: T800, T1000, T1080, T1090, T1200, V600, V800, A500\r\n-40\/+10\u00baC\t\r\n-40\/+50\u00baF\r\nPS 34BAR\/MWP 500 PSIG\r\nN1223D\r\n\r\n\r\nMINCARONE RUIZ E CIA. LTDA. SINCE 1985 SERVING THE REFRIGERATED TRANSPORT MARKET\r\n\t\t\r\nTHERMO KING DEALER","titulo_espanhol":"V\u00c1LVULA DE EXPANSI\u00d3N R404\/R452 THERMO KING 617074 61-7074 T800R T1000R","descricao_espanhol":"V\u00c1LVULA DE EXPANSI\u00d3N TERMOST\u00c1TICA R404 Y R452\r\n\r\nMARCA: THERMO KING\r\nN\u00daMERO DE REPUESTO: 617074 (61-7074)\r\nAPLICACI\u00d3N: T800, T1000, T1080, T1090, T1200, V600, V800, A500\r\n-40\/+10\u00baC\t\r\n-40\/+50\u00baF\r\nPS 34 BAR\/MWP 500 PSIG\r\nN1223D\r\n\r\n\r\nMINCARONE RUIZ E CIA. LTDA. DESDE 1985 AL SERVICIO DEL MERCADO DEL TRANSPORTE REFRIGERADO\r\n\t\r\nCONCESIONARIO THERMO KING\r\n"},"_links":{"self":[{"href":"https:\/\/mincarone.net\/pt\/wp-json\/wp\/v2\/product\/4677","targetHints":{"allow":["GET"]}}],"collection":[{"href":"https:\/\/mincarone.net\/pt\/wp-json\/wp\/v2\/product"}],"about":[{"href":"https:\/\/mincarone.net\/pt\/wp-json\/wp\/v2\/types\/product"}],"replies":[{"embeddable":true,"href":"https:\/\/mincarone.net\/pt\/wp-json\/wp\/v2\/comments?post=4677"}],"wp:featuredmedia":[{"embeddable":true,"href":"https:\/\/mincarone.net\/pt\/wp-json\/wp\/v2\/media\/5681"}],"wp:attachment":[{"href":"https:\/\/mincarone.net\/pt\/wp-json\/wp\/v2\/media?parent=4677"}],"wp:term":[{"taxonomy":"product_brand","embeddable":true,"href":"https:\/\/mincarone.net\/pt\/wp-json\/wp\/v2\/product_brand?post=4677"},{"taxonomy":"product_cat","embeddable":true,"href":"https:\/\/mincarone.net\/pt\/wp-json\/wp\/v2\/product_cat?post=4677"},{"taxonomy":"product_tag","embeddable":true,"href":"https:\/\/mincarone.net\/pt\/wp-json\/wp\/v2\/product_tag?post=4677"}],"curies":[{"name":"wp","href":"https:\/\/api.w.org\/{rel}","templated":true}]}}