{"id":522,"date":"2023-08-07T16:31:07","date_gmt":"2023-08-07T19:31:07","guid":{"rendered":"http:\/\/net.mincarone.com.br\/produto\/filtro-ar-thermo-king-119059-t600-t800-t1000-t1200-md300\/"},"modified":"2026-04-07T17:51:16","modified_gmt":"2026-04-07T20:51:16","slug":"filtro-de-ar-thermo-king-119059-11-9059-t600-t800-md300","status":"publish","type":"product","link":"https:\/\/mincarone.net\/pt\/produto\/filtro-de-ar-thermo-king-119059-11-9059-t600-t800-md300\/","title":{"rendered":"FILTRO DE AR THERMO KING 119059 11-9059 T600 T800 MD300"},"content":{"rendered":"<p>FILTRO DE AR MOTORES 3 CILINDROS YANMAR<\/p>\n<p>MARCA: THERMO KING<br \/>\nREFER\u00caNCIA: 119059 11-9059<br \/>\nALTURA: 186.2MM<br \/>\nDI\u00c2METRO EXTERNO: 88,8MM<br \/>\nDI\u00c2METRO INTERNO: 47,5MM<br \/>\nAPLICA\u00c7\u00c3O: MD100, MD200, MD300, T600, T800, T1000, T1200<br \/>\nOUTRAS REFERENCIAS EM DIFERENTES APLICA\u00c7\u00d5ES:<br \/>\nAFTERCARE: 619136M1 &#8211; AIR SUPPLY COMP: 123208 &#8211; ALLMAND BROS: 650290, MA358E &#8211; AMC: AE40130, FPG04, SFA2686P &#8211; ARIENS: 191642 &#8211; ATLAS COPCO: 9106107771 &#8211; ATLAS WEYHAUSEN: 4667070, 9433330 &#8211; AUSA: 090120400 &#8211; BALDWIN: RS3715 &#8211; BELLIER: UTMBY03 &#8211; BIG A: 94449, 94649 &#8211; BLACKROCK: 1090006 &#8211; BOBCAT-MELROE: 6673752 &#8211; BOSS INDUSTRIES: 300854 &#8211; BRIGGS &amp; STRATTON: 820263, 820263X &#8211; CARQUEST: 88449, 88649 &#8211; CARRIER TRANSICOLD: 306004920, 30604920, 3072410K, 3072411K &#8211; CASE: 335714A1, 6191362M1, 73185194, N101633, N101957 &#8211; CATERPILLAR: 1394834, 1555410 &#8211; CHARLES MA<\/p>\n<p>Mincarone, Ruiz e Cia. Ltda. desde 1985 atendendo o mercado do Transporte Refrigerado.<\/p>","protected":false},"excerpt":{"rendered":"<p>FILTRO DE AR MOTORES 3 CILINDROS YANMAR MARCA: THERMO KING REFER\u00caNCIA: 119059 11-9059 ALTURA: 186.2MM DI\u00c2METRO EXTERNO: 88,8MM DI\u00c2METRO INTERNO: [&hellip;]<\/p>","protected":false},"featured_media":1028,"comment_status":"closed","ping_status":"closed","template":"","meta":{"_acf_changed":false,"site-sidebar-layout":"default","site-content-layout":"default","ast-site-content-layout":"default","site-content-style":"default","site-sidebar-style":"default","ast-global-header-display":"","ast-banner-title-visibility":"","ast-main-header-display":"","ast-hfb-above-header-display":"","ast-hfb-below-header-display":"","ast-hfb-mobile-header-display":"","site-post-title":"","ast-breadcrumbs-content":"","ast-featured-img":"","footer-sml-layout":"","ast-disable-related-posts":"","theme-transparent-header-meta":"default","adv-header-id-meta":"","stick-header-meta":"default","header-above-stick-meta":"","header-main-stick-meta":"","header-below-stick-meta":"","astra-migrate-meta-layouts":"set","ast-page-background-enabled":"default","ast-page-background-meta":{"desktop":{"background-color":"var(--ast-global-color-5)","background-image":"","background-repeat":"repeat","background-position":"center center","background-size":"auto","background-attachment":"scroll","background-type":"","background-media":"","overlay-type":"","overlay-color":"","overlay-opacity":"","overlay-gradient":""},"tablet":{"background-color":"","background-image":"","background-repeat":"repeat","background-position":"center center","background-size":"auto","background-attachment":"scroll","background-type":"","background-media":"","overlay-type":"","overlay-color":"","overlay-opacity":"","overlay-gradient":""},"mobile":{"background-color":"","background-image":"","background-repeat":"repeat","background-position":"center center","background-size":"auto","background-attachment":"scroll","background-type":"","background-media":"","overlay-type":"","overlay-color":"","overlay-opacity":"","overlay-gradient":""}},"ast-content-background-meta":{"desktop":{"background-color":"var(--ast-global-color-4)","background-image":"","background-repeat":"repeat","background-position":"center center","background-size":"auto","background-attachment":"scroll","background-type":"","background-media":"","overlay-type":"","overlay-color":"","overlay-opacity":"","overlay-gradient":""},"tablet":{"background-color":"var(--ast-global-color-4)","background-image":"","background-repeat":"repeat","background-position":"center center","background-size":"auto","background-attachment":"scroll","background-type":"","background-media":"","overlay-type":"","overlay-color":"","overlay-opacity":"","overlay-gradient":""},"mobile":{"background-color":"var(--ast-global-color-4)","background-image":"","background-repeat":"repeat","background-position":"center center","background-size":"auto","background-attachment":"scroll","background-type":"","background-media":"","overlay-type":"","overlay-color":"","overlay-opacity":"","overlay-gradient":""}},"_joinchat":[]},"product_brand":[],"product_cat":[24],"product_tag":[],"class_list":{"0":"post-522","1":"product","2":"type-product","3":"status-publish","4":"has-post-thumbnail","6":"product_cat-filtros","7":"desktop-align-left","8":"tablet-align-left","9":"mobile-align-left","11":"first","12":"instock","13":"shipping-taxable","14":"purchasable","15":"product-type-simple"},"acf":{"titulo_ingles":"AIR FILTER THERMO KING 119059 11-9059 T600 T800 T1000 T1200 MD300","descricao_ingles":"AIR FILTER FOR YANMAR 3 CYLINDERS ENGINE\r\n\r\nBRAND: THERMO KING\r\nPART NUMBER: 119059 11-9059\r\nTYPE: FILTER ELEMENT\r\nSIZE: 186.2 MM\r\nEXTERNAL DIAMETER: 88,8MM\r\nINTERNAL DIAMETER: 47,5MM\r\nTHERMO KING AIR FILTER POSSIBLE APPLICATIONS: MD100, MD200, MD300, T800, T1000 (ALL OF THE T SERIES MODELS) \r\n\r\nMINCARONE RUIZ E CIA. LTDA. SINCE 1985 SERVING THE REFRIGERATED TRANSPORT MARKET\r\n\r\nTHERMO KING DEALER","titulo_espanhol":"FILTRO DE AIRE THERMO KING 119059 11-9059 T600 T800 T1000 T1200 MD300","descricao_espanhol":"FILTRO DE AIRE PARA MOTOR YANMAR 3 CILINDROS\r\n\r\nMARCA: THERMO KING\r\nN\u00daMERO DE REPUESTO: 119059 11-9059\r\nTIPO: ELEMENTO FILTRANTE\r\nTAMA\u00d1O: 186,2 MM\r\nDI\u00c1METRO EXTERNO: 88,8MM\r\nDI\u00c1METRO INTERIOR: 47,5MM\r\nFILTRO DE AIRE THERMO KING POSIBLES APLICACIONES: MD100, MD200, MD300, T800, T1000 (TODOS LOS MODELOS DE LA SERIE T), CARRIER 306004920 BOBCAT 6673752 JOHN DEERE M113621 FLEETGUARD AF25550 DONALDSON P822686\r\n\r\nMINCARONE RUIZ E CIA. LTDA. DESDE 1985 AL SERVICIO DEL MERCADO DEL TRANSPORTE REFRIGERADO\r\n\r\nCONCESIONARIO THERMO KING"},"_links":{"self":[{"href":"https:\/\/mincarone.net\/pt\/wp-json\/wp\/v2\/product\/522","targetHints":{"allow":["GET"]}}],"collection":[{"href":"https:\/\/mincarone.net\/pt\/wp-json\/wp\/v2\/product"}],"about":[{"href":"https:\/\/mincarone.net\/pt\/wp-json\/wp\/v2\/types\/product"}],"replies":[{"embeddable":true,"href":"https:\/\/mincarone.net\/pt\/wp-json\/wp\/v2\/comments?post=522"}],"wp:featuredmedia":[{"embeddable":true,"href":"https:\/\/mincarone.net\/pt\/wp-json\/wp\/v2\/media\/1028"}],"wp:attachment":[{"href":"https:\/\/mincarone.net\/pt\/wp-json\/wp\/v2\/media?parent=522"}],"wp:term":[{"taxonomy":"product_brand","embeddable":true,"href":"https:\/\/mincarone.net\/pt\/wp-json\/wp\/v2\/product_brand?post=522"},{"taxonomy":"product_cat","embeddable":true,"href":"https:\/\/mincarone.net\/pt\/wp-json\/wp\/v2\/product_cat?post=522"},{"taxonomy":"product_tag","embeddable":true,"href":"https:\/\/mincarone.net\/pt\/wp-json\/wp\/v2\/product_tag?post=522"}],"curies":[{"name":"wp","href":"https:\/\/api.w.org\/{rel}","templated":true}]}}