{"id":550,"date":"2023-08-07T16:31:56","date_gmt":"2023-08-07T19:31:56","guid":{"rendered":"http:\/\/net.mincarone.com.br\/produto\/junta-termostato-conjunto-bomba-agua-thermo-king-332767\/"},"modified":"2026-04-07T09:35:13","modified_gmt":"2026-04-07T12:35:13","slug":"junta-silencioso-thermo-king-332314-33-2314-slx400-sb-3-super-ii-a500","status":"publish","type":"product","link":"https:\/\/mincarone.net\/pt\/produto\/junta-silencioso-thermo-king-332314-33-2314-slx400-sb-3-super-ii-a500\/","title":{"rendered":"JUNTA SILENCIOSO THERMO KING 332314 33-2314 SLX400 SB-3 SUPER-II A500"},"content":{"rendered":"<p>JUNTA DESCARGA SILENCIOSO<\/p>\n<p>MARCA: THERMO KING<br \/>\nREFER\u00caNCIA THERMO KING: 332314 33-2314<br \/>\nAPLICA\u00c7\u00c3O: SB3, SB190, SB200, SB230, SB310, SB330, SLX400, SUPER-2, SENTRY, A500, LRT<\/p>\n<p>QUALQUER D\u00daVIDA, ENTRE EM CONTATO COM A NOSSA EQUIPE DE VENDEDORES!<\/p>\n<p>MINCARONE, RUIZ E CIA. LTDA. DESDE 1985 ATENDENDO O MERCADO DO TRANSPORTE REFRIGERADO.<\/p>","protected":false},"excerpt":{"rendered":"<p>JUNTA DESCARGA SILENCIOSO MARCA: THERMO KING REFER\u00caNCIA THERMO KING: 332314 33-2314 APLICA\u00c7\u00c3O: SB3, SB190, SB200, SB230, SB310, SB330, SLX400, SUPER-2, [&hellip;]<\/p>","protected":false},"featured_media":892,"comment_status":"closed","ping_status":"closed","template":"","meta":{"_acf_changed":false,"site-sidebar-layout":"default","site-content-layout":"default","ast-site-content-layout":"default","site-content-style":"default","site-sidebar-style":"default","ast-global-header-display":"","ast-banner-title-visibility":"","ast-main-header-display":"","ast-hfb-above-header-display":"","ast-hfb-below-header-display":"","ast-hfb-mobile-header-display":"","site-post-title":"","ast-breadcrumbs-content":"","ast-featured-img":"","footer-sml-layout":"","ast-disable-related-posts":"","theme-transparent-header-meta":"default","adv-header-id-meta":"","stick-header-meta":"default","header-above-stick-meta":"","header-main-stick-meta":"","header-below-stick-meta":"","astra-migrate-meta-layouts":"set","ast-page-background-enabled":"default","ast-page-background-meta":{"desktop":{"background-color":"var(--ast-global-color-5)","background-image":"","background-repeat":"repeat","background-position":"center center","background-size":"auto","background-attachment":"scroll","background-type":"","background-media":"","overlay-type":"","overlay-color":"","overlay-opacity":"","overlay-gradient":""},"tablet":{"background-color":"","background-image":"","background-repeat":"repeat","background-position":"center center","background-size":"auto","background-attachment":"scroll","background-type":"","background-media":"","overlay-type":"","overlay-color":"","overlay-opacity":"","overlay-gradient":""},"mobile":{"background-color":"","background-image":"","background-repeat":"repeat","background-position":"center center","background-size":"auto","background-attachment":"scroll","background-type":"","background-media":"","overlay-type":"","overlay-color":"","overlay-opacity":"","overlay-gradient":""}},"ast-content-background-meta":{"desktop":{"background-color":"var(--ast-global-color-4)","background-image":"","background-repeat":"repeat","background-position":"center center","background-size":"auto","background-attachment":"scroll","background-type":"","background-media":"","overlay-type":"","overlay-color":"","overlay-opacity":"","overlay-gradient":""},"tablet":{"background-color":"var(--ast-global-color-4)","background-image":"","background-repeat":"repeat","background-position":"center center","background-size":"auto","background-attachment":"scroll","background-type":"","background-media":"","overlay-type":"","overlay-color":"","overlay-opacity":"","overlay-gradient":""},"mobile":{"background-color":"var(--ast-global-color-4)","background-image":"","background-repeat":"repeat","background-position":"center center","background-size":"auto","background-attachment":"scroll","background-type":"","background-media":"","overlay-type":"","overlay-color":"","overlay-opacity":"","overlay-gradient":""}},"_joinchat":[]},"product_brand":[],"product_cat":[65],"product_tag":[],"class_list":{"0":"post-550","1":"product","2":"type-product","3":"status-publish","4":"has-post-thumbnail","6":"product_cat-juntas","7":"desktop-align-left","8":"tablet-align-left","9":"mobile-align-left","11":"first","12":"instock","13":"shipping-taxable","14":"purchasable","15":"product-type-simple"},"acf":{"titulo_ingles":"WATER PUMP ASSEMBLY THERMOSTAT GASKET THERMO KING 332314 33-2314 SB-3 SUPER-2 SLX400 A500","descricao_ingles":"EXHAUST GASKET\r\n\r\nBRAND: THERMO KING\r\nPART NUMBER: 332314 33-2314\r\nAPPLICATION: SB3, SB190, SB200, SB230, SB310, SB330, SLX400, SUPER-2, SENTRY, A500, LRT\r\n\r\nMINCARONE RUIZ E CIA. LTDA. SINCE 1985 SERVING THE REFRIGERATED TRANSPORT MARKET\r\n\r\nTHERMO KING DEALER","titulo_espanhol":"JUNTA SILENCIOSO DESCARGA ESCAPE THERMO KING 332314 33-2314 SB-3 SUPER-2 SLX A500","descricao_espanhol":"JUNTA DE ESCAPE\r\n\r\nMARCA: THERMO KING\r\nN\u00daMERO DE REPUESTO: 332314 33-2314\r\nAPLICACI\u00d3N: SB3, SB190, SB200, SB230, SB310, SB330, SLX400, SUPER-2, SENTRY, A500, LRT\r\n\r\nMINCARONE RUIZ E CIA. LTDA. DESDE 1985 AL SERVICIO DEL MERCADO DEL TRANSPORTE REFRIGERADO\r\n\r\nCONCESIONARIO THERMO KING"},"_links":{"self":[{"href":"https:\/\/mincarone.net\/pt\/wp-json\/wp\/v2\/product\/550","targetHints":{"allow":["GET"]}}],"collection":[{"href":"https:\/\/mincarone.net\/pt\/wp-json\/wp\/v2\/product"}],"about":[{"href":"https:\/\/mincarone.net\/pt\/wp-json\/wp\/v2\/types\/product"}],"replies":[{"embeddable":true,"href":"https:\/\/mincarone.net\/pt\/wp-json\/wp\/v2\/comments?post=550"}],"wp:featuredmedia":[{"embeddable":true,"href":"https:\/\/mincarone.net\/pt\/wp-json\/wp\/v2\/media\/892"}],"wp:attachment":[{"href":"https:\/\/mincarone.net\/pt\/wp-json\/wp\/v2\/media?parent=550"}],"wp:term":[{"taxonomy":"product_brand","embeddable":true,"href":"https:\/\/mincarone.net\/pt\/wp-json\/wp\/v2\/product_brand?post=550"},{"taxonomy":"product_cat","embeddable":true,"href":"https:\/\/mincarone.net\/pt\/wp-json\/wp\/v2\/product_cat?post=550"},{"taxonomy":"product_tag","embeddable":true,"href":"https:\/\/mincarone.net\/pt\/wp-json\/wp\/v2\/product_tag?post=550"}],"curies":[{"name":"wp","href":"https:\/\/api.w.org\/{rel}","templated":true}]}}