{"id":552,"date":"2023-08-07T16:31:56","date_gmt":"2023-08-07T19:31:56","guid":{"rendered":"http:\/\/net.mincarone.com.br\/produto\/junta-valvula-servico-succao-compressor-x426-x430\/"},"modified":"2026-04-07T09:35:13","modified_gmt":"2026-04-07T12:35:13","slug":"junta-v-lvula-suc-o-compressores-x426-x430-thermo-king-332541-33-3541","status":"publish","type":"product","link":"https:\/\/mincarone.net\/pt\/produto\/junta-v-lvula-suc-o-compressores-x426-x430-thermo-king-332541-33-3541\/","title":{"rendered":"JUNTA V\u00c1LVULA SUC\u00c7\u00c3O COMPRESSORES X426 X430 THERMO KING 332541 33-3541"},"content":{"rendered":"<p>JUNTA DA V\u00c1LVULA DE SUC\u00c7\u00c3O DOS COMPRESSORES X426 E X430<\/p>\n<p>MARCA: THERMO KING<br \/>\nREFER\u00caNCIA THERMO KING: 332541 33-2541<br \/>\nMEDIDA: 6,5CM<br \/>\nMATERIAL: PAPEL\u00c3O<br \/>\nAPLICA\u00c7\u00c3O: X426, X430<\/p>\n<p>QUALQUER D\u00daVIDA, ENTRE EM CONTATO COM A NOSSA EQUIPE DE VENDEDORES!<\/p>\n<p>MINCARONE, RUIZ E CIA. LTDA. DESDE 1985 ATENDENDO O MERCADO DO TRANSPORTE REFRIGERADO.<\/p>","protected":false},"excerpt":{"rendered":"<p>JUNTA DA V\u00c1LVULA DE SUC\u00c7\u00c3O DOS COMPRESSORES X426 E X430 MARCA: THERMO KING REFER\u00caNCIA THERMO KING: 332541 33-2541 MEDIDA: 6,5CM [&hellip;]<\/p>","protected":false},"featured_media":895,"comment_status":"closed","ping_status":"closed","template":"","meta":{"_acf_changed":false,"site-sidebar-layout":"default","site-content-layout":"default","ast-site-content-layout":"default","site-content-style":"default","site-sidebar-style":"default","ast-global-header-display":"","ast-banner-title-visibility":"","ast-main-header-display":"","ast-hfb-above-header-display":"","ast-hfb-below-header-display":"","ast-hfb-mobile-header-display":"","site-post-title":"","ast-breadcrumbs-content":"","ast-featured-img":"","footer-sml-layout":"","ast-disable-related-posts":"","theme-transparent-header-meta":"default","adv-header-id-meta":"","stick-header-meta":"default","header-above-stick-meta":"","header-main-stick-meta":"","header-below-stick-meta":"","astra-migrate-meta-layouts":"set","ast-page-background-enabled":"default","ast-page-background-meta":{"desktop":{"background-color":"var(--ast-global-color-5)","background-image":"","background-repeat":"repeat","background-position":"center center","background-size":"auto","background-attachment":"scroll","background-type":"","background-media":"","overlay-type":"","overlay-color":"","overlay-opacity":"","overlay-gradient":""},"tablet":{"background-color":"","background-image":"","background-repeat":"repeat","background-position":"center center","background-size":"auto","background-attachment":"scroll","background-type":"","background-media":"","overlay-type":"","overlay-color":"","overlay-opacity":"","overlay-gradient":""},"mobile":{"background-color":"","background-image":"","background-repeat":"repeat","background-position":"center center","background-size":"auto","background-attachment":"scroll","background-type":"","background-media":"","overlay-type":"","overlay-color":"","overlay-opacity":"","overlay-gradient":""}},"ast-content-background-meta":{"desktop":{"background-color":"var(--ast-global-color-4)","background-image":"","background-repeat":"repeat","background-position":"center center","background-size":"auto","background-attachment":"scroll","background-type":"","background-media":"","overlay-type":"","overlay-color":"","overlay-opacity":"","overlay-gradient":""},"tablet":{"background-color":"var(--ast-global-color-4)","background-image":"","background-repeat":"repeat","background-position":"center center","background-size":"auto","background-attachment":"scroll","background-type":"","background-media":"","overlay-type":"","overlay-color":"","overlay-opacity":"","overlay-gradient":""},"mobile":{"background-color":"var(--ast-global-color-4)","background-image":"","background-repeat":"repeat","background-position":"center center","background-size":"auto","background-attachment":"scroll","background-type":"","background-media":"","overlay-type":"","overlay-color":"","overlay-opacity":"","overlay-gradient":""}},"_joinchat":[]},"product_brand":[],"product_cat":[65],"product_tag":[],"class_list":{"0":"post-552","1":"product","2":"type-product","3":"status-publish","4":"has-post-thumbnail","6":"product_cat-juntas","7":"desktop-align-left","8":"tablet-align-left","9":"mobile-align-left","11":"first","12":"instock","13":"shipping-taxable","14":"purchasable","15":"product-type-simple"},"acf":{"titulo_ingles":"GASKET - SUCTION VALVE THERMO KING 332541 33-2541","descricao_ingles":"SUCTION VALVE GASKET FOR X426 AND X430 COMPRESSORS\r\n\r\nBRAND: THERMO KING\r\nPART NUMBER: 332541 33-2541\r\nSIZE: 6,5CM\r\nMATERIAL: CARDBOARD\r\nAPPLICATION: X426, X430\r\n\r\nMINCARONE RUIZ E CIA. LTDA. SINCE 1985 SERVING THE REFRIGERATED TRANSPORT MARKET\r\n\r\nTHERMO KING DEALER","titulo_espanhol":"JUNTA - V\u00c1LVULA DE SERVICIO DE SUCCI\u00d3N COMPRESORES X426 X430 THERMO KING 332541 33-2541","descricao_espanhol":"JUNTA DE V\u00c1LVULA DE SUCCI\u00d3N PARA COMPRESORES X426 Y X430\r\n\r\nMARCA: THERMO KING\r\nN\u00daMERO DE REPUESTO: 332541 33-2541\r\nTAMA\u00d1O: 6,5CM\r\nMATERIAL: CART\u00d3N\r\nAPLICACI\u00d3N: X426, X430\r\n\r\nMINCARONE RUIZ E CIA. LTDA. DESDE 1985 AL SERVICIO DEL MERCADO DEL TRANSPORTE REFRIGERADO\r\n\r\nCONCESIONARIO THERMO KING"},"_links":{"self":[{"href":"https:\/\/mincarone.net\/pt\/wp-json\/wp\/v2\/product\/552","targetHints":{"allow":["GET"]}}],"collection":[{"href":"https:\/\/mincarone.net\/pt\/wp-json\/wp\/v2\/product"}],"about":[{"href":"https:\/\/mincarone.net\/pt\/wp-json\/wp\/v2\/types\/product"}],"replies":[{"embeddable":true,"href":"https:\/\/mincarone.net\/pt\/wp-json\/wp\/v2\/comments?post=552"}],"wp:featuredmedia":[{"embeddable":true,"href":"https:\/\/mincarone.net\/pt\/wp-json\/wp\/v2\/media\/895"}],"wp:attachment":[{"href":"https:\/\/mincarone.net\/pt\/wp-json\/wp\/v2\/media?parent=552"}],"wp:term":[{"taxonomy":"product_brand","embeddable":true,"href":"https:\/\/mincarone.net\/pt\/wp-json\/wp\/v2\/product_brand?post=552"},{"taxonomy":"product_cat","embeddable":true,"href":"https:\/\/mincarone.net\/pt\/wp-json\/wp\/v2\/product_cat?post=552"},{"taxonomy":"product_tag","embeddable":true,"href":"https:\/\/mincarone.net\/pt\/wp-json\/wp\/v2\/product_tag?post=552"}],"curies":[{"name":"wp","href":"https:\/\/api.w.org\/{rel}","templated":true}]}}