{"id":579,"date":"2023-08-07T16:32:09","date_gmt":"2023-08-07T19:32:09","guid":{"rendered":"http:\/\/net.mincarone.com.br\/produto\/filtro-secador-thermo-king-610600-lrt-sb210-sb3-super-2-slx\/"},"modified":"2026-04-02T17:45:50","modified_gmt":"2026-04-02T20:45:50","slug":"filtro-secador-thermo-king-610600-lrt-sb210-sb3-super-2-slx","status":"publish","type":"product","link":"https:\/\/mincarone.net\/pt\/produto\/filtro-secador-thermo-king-610600-lrt-sb210-sb3-super-2-slx\/","title":{"rendered":"FILTRO SECADOR THERMO KING 610600 LRT SB210 SB3 SUPER 2 SLX"},"content":{"rendered":"<p>FILTRO SECADOR THERMO KING ORIGINAL<\/p>\n<p>MARCA: THERMO KING<br \/>\nREFER\u00caNCIA THERMO KING: 610600 61-600 ERA 669200<br \/>\nREFERENCIA OEM: 1E15348G01<br \/>\nMEDIDAS: 240 MM X 110 DI\u00c2METRO<br \/>\nCONEX\u00d5ES: 1\/2&#8243; E 5\/8&#8243;<br \/>\nVEDA\u00c7\u00c3O: ORS ANEL BORRACHA<br \/>\nREFRIGERANTE: R134A R404A R407C R502 R452A R22<\/p>\n<p>APLICA\u00c7\u00c3O DO FILTRO SECADOR THERMO KING: EQUIPAMENTOS DE AR CONDICIONADO E REFRIGERA\u00c7\u00c3O MODELOS RT LRT D1 D3 CB STB V250 SB III SUPER II SB200 SB210 SB230 SB310 SB330 SLX PRECEDENT E OUTROS<\/p>\n<p>QUALQUER D\u00daVIDA, ENTRE EM CONTATO COM A NOSSA EQUIPE DE VENDEDORES!<\/p>\n<p>MINCARONE, RUIZ E CIA. LTDA. DESDE 1985 ATENDENDO O MERCADO DO TRANSPORTE REFRIGERADO.<br \/>\nDISTRIBUIDOR DEALER THERMO KING.<\/p>","protected":false},"excerpt":{"rendered":"<p>FILTRO SECADOR THERMO KING ORIGINAL MARCA: THERMO KING REFER\u00caNCIA THERMO KING: 610600 61-600 ERA 669200 REFERENCIA OEM: 1E15348G01 MEDIDAS: 240 [&hellip;]<\/p>","protected":false},"featured_media":681,"comment_status":"closed","ping_status":"closed","template":"","meta":{"_acf_changed":false,"site-sidebar-layout":"default","site-content-layout":"default","ast-site-content-layout":"default","site-content-style":"default","site-sidebar-style":"default","ast-global-header-display":"","ast-banner-title-visibility":"","ast-main-header-display":"","ast-hfb-above-header-display":"","ast-hfb-below-header-display":"","ast-hfb-mobile-header-display":"","site-post-title":"","ast-breadcrumbs-content":"","ast-featured-img":"","footer-sml-layout":"","ast-disable-related-posts":"","theme-transparent-header-meta":"default","adv-header-id-meta":"","stick-header-meta":"default","header-above-stick-meta":"","header-main-stick-meta":"","header-below-stick-meta":"","astra-migrate-meta-layouts":"set","ast-page-background-enabled":"default","ast-page-background-meta":{"desktop":{"background-color":"var(--ast-global-color-5)","background-image":"","background-repeat":"repeat","background-position":"center center","background-size":"auto","background-attachment":"scroll","background-type":"","background-media":"","overlay-type":"","overlay-color":"","overlay-opacity":"","overlay-gradient":""},"tablet":{"background-color":"","background-image":"","background-repeat":"repeat","background-position":"center center","background-size":"auto","background-attachment":"scroll","background-type":"","background-media":"","overlay-type":"","overlay-color":"","overlay-opacity":"","overlay-gradient":""},"mobile":{"background-color":"","background-image":"","background-repeat":"repeat","background-position":"center center","background-size":"auto","background-attachment":"scroll","background-type":"","background-media":"","overlay-type":"","overlay-color":"","overlay-opacity":"","overlay-gradient":""}},"ast-content-background-meta":{"desktop":{"background-color":"var(--ast-global-color-4)","background-image":"","background-repeat":"repeat","background-position":"center center","background-size":"auto","background-attachment":"scroll","background-type":"","background-media":"","overlay-type":"","overlay-color":"","overlay-opacity":"","overlay-gradient":""},"tablet":{"background-color":"var(--ast-global-color-4)","background-image":"","background-repeat":"repeat","background-position":"center center","background-size":"auto","background-attachment":"scroll","background-type":"","background-media":"","overlay-type":"","overlay-color":"","overlay-opacity":"","overlay-gradient":""},"mobile":{"background-color":"var(--ast-global-color-4)","background-image":"","background-repeat":"repeat","background-position":"center center","background-size":"auto","background-attachment":"scroll","background-type":"","background-media":"","overlay-type":"","overlay-color":"","overlay-opacity":"","overlay-gradient":""}},"_joinchat":[]},"product_brand":[],"product_cat":[24],"product_tag":[],"class_list":{"0":"post-579","1":"product","2":"type-product","3":"status-publish","4":"has-post-thumbnail","6":"product_cat-filtros","7":"desktop-align-left","8":"tablet-align-left","9":"mobile-align-left","11":"first","12":"instock","13":"shipping-taxable","14":"purchasable","15":"product-type-simple"},"acf":{"titulo_ingles":"DEHYDRATOR FILTER THERMO KING 610600 61-600 LRT SB210 SB3 SUPER 2 SLX","descricao_ingles":"DEHYDRATOR FILTER INCLUDES O-RINGS #7 & 10\r\n\r\nBRAND: THERMO KING\r\nPART NUMBER: 610600 (61-600) USED TO BE 66-9200\r\nOEM: 1E15348G01\r\nMEASUREMENTS: 240MM X 110MM DIAMETER\r\nCONECTIONS: 1\/2\" and 5\/8\"\r\nTYPE OF SEALING: ORS RUBBER RING\r\nREFRIGERANT TYPES: R134A R404A R407C R502 R452A R22\r\n\r\nMINCARONE RUIZ E CIA. LTDA. SINCE 1985 SERVING THE REFRIGERATED TRANSPORT MARKET\r\n\r\nTHERMO KING DEALER","titulo_espanhol":"FILTRO DESHIDRATADOR THERMO KING 610600 61-600 LRT SB210 SB3 SUPER 2 SLX","descricao_espanhol":"FILTRO DESHIDRATADOR INCLUYE JUNTAS O'RING N.\u00b0 7 Y 10\r\n\r\nMARCA: THERMO KING\r\nN\u00daMERO DE REPUESTO: 610600 (61-600) SOL\u00cdA SER 66-9200\r\nOEM: 1E15348G01\r\nMEDIDAS: 240MM X 110MM DI\u00c1METRO\r\nCONEXIONES: 1\/2\" y 5\/8\"\r\nTIPO DE SELLADO: ANILLO DE GOMA ORS\r\nTIPOS DE REFRIGERANTE: R134A R404A R407C R502 R452A R22\r\n\r\nMINCARONE RUIZ E CIA. LTDA. DESDE 1985 AL SERVICIO DEL MERCADO DEL TRANSPORTE REFRIGERADO\r\n\r\nCONCESIONARIO THERMO KING"},"_links":{"self":[{"href":"https:\/\/mincarone.net\/pt\/wp-json\/wp\/v2\/product\/579","targetHints":{"allow":["GET"]}}],"collection":[{"href":"https:\/\/mincarone.net\/pt\/wp-json\/wp\/v2\/product"}],"about":[{"href":"https:\/\/mincarone.net\/pt\/wp-json\/wp\/v2\/types\/product"}],"replies":[{"embeddable":true,"href":"https:\/\/mincarone.net\/pt\/wp-json\/wp\/v2\/comments?post=579"}],"wp:featuredmedia":[{"embeddable":true,"href":"https:\/\/mincarone.net\/pt\/wp-json\/wp\/v2\/media\/681"}],"wp:attachment":[{"href":"https:\/\/mincarone.net\/pt\/wp-json\/wp\/v2\/media?parent=579"}],"wp:term":[{"taxonomy":"product_brand","embeddable":true,"href":"https:\/\/mincarone.net\/pt\/wp-json\/wp\/v2\/product_brand?post=579"},{"taxonomy":"product_cat","embeddable":true,"href":"https:\/\/mincarone.net\/pt\/wp-json\/wp\/v2\/product_cat?post=579"},{"taxonomy":"product_tag","embeddable":true,"href":"https:\/\/mincarone.net\/pt\/wp-json\/wp\/v2\/product_tag?post=579"}],"curies":[{"name":"wp","href":"https:\/\/api.w.org\/{rel}","templated":true}]}}