{"id":5823,"date":"2024-01-02T10:54:05","date_gmt":"2024-01-02T13:54:05","guid":{"rendered":"http:\/\/net.mincarone.com.br\/produto\/bobina-valvula-solenoide-12v-thermo-king-v500-conector-femea\/"},"modified":"2026-04-10T17:45:49","modified_gmt":"2026-04-10T20:45:49","slug":"bobina-v-lvula-solenoide-12v-conector-f-mea-thermo-king-420581-42-581-v500","status":"publish","type":"product","link":"https:\/\/mincarone.net\/pt\/produto\/bobina-v-lvula-solenoide-12v-conector-f-mea-thermo-king-420581-42-581-v500\/","title":{"rendered":"BOBINA V\u00c1LVULA SOLENOIDE 12V CONECTOR F\u00caMEA THERMO KING 420581 42-581 V500"},"content":{"rendered":"<div>BOBINA V\u00c1LVULA SOLENOIDE | THERMO KING ORIGINAL<\/div>\n<div><\/div>\n<div>MARCA: THERMO KING<\/div>\n<div>REFERENCIA THERMO KING: 420581 (42-581)<\/div>\n<div>REFERENCIA DANFOSS: 042N8678<\/div>\n<div>TENS\u00c3O: 12 VOLTS<\/div>\n<div>CONECTOR: F\u00caMEA<\/div>\n<div>CONSUMO: 11W<\/div>\n<div>APLICA\u00c7\u00c3O: V300, V500, V600, V700, V800<\/div>\n<div><\/div>\n<div>MINCARONE RUIZ E CIA. LTDA. DESDE 1985 ATENDENDO O MERCADO DO TRANSPORTE REFRIGERADO<\/div>\n<div><\/div>\n<div>DISTRIBUIDOR\/DEALER THERMO KING<\/div>","protected":false},"excerpt":{"rendered":"<p>BOBINA V\u00c1LVULA SOLENOIDE | THERMO KING ORIGINAL MARCA: THERMO KING REFERENCIA THERMO KING: 420581 (42-581) REFERENCIA DANFOSS: 042N8678 TENS\u00c3O: 12 [&hellip;]<\/p>","protected":false},"featured_media":6329,"comment_status":"closed","ping_status":"closed","template":"","meta":{"_acf_changed":false,"site-sidebar-layout":"default","site-content-layout":"default","ast-site-content-layout":"default","site-content-style":"default","site-sidebar-style":"default","ast-global-header-display":"","ast-banner-title-visibility":"","ast-main-header-display":"","ast-hfb-above-header-display":"","ast-hfb-below-header-display":"","ast-hfb-mobile-header-display":"","site-post-title":"","ast-breadcrumbs-content":"","ast-featured-img":"","footer-sml-layout":"","ast-disable-related-posts":"","theme-transparent-header-meta":"default","adv-header-id-meta":"","stick-header-meta":"default","header-above-stick-meta":"","header-main-stick-meta":"","header-below-stick-meta":"","astra-migrate-meta-layouts":"default","ast-page-background-enabled":"default","ast-page-background-meta":{"desktop":{"background-color":"var(--ast-global-color-5)","background-image":"","background-repeat":"repeat","background-position":"center center","background-size":"auto","background-attachment":"scroll","background-type":"","background-media":"","overlay-type":"","overlay-color":"","overlay-opacity":"","overlay-gradient":""},"tablet":{"background-color":"","background-image":"","background-repeat":"repeat","background-position":"center center","background-size":"auto","background-attachment":"scroll","background-type":"","background-media":"","overlay-type":"","overlay-color":"","overlay-opacity":"","overlay-gradient":""},"mobile":{"background-color":"","background-image":"","background-repeat":"repeat","background-position":"center center","background-size":"auto","background-attachment":"scroll","background-type":"","background-media":"","overlay-type":"","overlay-color":"","overlay-opacity":"","overlay-gradient":""}},"ast-content-background-meta":{"desktop":{"background-color":"var(--ast-global-color-4)","background-image":"","background-repeat":"repeat","background-position":"center center","background-size":"auto","background-attachment":"scroll","background-type":"","background-media":"","overlay-type":"","overlay-color":"","overlay-opacity":"","overlay-gradient":""},"tablet":{"background-color":"var(--ast-global-color-4)","background-image":"","background-repeat":"repeat","background-position":"center center","background-size":"auto","background-attachment":"scroll","background-type":"","background-media":"","overlay-type":"","overlay-color":"","overlay-opacity":"","overlay-gradient":""},"mobile":{"background-color":"var(--ast-global-color-4)","background-image":"","background-repeat":"repeat","background-position":"center center","background-size":"auto","background-attachment":"scroll","background-type":"","background-media":"","overlay-type":"","overlay-color":"","overlay-opacity":"","overlay-gradient":""}},"_joinchat":[]},"product_brand":[],"product_cat":[64],"product_tag":[],"class_list":{"0":"post-5823","1":"product","2":"type-product","3":"status-publish","4":"has-post-thumbnail","6":"product_cat-solenoide","7":"desktop-align-left","8":"tablet-align-left","9":"mobile-align-left","11":"first","12":"instock","13":"shipping-taxable","14":"purchasable","15":"product-type-simple"},"acf":{"titulo_ingles":"COIL -SOLENOID VALVE 12V FEMALE CONNECTOR THERMO KING 420581 42-581 V500","descricao_ingles":"SOLENOID VALVE COIL\r\n\r\nBRAND: THERMO KING\r\nPART NUMBER: 420581 (42-581)\r\nDANFOSS: 042N8678\t\r\nVOLTAGE: 12 VOLTS\r\nPOWER CONSUMPTION: 11 WATTS\r\nAPPLICATION: V300, V500, V600, V700, V800\r\n\r\n\r\nMINCARONE RUIZ E CIA. LTDA. SINCE 1985 SERVING THE REFRIGERATED TRANSPORT MARKET\r\n\t\t\r\nTHERMO KING DEALER\r\n","titulo_espanhol":"BOBINA - V\u00c1LVULA SOLENOIDE 12V CONECTOR HEMBRA THERMO KING 420581 42-581 V500","descricao_espanhol":"BOBINA DE V\u00c1LVULA SOLENOIDE\r\n\r\nMARCA: THERMO KING\r\nN\u00daMERO DE REPUESTO: 420581 (42-581)\r\nDANFOSS: 042N8678\r\nVOLTAJE: 12 VOLTIOS\r\nCONSUMO DE ENERG\u00cdA: 11 VATIOS\r\nAPLICACI\u00d3N: V300, V500, V600, V700, V800\r\n\r\n\r\nMINCARONE RUIZ E CIA. LTDA. DESDE 1985 AL SERVICIO DEL MERCADO DEL TRANSPORTE REFRIGERADO\r\n\t\r\nCONCESIONARIO THERMO KING"},"_links":{"self":[{"href":"https:\/\/mincarone.net\/pt\/wp-json\/wp\/v2\/product\/5823","targetHints":{"allow":["GET"]}}],"collection":[{"href":"https:\/\/mincarone.net\/pt\/wp-json\/wp\/v2\/product"}],"about":[{"href":"https:\/\/mincarone.net\/pt\/wp-json\/wp\/v2\/types\/product"}],"replies":[{"embeddable":true,"href":"https:\/\/mincarone.net\/pt\/wp-json\/wp\/v2\/comments?post=5823"}],"wp:featuredmedia":[{"embeddable":true,"href":"https:\/\/mincarone.net\/pt\/wp-json\/wp\/v2\/media\/6329"}],"wp:attachment":[{"href":"https:\/\/mincarone.net\/pt\/wp-json\/wp\/v2\/media?parent=5823"}],"wp:term":[{"taxonomy":"product_brand","embeddable":true,"href":"https:\/\/mincarone.net\/pt\/wp-json\/wp\/v2\/product_brand?post=5823"},{"taxonomy":"product_cat","embeddable":true,"href":"https:\/\/mincarone.net\/pt\/wp-json\/wp\/v2\/product_cat?post=5823"},{"taxonomy":"product_tag","embeddable":true,"href":"https:\/\/mincarone.net\/pt\/wp-json\/wp\/v2\/product_tag?post=5823"}],"curies":[{"name":"wp","href":"https:\/\/api.w.org\/{rel}","templated":true}]}}