{"id":6773,"date":"2024-01-12T17:19:21","date_gmt":"2024-01-12T20:19:21","guid":{"rendered":"http:\/\/net.mincarone.com.br\/produto\/6773\/"},"modified":"2026-04-10T17:45:58","modified_gmt":"2026-04-10T20:45:58","slug":"etiqueta-adesiva-precau-o-thermo-king-996737-99-6737-lrt-sb-super2","status":"publish","type":"product","link":"https:\/\/mincarone.net\/pt\/produto\/etiqueta-adesiva-precau-o-thermo-king-996737-99-6737-lrt-sb-super2\/","title":{"rendered":"ETIQUETA ADESIVA PRECAU\u00c7\u00c3O THERMO KING 996737 99-6737 LRT SB SUPER2"},"content":{"rendered":"<div>ADESIVO ETIQUETA DE PRECAU\u00c7\u00c3O<\/div>\n<div><\/div>\n<div>MARCA: THERMO KING<\/div>\n<div>REFER\u00caNCIA: 996737 (99-6737)<\/div>\n<div>APLICA\u00c7\u00c3O: LRT, MD-2, SB-2, SB-3, SB-190, SB-200, SB-210, SB-230, SB-310, SB-330, SENTRY, SUPER-2, V-90<\/div>\n<div>MEDIDAS: 12,3CM\/11,6CM<\/div>\n<div><\/div>\n<div>MINCARONE RUIZ E CIA. LTDA. DESDE 1985 ATENDENDO O MERCADO DO TRANSPORTE REFRIGERADO<\/div>\n<div><\/div>\n<div>DISTRIBUIDOR\/DEALER THERMO KING<\/div>","protected":false},"excerpt":{"rendered":"<p>ADESIVO ETIQUETA DE PRECAU\u00c7\u00c3O MARCA: THERMO KING REFER\u00caNCIA: 996737 (99-6737) APLICA\u00c7\u00c3O: LRT, MD-2, SB-2, SB-3, SB-190, SB-200, SB-210, SB-230, SB-310, [&hellip;]<\/p>","protected":false},"featured_media":6778,"comment_status":"closed","ping_status":"closed","template":"","meta":{"_acf_changed":false,"site-sidebar-layout":"default","site-content-layout":"default","ast-site-content-layout":"default","site-content-style":"default","site-sidebar-style":"default","ast-global-header-display":"","ast-banner-title-visibility":"","ast-main-header-display":"","ast-hfb-above-header-display":"","ast-hfb-below-header-display":"","ast-hfb-mobile-header-display":"","site-post-title":"","ast-breadcrumbs-content":"","ast-featured-img":"","footer-sml-layout":"","ast-disable-related-posts":"","theme-transparent-header-meta":"default","adv-header-id-meta":"","stick-header-meta":"default","header-above-stick-meta":"","header-main-stick-meta":"","header-below-stick-meta":"","astra-migrate-meta-layouts":"default","ast-page-background-enabled":"default","ast-page-background-meta":{"desktop":{"background-color":"var(--ast-global-color-5)","background-image":"","background-repeat":"repeat","background-position":"center center","background-size":"auto","background-attachment":"scroll","background-type":"","background-media":"","overlay-type":"","overlay-color":"","overlay-opacity":"","overlay-gradient":""},"tablet":{"background-color":"","background-image":"","background-repeat":"repeat","background-position":"center center","background-size":"auto","background-attachment":"scroll","background-type":"","background-media":"","overlay-type":"","overlay-color":"","overlay-opacity":"","overlay-gradient":""},"mobile":{"background-color":"","background-image":"","background-repeat":"repeat","background-position":"center center","background-size":"auto","background-attachment":"scroll","background-type":"","background-media":"","overlay-type":"","overlay-color":"","overlay-opacity":"","overlay-gradient":""}},"ast-content-background-meta":{"desktop":{"background-color":"var(--ast-global-color-4)","background-image":"","background-repeat":"repeat","background-position":"center center","background-size":"auto","background-attachment":"scroll","background-type":"","background-media":"","overlay-type":"","overlay-color":"","overlay-opacity":"","overlay-gradient":""},"tablet":{"background-color":"var(--ast-global-color-4)","background-image":"","background-repeat":"repeat","background-position":"center center","background-size":"auto","background-attachment":"scroll","background-type":"","background-media":"","overlay-type":"","overlay-color":"","overlay-opacity":"","overlay-gradient":""},"mobile":{"background-color":"var(--ast-global-color-4)","background-image":"","background-repeat":"repeat","background-position":"center center","background-size":"auto","background-attachment":"scroll","background-type":"","background-media":"","overlay-type":"","overlay-color":"","overlay-opacity":"","overlay-gradient":""}},"_joinchat":[]},"product_brand":[],"product_cat":[88],"product_tag":[],"class_list":{"0":"post-6773","1":"product","2":"type-product","3":"status-publish","4":"has-post-thumbnail","6":"product_cat-etiquetas","7":"desktop-align-left","8":"tablet-align-left","9":"mobile-align-left","11":"first","12":"instock","13":"shipping-taxable","14":"purchasable","15":"product-type-simple"},"acf":{"titulo_ingles":"NAMEPLATE - \"CAUTION\" THERMO KING 996737 99-6737 LRT SB SUPER2","descricao_ingles":"CAUTION NAMEPLATE\r\n\t\r\nBRAND: THERMO KING\r\nPART NUMBER: 996737 (99-6737)\r\nAPPLICATION: LRT, MD-2, SB-2, SB-3, SB-190, SB-200, SB-210, SB-230, SB-310, SB-330, SENTRY, SUPER-2, V-90\r\nSIZE: 12,3CM\/11,6CM\r\n\r\n\r\nMINCARONE RUIZ E CIA. LTDA. SINCE 1985 SERVING THE REFRIGERATED TRANSPORT MARKET\r\n\t\t\r\nTHERMO KING DEALER\r\n","titulo_espanhol":"PLACA DE IDENTIFICACI\u00d3N: \"PRECAUCI\u00d3N\" THERMO KING 996737 99-6737 LRT SB SUPER2","descricao_espanhol":"PLACA DE IDENTIFICACI\u00d3N DE PRECAUCI\u00d3N\r\n\r\nMARCA: THERMO KING\r\nN\u00daMERO DE REPUESTO: 996737 (99-6737)\r\nAPLICACI\u00d3N: LRT, MD-2, SB-2, SB-3, SB-190, SB-200, SB-210, SB-230, SB-310, SB-330, SENTRY, SUPER-2, V-90\r\nTAMA\u00d1O: 12,3CM\/11,6CM \r\n\r\n\r\nMINCARONE RUIZ E CIA. LTDA. DESDE 1985 AL SERVICIO DEL MERCADO DEL TRANSPORTE REFRIGERADO\r\n\t\r\nCONCESIONARIO THERMO KING\r\n"},"_links":{"self":[{"href":"https:\/\/mincarone.net\/pt\/wp-json\/wp\/v2\/product\/6773","targetHints":{"allow":["GET"]}}],"collection":[{"href":"https:\/\/mincarone.net\/pt\/wp-json\/wp\/v2\/product"}],"about":[{"href":"https:\/\/mincarone.net\/pt\/wp-json\/wp\/v2\/types\/product"}],"replies":[{"embeddable":true,"href":"https:\/\/mincarone.net\/pt\/wp-json\/wp\/v2\/comments?post=6773"}],"wp:featuredmedia":[{"embeddable":true,"href":"https:\/\/mincarone.net\/pt\/wp-json\/wp\/v2\/media\/6778"}],"wp:attachment":[{"href":"https:\/\/mincarone.net\/pt\/wp-json\/wp\/v2\/media?parent=6773"}],"wp:term":[{"taxonomy":"product_brand","embeddable":true,"href":"https:\/\/mincarone.net\/pt\/wp-json\/wp\/v2\/product_brand?post=6773"},{"taxonomy":"product_cat","embeddable":true,"href":"https:\/\/mincarone.net\/pt\/wp-json\/wp\/v2\/product_cat?post=6773"},{"taxonomy":"product_tag","embeddable":true,"href":"https:\/\/mincarone.net\/pt\/wp-json\/wp\/v2\/product_tag?post=6773"}],"curies":[{"name":"wp","href":"https:\/\/api.w.org\/{rel}","templated":true}]}}