{"id":7074,"date":"2024-02-20T14:38:32","date_gmt":"2024-02-20T17:38:32","guid":{"rendered":"http:\/\/net.mincarone.com.br\/produto\/compressor-x430p-eixo-largo-thermo-king-c-manifold-8021147\/"},"modified":"2026-04-08T17:58:44","modified_gmt":"2026-04-08T20:58:44","slug":"compressor-x430p-eixo-largo-c-manifold-thermo-king-8021147-802-1147","status":"publish","type":"product","link":"https:\/\/mincarone.net\/pt\/produto\/compressor-x430p-eixo-largo-c-manifold-thermo-king-8021147-802-1147\/","title":{"rendered":"COMPRESSOR X430P EIXO LARGO C\/ MANIFOLD THERMO KING 8021147 802-1147"},"content":{"rendered":"<div>COMPRESSOR X430P EIXO LARGO COM MANIFOLD E PRESSOSTATO<\/div>\n<div><\/div>\n<div>MARCA: THERMO KING<\/div>\n<div>REFER\u00caNCIA THERMO KING: 8021147 (802-1147)<\/div>\n<div>REFRIGERANTE: R404A, R134A, R452<\/div>\n<div>APLICA\u00c7\u00d5ES THERMO KING: SLX400<\/div>\n<div><\/div>\n<div>ATEN\u00c7\u00c3O!<\/div>\n<div><\/div>\n<div>&#8211; LIMPE O SISTEMA COM R141B ANTES DA SUBSTITUI\u00c7\u00c3O;<\/div>\n<div><\/div>\n<div>&#8211; CONFIRA AS PRESS\u00d5ES DE TRABALHO, CASO NECESS\u00c1RIO SUBSTITUA A V\u00c1LVULA DE EXPANS\u00c3O;<\/div>\n<div><\/div>\n<div>-SUBSTITUA O FILTRO SECADOR;<\/div>\n<div><\/div>\n<div>-PROCURE UM INSTALADOR EXPERIENTE, DETERMINAR\u00c1 A VIDA \u00daTIL DA UNIDADE.<\/div>\n<div><\/div>\n<div>MINCARONE RUIZ E CIA. LTDA. DESDE 1985 ATENDENDO O MERCADO DO TRANSPORTE REFRIGERADO<\/div>\n<div><\/div>\n<div>DISTRIBUIDOR\/DEALER THERMO KING<\/div>","protected":false},"excerpt":{"rendered":"<p>COMPRESSOR X430P EIXO LARGO COM MANIFOLD E PRESSOSTATO MARCA: THERMO KING REFER\u00caNCIA THERMO KING: 8021147 (802-1147) REFRIGERANTE: R404A, R134A, R452 [&hellip;]<\/p>","protected":false},"featured_media":7401,"comment_status":"closed","ping_status":"closed","template":"","meta":{"_acf_changed":false,"site-sidebar-layout":"default","site-content-layout":"default","ast-site-content-layout":"default","site-content-style":"default","site-sidebar-style":"default","ast-global-header-display":"","ast-banner-title-visibility":"","ast-main-header-display":"","ast-hfb-above-header-display":"","ast-hfb-below-header-display":"","ast-hfb-mobile-header-display":"","site-post-title":"","ast-breadcrumbs-content":"","ast-featured-img":"","footer-sml-layout":"","ast-disable-related-posts":"","theme-transparent-header-meta":"default","adv-header-id-meta":"","stick-header-meta":"default","header-above-stick-meta":"","header-main-stick-meta":"","header-below-stick-meta":"","astra-migrate-meta-layouts":"default","ast-page-background-enabled":"default","ast-page-background-meta":{"desktop":{"background-color":"var(--ast-global-color-5)","background-image":"","background-repeat":"repeat","background-position":"center center","background-size":"auto","background-attachment":"scroll","background-type":"","background-media":"","overlay-type":"","overlay-color":"","overlay-opacity":"","overlay-gradient":""},"tablet":{"background-color":"","background-image":"","background-repeat":"repeat","background-position":"center center","background-size":"auto","background-attachment":"scroll","background-type":"","background-media":"","overlay-type":"","overlay-color":"","overlay-opacity":"","overlay-gradient":""},"mobile":{"background-color":"","background-image":"","background-repeat":"repeat","background-position":"center center","background-size":"auto","background-attachment":"scroll","background-type":"","background-media":"","overlay-type":"","overlay-color":"","overlay-opacity":"","overlay-gradient":""}},"ast-content-background-meta":{"desktop":{"background-color":"var(--ast-global-color-4)","background-image":"","background-repeat":"repeat","background-position":"center center","background-size":"auto","background-attachment":"scroll","background-type":"","background-media":"","overlay-type":"","overlay-color":"","overlay-opacity":"","overlay-gradient":""},"tablet":{"background-color":"var(--ast-global-color-4)","background-image":"","background-repeat":"repeat","background-position":"center center","background-size":"auto","background-attachment":"scroll","background-type":"","background-media":"","overlay-type":"","overlay-color":"","overlay-opacity":"","overlay-gradient":""},"mobile":{"background-color":"var(--ast-global-color-4)","background-image":"","background-repeat":"repeat","background-position":"center center","background-size":"auto","background-attachment":"scroll","background-type":"","background-media":"","overlay-type":"","overlay-color":"","overlay-opacity":"","overlay-gradient":""}},"_joinchat":[]},"product_brand":[],"product_cat":[20],"product_tag":[],"class_list":{"0":"post-7074","1":"product","2":"type-product","3":"status-publish","4":"has-post-thumbnail","6":"product_cat-compressores","7":"desktop-align-left","8":"tablet-align-left","9":"mobile-align-left","11":"first","12":"instock","13":"shipping-taxable","14":"purchasable","15":"product-type-simple"},"acf":{"titulo_ingles":"X430P COMPRESSOR - WIDE SHAFT W\/ MANIFOLD THERMO KING 8021147 802-1147","descricao_ingles":"X430P WIDE SHAFT COMPRESSOR WITH MANIFOLD AND PRESSURE SWITCH\r\n\t\t\r\nBRAND: THERMO KING\r\nPART NUMBER: 8021147 (802-1147)\r\nREFRIGERANT GAS TYPES: R404A, R134A, R452\r\nAPPLICATION: SLX400\r\n\t\r\nATTENTION\r\n\r\n-EXCHANGE THE COMPRESSOR OIL, CHECK THE OIL TYPE UTILIZED ON THE REFRIGERATION SYSTEM (PAG OR POLOIL);\r\n-CLEAN THE SYSTEM WITH R141B BEFORE THE INSTALLATION;\r\n-CHECK THE WORK PRESSURE, IF NECESSARY REPLACE THE EXPANSION VALVE;\r\n-REPLACE THE DRIER FILTER;\r\n-AN EXPERIENT INSTALLER WILL HELP TO PROLONG THE COMPRESSOR LIFESPAN\r\n\r\n\r\nMINCARONE RUIZ E CIA. LTDA. SINCE 1985 SERVING THE REFRIGERATED TRANSPORT MARKET\r\n\t\t\r\nTHERMO KING DEALER\r\n","titulo_espanhol":"COMPRESOR X430P - EJE ANCHO C\/ MANIFOLD THERMO KING 8021147 802-1147","descricao_espanhol":"COMPRESOR DE EJE ANCHO X430P CON COLECTOR Y PRESOSTATO\r\n\r\nMARCA: THERMO KING\r\nN\u00daMERO DE REPUESTO: 8021147 (802-1147)\r\nTIPOS DE GAS REFRIGERANTE: R404A, R134A, R452\r\nAPLICACI\u00d3N: SLX400\r\n\r\nATENCI\u00d3N\t\r\n\r\n-CAMBIAR EL ACEITE DEL COMPRESOR, VERIFICAR EL TIPO DE ACEITE UTILIZADO EN EL SISTEMA DE REFRIGERACI\u00d3N (PAG O POLOIL);\r\n-LIMPIAR EL SISTEMA CON R141B ANTES DE LA INSTALACI\u00d3N;\r\n-COMPROBAR LA PRESI\u00d3N DE TRABAJO, SI ES NECESARIO SUSTITUIR LA V\u00c1LVULA DE EXPANSI\u00d3N;\r\n-SUSTITUIR EL FILTRO SECADOR;\r\n-UN INSTALADOR EXPERIMENTADO AYUDAR\u00c1 A PROLONGAR LA VIDA \u00daTIL DEL COMPRESOR\r\n\r\n\r\nMINCARONE RUIZ E CIA. LTDA. DESDE 1985 AL SERVICIO DEL MERCADO DEL TRANSPORTE REFRIGERADO\r\n\t\r\nCONCESIONARIO THERMO KING\r\n"},"_links":{"self":[{"href":"https:\/\/mincarone.net\/pt\/wp-json\/wp\/v2\/product\/7074","targetHints":{"allow":["GET"]}}],"collection":[{"href":"https:\/\/mincarone.net\/pt\/wp-json\/wp\/v2\/product"}],"about":[{"href":"https:\/\/mincarone.net\/pt\/wp-json\/wp\/v2\/types\/product"}],"replies":[{"embeddable":true,"href":"https:\/\/mincarone.net\/pt\/wp-json\/wp\/v2\/comments?post=7074"}],"wp:featuredmedia":[{"embeddable":true,"href":"https:\/\/mincarone.net\/pt\/wp-json\/wp\/v2\/media\/7401"}],"wp:attachment":[{"href":"https:\/\/mincarone.net\/pt\/wp-json\/wp\/v2\/media?parent=7074"}],"wp:term":[{"taxonomy":"product_brand","embeddable":true,"href":"https:\/\/mincarone.net\/pt\/wp-json\/wp\/v2\/product_brand?post=7074"},{"taxonomy":"product_cat","embeddable":true,"href":"https:\/\/mincarone.net\/pt\/wp-json\/wp\/v2\/product_cat?post=7074"},{"taxonomy":"product_tag","embeddable":true,"href":"https:\/\/mincarone.net\/pt\/wp-json\/wp\/v2\/product_tag?post=7074"}],"curies":[{"name":"wp","href":"https:\/\/api.w.org\/{rel}","templated":true}]}}