{"id":7084,"date":"2024-02-20T14:38:35","date_gmt":"2024-02-20T17:38:35","guid":{"rendered":"http:\/\/net.mincarone.com.br\/produto\/compressor-sanden-5h14-5312-12v-polia-8pk\/"},"modified":"2026-04-08T17:58:34","modified_gmt":"2026-04-08T20:58:34","slug":"compressor-sanden-5h14-5312-12v-polia-8pk","status":"publish","type":"product","link":"https:\/\/mincarone.net\/pt\/produto\/compressor-sanden-5h14-5312-12v-polia-8pk\/","title":{"rendered":"COMPRESSOR SANDEN 5H14 5312 12V POLIA 8PK"},"content":{"rendered":"<div>COMPRESSOR SANDEN 5H14 | SD5S14 ORIGINAL<\/div>\n<div><\/div>\n<div>MARCA: SANDEN<\/div>\n<div>TIPO: 5H14<\/div>\n<div>MODELO: 5312<\/div>\n<div>TENS\u00c3O: 12V<\/div>\n<div>POLIA: PV8 119 MM (8PK)<\/div>\n<div>REFRIGERANTE: R134A<\/div>\n<div>PESO (KG): 7,20KG<\/div>\n<div><\/div>\n<div>ATEN\u00c7\u00c3O!<\/div>\n<div><\/div>\n<div>&#8211; TROQUE O \u00d3LEO DO COMPRESSOR, CONFIRA QUAL O TIPO DE \u00d3LEO NO SISTEMA DE REFRIGERA\u00c7\u00c3O ( PAG OU POLOIL);<\/div>\n<div><\/div>\n<div>&#8211; LIMPE O SISTEMA COM R141B ANTES DA SUBSTITUI\u00c7\u00c3O;<\/div>\n<div><\/div>\n<div>&#8211; CONFIRA AS PRESS\u00d5ES DE TRABALHO, CASO NECESS\u00c1RIO SUBSTITUA A V\u00c1LVULA DE EXPANS\u00c3O;<\/div>\n<div><\/div>\n<div>&#8211; SUBSTITUA O FILTRO SECADOR;<\/div>\n<div><\/div>\n<div>&#8211; PROCURE UM INSTALADOR EXPERIENTE, DETERMINAR\u00c1 A VIDA \u00daTIL DA UNIDADE.<\/div>\n<div><\/div>\n<div>MINCARONE, RUIZ E CIA. LTDA. DESDE 1985 ATENDENDO O MERCADO DO TRANSPORTE REFRIGERADO<\/div>","protected":false},"excerpt":{"rendered":"<p>COMPRESSOR SANDEN 5H14 | SD5S14 ORIGINAL MARCA: SANDEN TIPO: 5H14 MODELO: 5312 TENS\u00c3O: 12V POLIA: PV8 119 MM (8PK) REFRIGERANTE: [&hellip;]<\/p>","protected":false},"featured_media":7341,"comment_status":"closed","ping_status":"closed","template":"","meta":{"_acf_changed":false,"site-sidebar-layout":"default","site-content-layout":"default","ast-site-content-layout":"default","site-content-style":"default","site-sidebar-style":"default","ast-global-header-display":"","ast-banner-title-visibility":"","ast-main-header-display":"","ast-hfb-above-header-display":"","ast-hfb-below-header-display":"","ast-hfb-mobile-header-display":"","site-post-title":"","ast-breadcrumbs-content":"","ast-featured-img":"","footer-sml-layout":"","ast-disable-related-posts":"","theme-transparent-header-meta":"default","adv-header-id-meta":"","stick-header-meta":"default","header-above-stick-meta":"","header-main-stick-meta":"","header-below-stick-meta":"","astra-migrate-meta-layouts":"default","ast-page-background-enabled":"default","ast-page-background-meta":{"desktop":{"background-color":"var(--ast-global-color-5)","background-image":"","background-repeat":"repeat","background-position":"center center","background-size":"auto","background-attachment":"scroll","background-type":"","background-media":"","overlay-type":"","overlay-color":"","overlay-opacity":"","overlay-gradient":""},"tablet":{"background-color":"","background-image":"","background-repeat":"repeat","background-position":"center center","background-size":"auto","background-attachment":"scroll","background-type":"","background-media":"","overlay-type":"","overlay-color":"","overlay-opacity":"","overlay-gradient":""},"mobile":{"background-color":"","background-image":"","background-repeat":"repeat","background-position":"center center","background-size":"auto","background-attachment":"scroll","background-type":"","background-media":"","overlay-type":"","overlay-color":"","overlay-opacity":"","overlay-gradient":""}},"ast-content-background-meta":{"desktop":{"background-color":"var(--ast-global-color-4)","background-image":"","background-repeat":"repeat","background-position":"center center","background-size":"auto","background-attachment":"scroll","background-type":"","background-media":"","overlay-type":"","overlay-color":"","overlay-opacity":"","overlay-gradient":""},"tablet":{"background-color":"var(--ast-global-color-4)","background-image":"","background-repeat":"repeat","background-position":"center center","background-size":"auto","background-attachment":"scroll","background-type":"","background-media":"","overlay-type":"","overlay-color":"","overlay-opacity":"","overlay-gradient":""},"mobile":{"background-color":"var(--ast-global-color-4)","background-image":"","background-repeat":"repeat","background-position":"center center","background-size":"auto","background-attachment":"scroll","background-type":"","background-media":"","overlay-type":"","overlay-color":"","overlay-opacity":"","overlay-gradient":""}},"_joinchat":[]},"product_brand":[],"product_cat":[20],"product_tag":[],"class_list":{"0":"post-7084","1":"product","2":"type-product","3":"status-publish","4":"has-post-thumbnail","6":"product_cat-compressores","7":"desktop-align-left","8":"tablet-align-left","9":"mobile-align-left","11":"first","12":"outofstock","13":"shipping-taxable","14":"purchasable","15":"product-type-simple"},"acf":{"titulo_ingles":"SANDEN 5H14 COMPRESSOR 5312 12 VOLTS 8PK PULLEY","descricao_ingles":"5H14 COMPRESSOR\r\n\r\nBRAND: SANDEN\r\nTYPE: 5H14\t\t\r\nMODEL: 5312\t\r\nVOLTAGE: 12 VOLTS\r\nPULLEY: 8PK\r\nREFRIGERANT GAS TYPE: R134A\r\n\r\nATTENTION\r\n\r\n-EXCHANGE THE COMPRESSOR OIL, CHECK THE OIL TYPE UTILIZED ON THE REFRIGERATION SYSTEM (PAG OR POLOIL);\r\n-CLEAN THE SYSTEM WITH R141B BEFORE THE INSTALLATION;\r\n-CHECK THE WORK PRESSURE, IF NECESSARY REPLACE THE EXPANSION VALVE;\r\n-REPLACE THE DRIER FILTER;\r\n-AN EXPERIENT INSTALLER WILL HELP TO PROLONG THE COMPRESSOR LIFESPAN.\r\n\r\n\r\nMINCARONE RUIZ E CIA. LTDA. SINCE 1985 SERVING THE REFRIGERATED TRANSPORT MARKET\r\n","titulo_espanhol":"COMPRESOR SANDEN 5H14 5312 12 VOLTIOS POLEA 8PK","descricao_espanhol":"COMPRESOR 5H14\r\n\r\nMARCA: SANDEN\r\nTIPO: 5H14\t\r\nMODELO: 5312\r\nVOLTAJE: 12 VOLTIOS\r\nPOLEA: 8PK\r\nTIPO DE GAS REFRIGERANTE: R134A\r\n\r\nATENCI\u00d3N\r\n\r\n-CAMBIAR EL ACEITE DEL COMPRESOR, VERIFICAR EL TIPO DE ACEITE UTILIZADO EN EL SISTEMA DE REFRIGERACI\u00d3N (PAG O POLOIL);\r\n-LIMPIAR EL SISTEMA CON R141B ANTES DE LA INSTALACI\u00d3N;\r\n-COMPROBAR LA PRESI\u00d3N DE TRABAJO, SI ES NECESARIO SUSTITUIR LA V\u00c1LVULA DE EXPANSI\u00d3N;\r\n-SUSTITUIR EL FILTRO SECADOR;\r\n-UN INSTALADOR EXPERIMENTADO AYUDAR\u00c1 A PROLONGAR LA VIDA \u00daTIL DEL COMPRESOR.\r\n\r\n\r\nMINCARONE RUIZ E CIA. LTDA. DESDE 1985 AL SERVICIO DEL MERCADO DEL TRANSPORTE REFRIGERADO\r\n"},"_links":{"self":[{"href":"https:\/\/mincarone.net\/pt\/wp-json\/wp\/v2\/product\/7084","targetHints":{"allow":["GET"]}}],"collection":[{"href":"https:\/\/mincarone.net\/pt\/wp-json\/wp\/v2\/product"}],"about":[{"href":"https:\/\/mincarone.net\/pt\/wp-json\/wp\/v2\/types\/product"}],"replies":[{"embeddable":true,"href":"https:\/\/mincarone.net\/pt\/wp-json\/wp\/v2\/comments?post=7084"}],"wp:featuredmedia":[{"embeddable":true,"href":"https:\/\/mincarone.net\/pt\/wp-json\/wp\/v2\/media\/7341"}],"wp:attachment":[{"href":"https:\/\/mincarone.net\/pt\/wp-json\/wp\/v2\/media?parent=7084"}],"wp:term":[{"taxonomy":"product_brand","embeddable":true,"href":"https:\/\/mincarone.net\/pt\/wp-json\/wp\/v2\/product_brand?post=7084"},{"taxonomy":"product_cat","embeddable":true,"href":"https:\/\/mincarone.net\/pt\/wp-json\/wp\/v2\/product_cat?post=7084"},{"taxonomy":"product_tag","embeddable":true,"href":"https:\/\/mincarone.net\/pt\/wp-json\/wp\/v2\/product_tag?post=7084"}],"curies":[{"name":"wp","href":"https:\/\/api.w.org\/{rel}","templated":true}]}}