{"id":7119,"date":"2024-02-20T14:38:45","date_gmt":"2024-02-20T17:38:45","guid":{"rendered":"http:\/\/net.mincarone.com.br\/produto\/7119\/"},"modified":"2026-04-07T17:51:21","modified_gmt":"2026-04-07T20:51:21","slug":"grade-eletro-ventilador-spheros-valeo-034-00111-001-12-polegadas-ar-nibus","status":"publish","type":"product","link":"https:\/\/mincarone.net\/pt\/produto\/grade-eletro-ventilador-spheros-valeo-034-00111-001-12-polegadas-ar-nibus\/","title":{"rendered":"GRADE ELETRO VENTILADOR SPHEROS VALEO 034-00111-001 12 POLEGADAS AR \u00d4NIBUS"},"content":{"rendered":"<p>GRADE DE PROTE\u00c7\u00c3O ELETRO VENTILADOR 12 POLEGADAS SPHEROS VALEO<\/p>\n<p>MARCA: VALEO<br \/>\nREFERENCIA SPHEROS: 034-00111-001<br \/>\nDI\u00c2METRO: 13 POLEGADAS 280 MM PARA ELETRO DE 12 POLEGADAS<\/p>\n<p>MINCARONE, RUIZ E CIA. LTDA. DESDE 1985 ATENDENDO O MERCADO DO TRANSPORTE REFRIGERADO<\/p>","protected":false},"excerpt":{"rendered":"<p>GRADE DE PROTE\u00c7\u00c3O ELETRO VENTILADOR 12 POLEGADAS SPHEROS VALEO MARCA: VALEO REFERENCIA SPHEROS: 034-00111-001 DI\u00c2METRO: 13 POLEGADAS 280 MM PARA [&hellip;]<\/p>","protected":false},"featured_media":7152,"comment_status":"closed","ping_status":"closed","template":"","meta":{"_acf_changed":false,"site-sidebar-layout":"default","site-content-layout":"default","ast-site-content-layout":"default","site-content-style":"default","site-sidebar-style":"default","ast-global-header-display":"","ast-banner-title-visibility":"","ast-main-header-display":"","ast-hfb-above-header-display":"","ast-hfb-below-header-display":"","ast-hfb-mobile-header-display":"","site-post-title":"","ast-breadcrumbs-content":"","ast-featured-img":"","footer-sml-layout":"","ast-disable-related-posts":"","theme-transparent-header-meta":"default","adv-header-id-meta":"","stick-header-meta":"default","header-above-stick-meta":"","header-main-stick-meta":"","header-below-stick-meta":"","astra-migrate-meta-layouts":"default","ast-page-background-enabled":"default","ast-page-background-meta":{"desktop":{"background-color":"var(--ast-global-color-5)","background-image":"","background-repeat":"repeat","background-position":"center center","background-size":"auto","background-attachment":"scroll","background-type":"","background-media":"","overlay-type":"","overlay-color":"","overlay-opacity":"","overlay-gradient":""},"tablet":{"background-color":"","background-image":"","background-repeat":"repeat","background-position":"center center","background-size":"auto","background-attachment":"scroll","background-type":"","background-media":"","overlay-type":"","overlay-color":"","overlay-opacity":"","overlay-gradient":""},"mobile":{"background-color":"","background-image":"","background-repeat":"repeat","background-position":"center center","background-size":"auto","background-attachment":"scroll","background-type":"","background-media":"","overlay-type":"","overlay-color":"","overlay-opacity":"","overlay-gradient":""}},"ast-content-background-meta":{"desktop":{"background-color":"var(--ast-global-color-4)","background-image":"","background-repeat":"repeat","background-position":"center center","background-size":"auto","background-attachment":"scroll","background-type":"","background-media":"","overlay-type":"","overlay-color":"","overlay-opacity":"","overlay-gradient":""},"tablet":{"background-color":"var(--ast-global-color-4)","background-image":"","background-repeat":"repeat","background-position":"center center","background-size":"auto","background-attachment":"scroll","background-type":"","background-media":"","overlay-type":"","overlay-color":"","overlay-opacity":"","overlay-gradient":""},"mobile":{"background-color":"var(--ast-global-color-4)","background-image":"","background-repeat":"repeat","background-position":"center center","background-size":"auto","background-attachment":"scroll","background-type":"","background-media":"","overlay-type":"","overlay-color":"","overlay-opacity":"","overlay-gradient":""}},"_joinchat":[]},"product_brand":[],"product_cat":[19],"product_tag":[],"class_list":{"0":"post-7119","1":"product","2":"type-product","3":"status-publish","4":"has-post-thumbnail","6":"product_cat-eletroventiladores","7":"desktop-align-left","8":"tablet-align-left","9":"mobile-align-left","11":"first","12":"instock","13":"shipping-taxable","14":"purchasable","15":"product-type-simple"},"acf":{"titulo_ingles":"FAN PROTECTION GRID SPHEROS VALEO 034-00111-001 12 INCHES BUS AIR CONDITIONER","descricao_ingles":"12 INCHES FAN PROTECTION GRID\r\n\r\nBRAND: VALEO\t\r\nSPHEROS PART NUMBER: 034-00111-001\r\nDIAMETER: 13 INCHES 280MM\r\n\r\n\r\nMINCARONE RUIZ E CIA. LTDA. SINCE 1985 SERVING THE REFRIGERATED TRANSPORT MARKET\r\n","titulo_espanhol":"REJILLA DE PROTECCI\u00d3N DEL VENTILADOR SPHEROS VALEO 034-00111-001 AIRE ACONDICIONADO PARA AUTOB\u00daS 12 PULGADAS","descricao_espanhol":"REJILLA DE PROTECCI\u00d3N DEL VENTILADOR DE 12 PULGADAS\r\n\t\r\nMARCA: VALEO\r\nN\u00daMERO DE REPUESTO SPHEROS: 034-00111-001\r\nDI\u00c1METRO: 13 PULGADAS 280MM\r\n\r\n\r\nMINCARONE RUIZ E CIA. LTDA. DESDE 1985 AL SERVICIO DEL MERCADO DEL TRANSPORTE REFRIGERADO\r\n"},"_links":{"self":[{"href":"https:\/\/mincarone.net\/pt\/wp-json\/wp\/v2\/product\/7119","targetHints":{"allow":["GET"]}}],"collection":[{"href":"https:\/\/mincarone.net\/pt\/wp-json\/wp\/v2\/product"}],"about":[{"href":"https:\/\/mincarone.net\/pt\/wp-json\/wp\/v2\/types\/product"}],"replies":[{"embeddable":true,"href":"https:\/\/mincarone.net\/pt\/wp-json\/wp\/v2\/comments?post=7119"}],"wp:featuredmedia":[{"embeddable":true,"href":"https:\/\/mincarone.net\/pt\/wp-json\/wp\/v2\/media\/7152"}],"wp:attachment":[{"href":"https:\/\/mincarone.net\/pt\/wp-json\/wp\/v2\/media?parent=7119"}],"wp:term":[{"taxonomy":"product_brand","embeddable":true,"href":"https:\/\/mincarone.net\/pt\/wp-json\/wp\/v2\/product_brand?post=7119"},{"taxonomy":"product_cat","embeddable":true,"href":"https:\/\/mincarone.net\/pt\/wp-json\/wp\/v2\/product_cat?post=7119"},{"taxonomy":"product_tag","embeddable":true,"href":"https:\/\/mincarone.net\/pt\/wp-json\/wp\/v2\/product_tag?post=7119"}],"curies":[{"name":"wp","href":"https:\/\/api.w.org\/{rel}","templated":true}]}}