{"id":9435,"date":"2024-05-21T09:22:26","date_gmt":"2024-05-21T12:22:26","guid":{"rendered":"http:\/\/net.mincarone.com.br\/produto\/coxim-motor-thermo-king-sb210-200-230-super-2-ref-930577\/"},"modified":"2026-04-10T17:45:53","modified_gmt":"2026-04-10T20:45:53","slug":"coxim-do-motor-thermo-king-912619-91-2619-sb200-sb210-sb230-super-2","status":"publish","type":"product","link":"https:\/\/mincarone.net\/pt\/produto\/coxim-do-motor-thermo-king-912619-91-2619-sb200-sb210-sb230-super-2\/","title":{"rendered":"COXIM DO MOTOR THERMO KING 912619 91-2619 SB200 SB210 SB230 SUPER-2"},"content":{"rendered":"<p>COXIM DO MOTOR<\/p>\n<p>MARCA: THERMO KING<br \/>\nREFER\u00caNCIA THERMO KING: 912619 (91-2169) OU 914159 (91-4159) ERA 912618 (91-2618)<br \/>\nMEDIDAS: DIAMETRO EXTERNO DE 57MM, ESPESSURA DE 35MM E FURO DE 5\/8&#8243;<br \/>\nAPLICA\u00c7\u00c3O: SB2 E SB3 (01 POR MOTOR), SUPER II E SENTRY (01 POR MOTOR), OUTROS MODELOS SB (02 POR MOTOR), SLX (03 POR MOTOR)<\/p>\n<p>VENDIDO POR UNIDADE<\/p>\n<p>MINCARONE RUIZ E CIA. LTDA. DESDE 1985 ATENDENDO O MERCADO DO TRANSPORTE REFRIGERADO<\/p>\n<p>DISTRIBUIDOR\/DEALER THERMO KING<\/p>","protected":false},"excerpt":{"rendered":"<p>COXIM DO MOTOR MARCA: THERMO KING REFER\u00caNCIA THERMO KING: 912619 (91-2169) OU 914159 (91-4159) ERA 912618 (91-2618) MEDIDAS: DIAMETRO EXTERNO [&hellip;]<\/p>","protected":false},"featured_media":9543,"comment_status":"closed","ping_status":"closed","template":"","meta":{"_acf_changed":false,"site-sidebar-layout":"default","site-content-layout":"","ast-site-content-layout":"default","site-content-style":"default","site-sidebar-style":"default","ast-global-header-display":"","ast-banner-title-visibility":"","ast-main-header-display":"","ast-hfb-above-header-display":"","ast-hfb-below-header-display":"","ast-hfb-mobile-header-display":"","site-post-title":"","ast-breadcrumbs-content":"","ast-featured-img":"","footer-sml-layout":"","ast-disable-related-posts":"","theme-transparent-header-meta":"default","adv-header-id-meta":"","stick-header-meta":"default","header-above-stick-meta":"","header-main-stick-meta":"","header-below-stick-meta":"","astra-migrate-meta-layouts":"set","ast-page-background-enabled":"default","ast-page-background-meta":{"desktop":{"background-color":"var(--ast-global-color-5)","background-image":"","background-repeat":"repeat","background-position":"center center","background-size":"auto","background-attachment":"scroll","background-type":"","background-media":"","overlay-type":"","overlay-color":"","overlay-opacity":"","overlay-gradient":""},"tablet":{"background-color":"","background-image":"","background-repeat":"repeat","background-position":"center center","background-size":"auto","background-attachment":"scroll","background-type":"","background-media":"","overlay-type":"","overlay-color":"","overlay-opacity":"","overlay-gradient":""},"mobile":{"background-color":"","background-image":"","background-repeat":"repeat","background-position":"center center","background-size":"auto","background-attachment":"scroll","background-type":"","background-media":"","overlay-type":"","overlay-color":"","overlay-opacity":"","overlay-gradient":""}},"ast-content-background-meta":{"desktop":{"background-color":"var(--ast-global-color-4)","background-image":"","background-repeat":"repeat","background-position":"center center","background-size":"auto","background-attachment":"scroll","background-type":"","background-media":"","overlay-type":"","overlay-color":"","overlay-opacity":"","overlay-gradient":""},"tablet":{"background-color":"var(--ast-global-color-4)","background-image":"","background-repeat":"repeat","background-position":"center center","background-size":"auto","background-attachment":"scroll","background-type":"","background-media":"","overlay-type":"","overlay-color":"","overlay-opacity":"","overlay-gradient":""},"mobile":{"background-color":"var(--ast-global-color-4)","background-image":"","background-repeat":"repeat","background-position":"center center","background-size":"auto","background-attachment":"scroll","background-type":"","background-media":"","overlay-type":"","overlay-color":"","overlay-opacity":"","overlay-gradient":""}},"_joinchat":[]},"product_brand":[],"product_cat":[21],"product_tag":[],"class_list":{"0":"post-9435","1":"product","2":"type-product","3":"status-publish","4":"has-post-thumbnail","6":"product_cat-motor","7":"desktop-align-left","8":"tablet-align-left","9":"mobile-align-left","11":"first","12":"instock","13":"shipping-taxable","14":"purchasable","15":"product-type-simple"},"acf":{"titulo_ingles":"MOUNT - VIBRATION (OIL BASE) THERMO KING 912619 91-2619 SB200 SB210 SB230 SUPER-2","descricao_ingles":"ENGINE'S VIBRATION CUSHION\r\n\r\nBRAND: THERMO KING\r\nPART NUMBER: 912619 (91-2169) OR 914159 (91-4159) USED TO BE 912618 (91-2618)\r\nAPPLICATION: SB2 AND SB3 (01 PER ENGINE), SUPER II AND SENTRY (01 PER ENGINE), OTHER SB EQUIPMENT MODELS (02 PER ENGINE), SLX (03 PER ENGINE)\r\n\t\r\nSOLD AS UNIT\r\n\r\nMINCARONE RUIZ E CIA. LTDA. SINCE 1985 SERVING THE REFRIGERATED TRANSPORT MARKET\r\n\t\t\r\nTHERMO KING DEALER\r\n","titulo_espanhol":"SOPORTE - VIBRACI\u00d3N (BASE ACEITE) THERMO KING 912619 91-2619 SB200 SB210 SB230 SUPER-2","descricao_espanhol":"COJ\u00cdN DE VIBRACI\u00d3N DEL MOTOR\r\n\r\nMARCA: THERMO KING\r\nN\u00daMERO DE REPUESTO: 912619 (91-2169) O 914159 (91-4159) SOL\u00cdA SER 912618 (91-2618)\r\nAPLICACI\u00d3N: SB2 Y SB3 (01 POR MOTOR), SUPER II Y SENTRY (01 POR MOTOR), OTROS MODELOS DE EQUIPOS SB (02 POR MOTOR), SLX (03 POR MOTOR)\r\n\r\nVENDIDO POR UNIDAD\r\n\r\nMINCARONE RUIZ E CIA. LTDA. DESDE 1985 AL SERVICIO DEL MERCADO DEL TRANSPORTE REFRIGERADO\r\n\t\r\nCONCESIONARIO THERMO KING\r\n"},"_links":{"self":[{"href":"https:\/\/mincarone.net\/pt\/wp-json\/wp\/v2\/product\/9435","targetHints":{"allow":["GET"]}}],"collection":[{"href":"https:\/\/mincarone.net\/pt\/wp-json\/wp\/v2\/product"}],"about":[{"href":"https:\/\/mincarone.net\/pt\/wp-json\/wp\/v2\/types\/product"}],"replies":[{"embeddable":true,"href":"https:\/\/mincarone.net\/pt\/wp-json\/wp\/v2\/comments?post=9435"}],"wp:featuredmedia":[{"embeddable":true,"href":"https:\/\/mincarone.net\/pt\/wp-json\/wp\/v2\/media\/9543"}],"wp:attachment":[{"href":"https:\/\/mincarone.net\/pt\/wp-json\/wp\/v2\/media?parent=9435"}],"wp:term":[{"taxonomy":"product_brand","embeddable":true,"href":"https:\/\/mincarone.net\/pt\/wp-json\/wp\/v2\/product_brand?post=9435"},{"taxonomy":"product_cat","embeddable":true,"href":"https:\/\/mincarone.net\/pt\/wp-json\/wp\/v2\/product_cat?post=9435"},{"taxonomy":"product_tag","embeddable":true,"href":"https:\/\/mincarone.net\/pt\/wp-json\/wp\/v2\/product_tag?post=9435"}],"curies":[{"name":"wp","href":"https:\/\/api.w.org\/{rel}","templated":true}]}}